{"id":24201,"date":"2019-07-17T16:00:02","date_gmt":"2019-07-17T14:00:02","guid":{"rendered":"https:\/\/test.weyer-gruppe.com\/weyer-news\/"},"modified":"2020-04-21T12:08:28","modified_gmt":"2020-04-21T10:08:28","slug":"weyer-news","status":"publish","type":"page","link":"https:\/\/test.weyer-gruppe.com\/pl\/weyer-news\/","title":{"rendered":"weyer news"},"content":{"rendered":"[vc_row][vc_column width=&#8221;1\/2&#8243;][vc_column_text]\n<p style=\"text-align: center;\">Tutaj mo\u017cesz zapisa\u0107 si\u0119 na nasz newsletter &#8211; weyer news.<\/p>\n<p style=\"text-align: center;\">Wiadomo\u015bci weyer news s\u0105 publikowane wy\u0142\u0105cznie w j\u0119zyku niemieckim.<\/p>\n[\/vc_column_text]<div class=\"grve-element grve-align-center\"><a class=\"grve-btn grve-btn-medium grve-square grve-bg-primary-1\" href=\"#newsletteranmeldungpl\" target=\"_self\" style=\"\"><span>Zaloguj si\u0119<\/span><\/a><\/div>[\/vc_column][vc_column width=&#8221;1\/2&#8243;][vc_column_text]\n<p style=\"text-align: center;\">Wiadomo\u015bci weyera s\u0105 publikowane od ponad 20 lat.<\/p>\n<p style=\"text-align: center;\">Tutaj mo\u017cna przeczyta\u0107 poprzednie wydania (tylko po niemiecku).<\/p>\n[\/vc_column_text]<div class=\"grve-element grve-align-center\"><a class=\"grve-btn grve-btn-medium grve-square grve-bg-primary-1\" href=\"https:\/\/test.weyer-gruppe.com\/weyer-news\/\" target=\"_self\" style=\"\"><span>Zaloguj si\u0119<\/span><\/a><\/div>[\/vc_column][\/vc_row][vc_row][vc_column]<div class=\"grve-element grve-hr grve-space-divider\" style=\"\"><\/div>[vc_empty_space height=&#8221;50px&#8221;][\/vc_column][\/vc_row][vc_row][vc_column width=&#8221;1\/2&#8243;][vc_empty_space height=&#8221;2px&#8221; el_id=&#8221;newsletteranmeldungpl&#8221;][vc_empty_space height=&#8221;70px&#8221;]<div class=\"grve-element grve-box-icon grve-align-center\" style=\"\">  <div class=\"grve-icon grve-large grve-simple grve-no-shape grve-color-primary-1 fa fa-paper-plane-o\"><\/div>  <div class=\"grve-box-content\">  <\/div><\/div>[vc_column_text]\n<h5 style=\"text-align: center;\">B\u0105d\u017a zawsze na bie\u017c\u0105co.<\/h5>\n<h5 style=\"text-align: center;\">Zasubskrybuj newsletter.<\/h5>\n<h5 style=\"text-align: center;\">Zarejestruj si\u0119!<\/h5>\n[\/vc_column_text][\/vc_column][vc_column width=&#8221;1\/2&#8243;][vc_column_text]<div class=\"tnp tnp-subscription \">\n<form method=\"post\" action=\"https:\/\/test.weyer-gruppe.com\/wp-admin\/admin-ajax.php?action=tnp&amp;na=s\">\n<input type=\"hidden\" name=\"nlang\" value=\"pl\">\n<div class=\"tnp-field tnp-field-firstname\"><label for=\"tnp-1\">Imi\u0119<\/label>\n<input class=\"tnp-name\" type=\"text\" name=\"nn\" id=\"tnp-1\" value=\"\" placeholder=\"\" required><\/div>\n<div class=\"tnp-field tnp-field-surname\"><label for=\"tnp-2\">Nazwisko <\/label>\n<input class=\"tnp-surname\" type=\"text\" name=\"ns\" id=\"tnp-2\" value=\"\" placeholder=\"\" required><\/div><div class=\"tnp-field tnp-field-email\"><label for=\"tnp-3\">E-Mail<\/label>\n<input class=\"tnp-email\" type=\"email\" name=\"ne\" id=\"tnp-3\" value=\"\" placeholder=\"\" required><\/div>\n<div class=\"tnp-field tnp-field-gender\"><label for=\"tnp-4\">Salutacja<\/label>\n<select name=\"nx\" class=\"tnp-gender\" id=\"tnp-gender\" required ><option value=\"\"><\/option><option value=\"n\">r\u00f3\u017cne<\/option><option value=\"f\">Pani<\/option><option value=\"m\">Pan<\/option><\/select><\/div>\n<div class=\"tnp-field tnp-privacy-field\"><label><input type=\"checkbox\" name=\"ny\" required class=\"tnp-privacy\"> <a target=\"_blank\" href=\"https:\/\/test.weyer-gruppe.com\/datenschutzerklaerung\/\">PRZECZYTA\u0141EM POLITYK\u0118 PRYWATNO\u015aCI I ZGADZAM SI\u0118 NA NI\u0104.<\/a><\/label><\/div><div class=\"tnp-field tnp-field-button\" style=\"text-align: left\"><input class=\"tnp-submit\" type=\"submit\" value=\"Subskrybuj\" style=\"\">\n<\/div>\n<\/form>\n<\/div>\n[\/vc_column_text][\/vc_column][\/vc_row]\n","protected":false},"excerpt":{"rendered":"<p>[vc_row][vc_column width=&#8221;1\/2&#8243;][vc_column_text] Tutaj mo\u017cesz zapisa\u0107 si\u0119 na nasz newsletter &#8211; weyer news. Wiadomo\u015bci weyer news s\u0105 publikowane wy\u0142\u0105cznie w j\u0119zyku niemieckim. [\/vc_column_text][\/vc_column][vc_column width=&#8221;1\/2&#8243;][vc_column_text] Wiadomo\u015bci weyera s\u0105 publikowane od ponad 20 [&hellip;]<\/p>\n","protected":false},"author":2,"featured_media":0,"parent":0,"menu_order":0,"comment_status":"closed","ping_status":"closed","template":"","meta":{"footnotes":""},"class_list":["post-24201","page","type-page","status-publish","hentry"],"yoast_head":"<!-- This site is optimized with the Yoast SEO Premium plugin v21.6 (Yoast SEO v26.8) - https:\/\/yoast.com\/product\/yoast-seo-premium-wordpress\/ -->\n<title>weyer news - Kwartalny biuletyn informacyjny weyer gruppe [test]<\/title>\n<meta name=\"description\" content=\"Tutaj mo\u017cesz przeczyta\u0107 profesjonalne artyku\u0142y naszych in\u017cynier\u00f3w z naszych weyer news\u00f3w na r\u00f3\u017cne tematy i projekty, nad kt\u00f3rymi weyer grouppe pracuje.\" \/>\n<meta name=\"robots\" content=\"noindex, follow, max-snippet:-1, max-image-preview:large, max-video-preview:-1\" \/>\n<meta property=\"og:locale\" content=\"pl_PL\" \/>\n<meta property=\"og:type\" content=\"article\" \/>\n<meta property=\"og:title\" content=\"weyer news\" \/>\n<meta property=\"og:description\" content=\"Tutaj mo\u017cesz przeczyta\u0107 profesjonalne artyku\u0142y naszych in\u017cynier\u00f3w z naszych weyer news\u00f3w na r\u00f3\u017cne tematy i projekty, nad kt\u00f3rymi weyer grouppe pracuje.\" \/>\n<meta property=\"og:url\" content=\"https:\/\/test.weyer-gruppe.com\/pl\/weyer-news\/\" \/>\n<meta property=\"og:site_name\" content=\"weyer gruppe [test]\" \/>\n<meta property=\"article:publisher\" content=\"https:\/\/www.facebook.com\/weyergruppe\" \/>\n<meta property=\"article:modified_time\" content=\"2020-04-21T10:08:28+00:00\" \/>\n<meta name=\"twitter:card\" content=\"summary_large_image\" \/>\n<meta name=\"twitter:label1\" content=\"Szacowany czas czytania\" \/>\n\t<meta name=\"twitter:data1\" content=\"1 minuta\" \/>\n<script type=\"application\/ld+json\" class=\"yoast-schema-graph\">{\"@context\":\"https:\/\/schema.org\",\"@graph\":[{\"@type\":\"WebPage\",\"@id\":\"https:\/\/test.weyer-gruppe.com\/pl\/weyer-news\/\",\"url\":\"https:\/\/test.weyer-gruppe.com\/pl\/weyer-news\/\",\"name\":\"weyer news - Kwartalny biuletyn informacyjny weyer gruppe [test]\",\"isPartOf\":{\"@id\":\"https:\/\/test.weyer-gruppe.com\/pl\/#website\"},\"datePublished\":\"2019-07-17T14:00:02+00:00\",\"dateModified\":\"2020-04-21T10:08:28+00:00\",\"description\":\"Tutaj mo\u017cesz przeczyta\u0107 profesjonalne artyku\u0142y naszych in\u017cynier\u00f3w z naszych weyer news\u00f3w na r\u00f3\u017cne tematy i projekty, nad kt\u00f3rymi weyer grouppe pracuje.\",\"breadcrumb\":{\"@id\":\"https:\/\/test.weyer-gruppe.com\/pl\/weyer-news\/#breadcrumb\"},\"inLanguage\":\"pl-PL\",\"potentialAction\":[{\"@type\":\"ReadAction\",\"target\":[\"https:\/\/test.weyer-gruppe.com\/pl\/weyer-news\/\"]}]},{\"@type\":\"BreadcrumbList\",\"@id\":\"https:\/\/test.weyer-gruppe.com\/pl\/weyer-news\/#breadcrumb\",\"itemListElement\":[{\"@type\":\"ListItem\",\"position\":1,\"name\":\"HOME\",\"item\":\"https:\/\/test.weyer-gruppe.com\/pl\/\"},{\"@type\":\"ListItem\",\"position\":2,\"name\":\"weyer news\"}]},{\"@type\":\"WebSite\",\"@id\":\"https:\/\/test.weyer-gruppe.com\/pl\/#website\",\"url\":\"https:\/\/test.weyer-gruppe.com\/pl\/\",\"name\":\"weyer gruppe [test]\",\"description\":\"komplett. durchdacht.\",\"publisher\":{\"@id\":\"https:\/\/test.weyer-gruppe.com\/pl\/#organization\"},\"potentialAction\":[{\"@type\":\"SearchAction\",\"target\":{\"@type\":\"EntryPoint\",\"urlTemplate\":\"https:\/\/test.weyer-gruppe.com\/pl\/?s={search_term_string}\"},\"query-input\":{\"@type\":\"PropertyValueSpecification\",\"valueRequired\":true,\"valueName\":\"search_term_string\"}}],\"inLanguage\":\"pl-PL\"},{\"@type\":\"Organization\",\"@id\":\"https:\/\/test.weyer-gruppe.com\/pl\/#organization\",\"name\":\"weyer gruppe\",\"url\":\"https:\/\/test.weyer-gruppe.com\/pl\/\",\"logo\":{\"@type\":\"ImageObject\",\"inLanguage\":\"pl-PL\",\"@id\":\"https:\/\/test.weyer-gruppe.com\/pl\/#\/schema\/logo\/image\/\",\"url\":\"https:\/\/test.weyer-gruppe.com\/wp-content\/uploads\/2019\/07\/logo-weyer-gruppe-de.png\",\"contentUrl\":\"https:\/\/test.weyer-gruppe.com\/wp-content\/uploads\/2019\/07\/logo-weyer-gruppe-de.png\",\"width\":532,\"height\":513,\"caption\":\"weyer gruppe\"},\"image\":{\"@id\":\"https:\/\/test.weyer-gruppe.com\/pl\/#\/schema\/logo\/image\/\"},\"sameAs\":[\"https:\/\/www.facebook.com\/weyergruppe\",\"https:\/\/de.linkedin.com\/company\/weyer-gruppe\",\"https:\/\/www.youtube.com\/channel\/UCmZItECuW56Ih_p501_Bq8A\"]}]}<\/script>\n<!-- \/ Yoast SEO Premium plugin. -->","yoast_head_json":{"title":"weyer news - Kwartalny biuletyn informacyjny weyer gruppe [test]","description":"Tutaj mo\u017cesz przeczyta\u0107 profesjonalne artyku\u0142y naszych in\u017cynier\u00f3w z naszych weyer news\u00f3w na r\u00f3\u017cne tematy i projekty, nad kt\u00f3rymi weyer grouppe pracuje.","robots":{"index":"noindex","follow":"follow","max-snippet":"max-snippet:-1","max-image-preview":"max-image-preview:large","max-video-preview":"max-video-preview:-1"},"og_locale":"pl_PL","og_type":"article","og_title":"weyer news","og_description":"Tutaj mo\u017cesz przeczyta\u0107 profesjonalne artyku\u0142y naszych in\u017cynier\u00f3w z naszych weyer news\u00f3w na r\u00f3\u017cne tematy i projekty, nad kt\u00f3rymi weyer grouppe pracuje.","og_url":"https:\/\/test.weyer-gruppe.com\/pl\/weyer-news\/","og_site_name":"weyer gruppe [test]","article_publisher":"https:\/\/www.facebook.com\/weyergruppe","article_modified_time":"2020-04-21T10:08:28+00:00","twitter_card":"summary_large_image","twitter_misc":{"Szacowany czas czytania":"1 minuta"},"schema":{"@context":"https:\/\/schema.org","@graph":[{"@type":"WebPage","@id":"https:\/\/test.weyer-gruppe.com\/pl\/weyer-news\/","url":"https:\/\/test.weyer-gruppe.com\/pl\/weyer-news\/","name":"weyer news - Kwartalny biuletyn informacyjny weyer gruppe [test]","isPartOf":{"@id":"https:\/\/test.weyer-gruppe.com\/pl\/#website"},"datePublished":"2019-07-17T14:00:02+00:00","dateModified":"2020-04-21T10:08:28+00:00","description":"Tutaj mo\u017cesz przeczyta\u0107 profesjonalne artyku\u0142y naszych in\u017cynier\u00f3w z naszych weyer news\u00f3w na r\u00f3\u017cne tematy i projekty, nad kt\u00f3rymi weyer grouppe pracuje.","breadcrumb":{"@id":"https:\/\/test.weyer-gruppe.com\/pl\/weyer-news\/#breadcrumb"},"inLanguage":"pl-PL","potentialAction":[{"@type":"ReadAction","target":["https:\/\/test.weyer-gruppe.com\/pl\/weyer-news\/"]}]},{"@type":"BreadcrumbList","@id":"https:\/\/test.weyer-gruppe.com\/pl\/weyer-news\/#breadcrumb","itemListElement":[{"@type":"ListItem","position":1,"name":"HOME","item":"https:\/\/test.weyer-gruppe.com\/pl\/"},{"@type":"ListItem","position":2,"name":"weyer news"}]},{"@type":"WebSite","@id":"https:\/\/test.weyer-gruppe.com\/pl\/#website","url":"https:\/\/test.weyer-gruppe.com\/pl\/","name":"weyer gruppe [test]","description":"komplett. durchdacht.","publisher":{"@id":"https:\/\/test.weyer-gruppe.com\/pl\/#organization"},"potentialAction":[{"@type":"SearchAction","target":{"@type":"EntryPoint","urlTemplate":"https:\/\/test.weyer-gruppe.com\/pl\/?s={search_term_string}"},"query-input":{"@type":"PropertyValueSpecification","valueRequired":true,"valueName":"search_term_string"}}],"inLanguage":"pl-PL"},{"@type":"Organization","@id":"https:\/\/test.weyer-gruppe.com\/pl\/#organization","name":"weyer gruppe","url":"https:\/\/test.weyer-gruppe.com\/pl\/","logo":{"@type":"ImageObject","inLanguage":"pl-PL","@id":"https:\/\/test.weyer-gruppe.com\/pl\/#\/schema\/logo\/image\/","url":"https:\/\/test.weyer-gruppe.com\/wp-content\/uploads\/2019\/07\/logo-weyer-gruppe-de.png","contentUrl":"https:\/\/test.weyer-gruppe.com\/wp-content\/uploads\/2019\/07\/logo-weyer-gruppe-de.png","width":532,"height":513,"caption":"weyer gruppe"},"image":{"@id":"https:\/\/test.weyer-gruppe.com\/pl\/#\/schema\/logo\/image\/"},"sameAs":["https:\/\/www.facebook.com\/weyergruppe","https:\/\/de.linkedin.com\/company\/weyer-gruppe","https:\/\/www.youtube.com\/channel\/UCmZItECuW56Ih_p501_Bq8A"]}]}},"_links":{"self":[{"href":"https:\/\/test.weyer-gruppe.com\/pl\/wp-json\/wp\/v2\/pages\/24201","targetHints":{"allow":["GET"]}}],"collection":[{"href":"https:\/\/test.weyer-gruppe.com\/pl\/wp-json\/wp\/v2\/pages"}],"about":[{"href":"https:\/\/test.weyer-gruppe.com\/pl\/wp-json\/wp\/v2\/types\/page"}],"author":[{"embeddable":true,"href":"https:\/\/test.weyer-gruppe.com\/pl\/wp-json\/wp\/v2\/users\/2"}],"replies":[{"embeddable":true,"href":"https:\/\/test.weyer-gruppe.com\/pl\/wp-json\/wp\/v2\/comments?post=24201"}],"version-history":[{"count":0,"href":"https:\/\/test.weyer-gruppe.com\/pl\/wp-json\/wp\/v2\/pages\/24201\/revisions"}],"wp:attachment":[{"href":"https:\/\/test.weyer-gruppe.com\/pl\/wp-json\/wp\/v2\/media?parent=24201"}],"curies":[{"name":"wp","href":"https:\/\/api.w.org\/{rel}","templated":true}]}}