{"id":24112,"date":"2019-07-17T16:28:14","date_gmt":"2019-07-17T14:28:14","guid":{"rendered":"https:\/\/test.weyer-gruppe.com\/o-nas\/narzedzia-programowe\/"},"modified":"2022-10-31T10:51:52","modified_gmt":"2022-10-31T09:51:52","slug":"narzedzia-programowe","status":"publish","type":"page","link":"https:\/\/test.weyer-gruppe.com\/pl\/o-nas\/narzedzia-programowe\/","title":{"rendered":"Narz\u0119dzia programowe"},"content":{"rendered":"[vc_row][vc_column][vc_column_text]Projekty grupy weyer w dziedzinie in\u017cynierii i doradztwa s\u0105 realizowane terminowo i efektywnie przy pomocy r\u00f3\u017cnych narz\u0119dzi (oprogramowania).<\/p>\n<p>Tutaj znajduje si\u0119 przegl\u0105d u\u017cywanych przez nas narz\u0119dzi:[\/vc_column_text][vc_empty_space height=&#8221;50px&#8221;][\/vc_column][\/vc_row][vc_row][vc_column][vc_tta_accordion c_icon=&#8221;triangle&#8221; active_section=&#8221;1&#8243;][vc_tta_section title=&#8221;Planowanie 2D&#8221; tab_id=&#8221;1582795891256-44ef2fa7-b89d&#8221;][vc_column_text]\n<ul class=\"arrow-gray\">\n<li><a href=\"https:\/\/w3.siemens.com\/mcms\/plant-engineering-software\/de\/seiten\/default.aspx\" target=\"_blank\" rel=\"noreferrer noopener\">Comos PT<\/a><\/li>\n<li><a href=\"https:\/\/www.intergraph.com\/assets\/pdf\/isketch.pdf\" target=\"_blank\" rel=\"noreferrer noopener\">I-Sketch<\/a><\/li>\n<li><a href=\"https:\/\/www.autodesk.de\/store\/products\/autocad?term=1year&amp;support=basic\" target=\"_blank\" rel=\"noreferrer noopener\">AutoCAD<\/a><\/li>\n<li><a href=\"https:\/\/products.office.com\/en-us\/visio\/flowchart-software\" target=\"_blank\" rel=\"noreferrer noopener\">MS Visio<\/a><\/li>\n<li><a href=\"https:\/\/www.microstation-connect.de\/?gclid=CjwKCAjw5Kv7BRBSEiwAXGDElWIOxj6LoBmLOyv1chph5qA-lL8sws5PW_gmXYbilGQtoluUm1jjchoCAkUQAvD_BwE\">Bentley &#8211; MicroStation Connect<\/a><\/li>\n<\/ul>\n[\/vc_column_text][\/vc_tta_section][vc_tta_section title=&#8221;Planowanie 3D&#8221; tab_id=&#8221;1582795891272-12bbb1c3-68ca&#8221;][vc_column_text]\n<ul class=\"arrow-gray\">\n<li><a href=\"https:\/\/www.autodesk.com\/products\/inventor\/overview\" target=\"_blank\" rel=\"noreferrer noopener\">Inventor<\/a><\/li>\n<li><a href=\"https:\/\/www.autodesk.com\/solutions\/3d-cad-software\" target=\"_blank\" rel=\"noreferrer noopener\">AutoCAD 3D<\/a><\/li>\n<li><a href=\"https:\/\/www.microstation-connect.de\/?gclid=CjwKCAjw5Kv7BRBSEiwAXGDElWIOxj6LoBmLOyv1chph5qA-lL8sws5PW_gmXYbilGQtoluUm1jjchoCAkUQAvD_BwE\">Bentley &#8211; MicroStation Connect<\/a><\/li>\n<li><a href=\"https:\/\/www.bentley.com\/en\/products\/product-line\/plant-design-software\/openplant-pid\">Bentley &#8211; Open Plant Power PID<\/a><\/li>\n<li><a href=\"https:\/\/www.bentley.com\/en\/products\/product-line\/plant-design-software\/openplant-isometric-software\">Bentley &#8211; PlantSpace Isometrics<\/a><\/li>\n<\/ul>\n[\/vc_column_text][\/vc_tta_section][vc_tta_section title=&#8221;Planowanie EMR&#8221; tab_id=&#8221;1582795939118-3a8380f4-1934&#8243;][vc_column_text]\n<ul class=\"arrow-gray\">\n<li>AUCOPLAN<\/li>\n<li>EPLAN Electric<\/li>\n<li><a href=\"https:\/\/www.wscad.com\/\" target=\"_blank\" rel=\"noreferrer noopener\">WSCAD<\/a><\/li>\n<\/ul>\n[\/vc_column_text][\/vc_tta_section][vc_tta_section title=&#8221;Symulacja&#8221; tab_id=&#8221;1582795963208-88041946-f720&#8243;][vc_column_text]\n<ul class=\"arrow-gray\">\n<li>ChemCAD<\/li>\n<li>PRO\/II<\/li>\n<li><a href=\"https:\/\/www.aspentech.com\/products\/engineering\/aspen-plus\/\" target=\"_blank\" rel=\"noreferrer noopener\">Aspen Plus<\/a> \/ <a href=\"https:\/\/www.aspentech.com\/en\/products\/engineering\/aspen-hysys\" target=\"_blank\" rel=\"noreferrer noopener\">HYSYS<\/a><\/li>\n<li><a href=\"https:\/\/www.aspentech.com\/en\/products\/engineering\/aspen-exchanger-design-and-rating\" target=\"_blank\" rel=\"noreferrer noopener\">Aspen Heat Exchanger Design &amp; Rating<\/a><\/li>\n<li><a href=\"https:\/\/www.aspentech.com\/products\/engineering\/aspen-flare-system-analyzer\/\" target=\"_blank\" rel=\"noreferrer noopener\">Aspen Flare System Analyzer<\/a><\/li>\n<li><a href=\"https:\/\/www.aspentech.com\/en\/products\/pages\/aspen-energy-analyzer\" target=\"_blank\" rel=\"noreferrer noopener\">Aspen Energy Analyzer<\/a><\/li>\n<li>Flare net tool<\/li>\n<\/ul>\n[\/vc_column_text][\/vc_tta_section][vc_tta_section title=&#8221;Obliczenia statyczne rur&#8221; tab_id=&#8221;1582795987715-53be5e93-c9f7&#8243;][vc_column_text]\n<ul class=\"arrow-gray\">\n<li>Caesar II<\/li>\n<\/ul>\n[\/vc_column_text][\/vc_tta_section][vc_tta_section title=&#8221;Obliczanie wp\u0142ywu&#8221; tab_id=&#8221;1582796025532-f689a52c-d3a0&#8243;][vc_column_text]\n<ul class=\"arrow-gray\">\n<li>Effects<\/li>\n<li><a href=\"https:\/\/www.gexcon.com\/software\/riskcurves\/\" target=\"_blank\" rel=\"noreferrer noopener\">Riskcurves <\/a>(PDF)<\/li>\n<li><a href=\"https:\/\/www.pronuss.de\/\" target=\"_blank\" rel=\"noreferrer noopener\">ProNuSs<\/a><\/li>\n<li>MET 4.1<\/li>\n<li>e.Bex<\/li>\n<\/ul>\n[\/vc_column_text][\/vc_tta_section][vc_tta_section title=&#8221;Analizy bezpiecze\u0144stwa&#8221; tab_id=&#8221;1582796045601-c2f068f8-ec25&#8243;][vc_column_text]\n<ul class=\"arrow-gray\">\n<li><a href=\"https:\/\/www.primatech.com\/software\/phaworks\" target=\"_blank\" rel=\"noreferrer noopener\">PHAWorks<\/a><\/li>\n<li><a href=\"https:\/\/www.ihs.com\/products\/process-hazard-analysis-software-pha-pro.html\" target=\"_blank\" rel=\"noreferrer noopener\">PHA-Pro<\/a><\/li>\n<\/ul>\n[\/vc_column_text][\/vc_tta_section][vc_tta_section title=&#8221;Produkty bazy danych (w\u0142asne opracowania)&#8221; tab_id=&#8221;1582796066725-df48b05f-7ba6&#8243;][vc_column_text]\n<ul class=\"arrow-gray\">\n<li>CRISTAL<\/li>\n<li>PAKO<\/li>\n<li>VFI<\/li>\n<\/ul>\n[\/vc_column_text][\/vc_tta_section][\/vc_tta_accordion][\/vc_column][\/vc_row]\n","protected":false},"excerpt":{"rendered":"<p>[vc_row][vc_column][vc_column_text]Projekty grupy weyer w dziedzinie in\u017cynierii i doradztwa s\u0105 realizowane terminowo i efektywnie przy pomocy r\u00f3\u017cnych narz\u0119dzi (oprogramowania). Tutaj znajduje si\u0119 przegl\u0105d u\u017cywanych przez nas narz\u0119dzi:[\/vc_column_text][vc_empty_space height=&#8221;50px&#8221;][\/vc_column][\/vc_row][vc_row][vc_column][vc_tta_accordion c_icon=&#8221;triangle&#8221; active_section=&#8221;1&#8243;][vc_tta_section title=&#8221;Planowanie [&hellip;]<\/p>\n","protected":false},"author":3,"featured_media":0,"parent":23793,"menu_order":0,"comment_status":"closed","ping_status":"closed","template":"","meta":{"footnotes":""},"class_list":["post-24112","page","type-page","status-publish","hentry"],"yoast_head":"<!-- This site is optimized with the Yoast SEO Premium plugin v21.6 (Yoast SEO v26.8) - https:\/\/yoast.com\/product\/yoast-seo-premium-wordpress\/ -->\n<title>Narz\u0119dzia programowe w celu realizacji Pa\u0144stwa projekt\u00f3w - weyer gruppe [test]<\/title>\n<meta name=\"description\" content=\"Tutaj znajdziesz list\u0119 narz\u0119dzi programowych, kt\u00f3rych weyer grouppe u\u017cywa do prezentacji i symulacji Twoich projekt\u00f3w.\" \/>\n<meta name=\"robots\" content=\"noindex, follow, max-snippet:-1, max-image-preview:large, max-video-preview:-1\" \/>\n<meta property=\"og:locale\" content=\"pl_PL\" \/>\n<meta property=\"og:type\" content=\"article\" \/>\n<meta property=\"og:title\" content=\"Narz\u0119dzia programowe\" \/>\n<meta property=\"og:description\" content=\"Tutaj znajdziesz list\u0119 narz\u0119dzi programowych, kt\u00f3rych weyer grouppe u\u017cywa do prezentacji i symulacji Twoich projekt\u00f3w.\" \/>\n<meta property=\"og:url\" content=\"https:\/\/test.weyer-gruppe.com\/pl\/o-nas\/narzedzia-programowe\/\" \/>\n<meta property=\"og:site_name\" content=\"weyer gruppe [test]\" \/>\n<meta property=\"article:publisher\" content=\"https:\/\/www.facebook.com\/weyergruppe\" \/>\n<meta property=\"article:modified_time\" content=\"2022-10-31T09:51:52+00:00\" \/>\n<meta name=\"twitter:card\" content=\"summary_large_image\" \/>\n<meta name=\"twitter:label1\" content=\"Szacowany czas czytania\" \/>\n\t<meta name=\"twitter:data1\" content=\"2 minuty\" \/>\n<script type=\"application\/ld+json\" class=\"yoast-schema-graph\">{\"@context\":\"https:\/\/schema.org\",\"@graph\":[{\"@type\":\"WebPage\",\"@id\":\"https:\/\/test.weyer-gruppe.com\/pl\/o-nas\/narzedzia-programowe\/\",\"url\":\"https:\/\/test.weyer-gruppe.com\/pl\/o-nas\/narzedzia-programowe\/\",\"name\":\"Narz\u0119dzia programowe w celu realizacji Pa\u0144stwa projekt\u00f3w - weyer gruppe [test]\",\"isPartOf\":{\"@id\":\"https:\/\/test.weyer-gruppe.com\/pl\/#website\"},\"datePublished\":\"2019-07-17T14:28:14+00:00\",\"dateModified\":\"2022-10-31T09:51:52+00:00\",\"description\":\"Tutaj znajdziesz list\u0119 narz\u0119dzi programowych, kt\u00f3rych weyer grouppe u\u017cywa do prezentacji i symulacji Twoich projekt\u00f3w.\",\"breadcrumb\":{\"@id\":\"https:\/\/test.weyer-gruppe.com\/pl\/o-nas\/narzedzia-programowe\/#breadcrumb\"},\"inLanguage\":\"pl-PL\",\"potentialAction\":[{\"@type\":\"ReadAction\",\"target\":[\"https:\/\/test.weyer-gruppe.com\/pl\/o-nas\/narzedzia-programowe\/\"]}]},{\"@type\":\"BreadcrumbList\",\"@id\":\"https:\/\/test.weyer-gruppe.com\/pl\/o-nas\/narzedzia-programowe\/#breadcrumb\",\"itemListElement\":[{\"@type\":\"ListItem\",\"position\":1,\"name\":\"HOME\",\"item\":\"https:\/\/test.weyer-gruppe.com\/pl\/\"},{\"@type\":\"ListItem\",\"position\":2,\"name\":\"O nas\",\"item\":\"https:\/\/test.weyer-gruppe.com\/pl\/o-nas\/\"},{\"@type\":\"ListItem\",\"position\":3,\"name\":\"Narz\u0119dzia programowe\"}]},{\"@type\":\"WebSite\",\"@id\":\"https:\/\/test.weyer-gruppe.com\/pl\/#website\",\"url\":\"https:\/\/test.weyer-gruppe.com\/pl\/\",\"name\":\"weyer gruppe [test]\",\"description\":\"komplett. durchdacht.\",\"publisher\":{\"@id\":\"https:\/\/test.weyer-gruppe.com\/pl\/#organization\"},\"potentialAction\":[{\"@type\":\"SearchAction\",\"target\":{\"@type\":\"EntryPoint\",\"urlTemplate\":\"https:\/\/test.weyer-gruppe.com\/pl\/?s={search_term_string}\"},\"query-input\":{\"@type\":\"PropertyValueSpecification\",\"valueRequired\":true,\"valueName\":\"search_term_string\"}}],\"inLanguage\":\"pl-PL\"},{\"@type\":\"Organization\",\"@id\":\"https:\/\/test.weyer-gruppe.com\/pl\/#organization\",\"name\":\"weyer gruppe\",\"url\":\"https:\/\/test.weyer-gruppe.com\/pl\/\",\"logo\":{\"@type\":\"ImageObject\",\"inLanguage\":\"pl-PL\",\"@id\":\"https:\/\/test.weyer-gruppe.com\/pl\/#\/schema\/logo\/image\/\",\"url\":\"https:\/\/test.weyer-gruppe.com\/wp-content\/uploads\/2019\/07\/logo-weyer-gruppe-de.png\",\"contentUrl\":\"https:\/\/test.weyer-gruppe.com\/wp-content\/uploads\/2019\/07\/logo-weyer-gruppe-de.png\",\"width\":532,\"height\":513,\"caption\":\"weyer gruppe\"},\"image\":{\"@id\":\"https:\/\/test.weyer-gruppe.com\/pl\/#\/schema\/logo\/image\/\"},\"sameAs\":[\"https:\/\/www.facebook.com\/weyergruppe\",\"https:\/\/de.linkedin.com\/company\/weyer-gruppe\",\"https:\/\/www.youtube.com\/channel\/UCmZItECuW56Ih_p501_Bq8A\"]}]}<\/script>\n<!-- \/ Yoast SEO Premium plugin. -->","yoast_head_json":{"title":"Narz\u0119dzia programowe w celu realizacji Pa\u0144stwa projekt\u00f3w - weyer gruppe [test]","description":"Tutaj znajdziesz list\u0119 narz\u0119dzi programowych, kt\u00f3rych weyer grouppe u\u017cywa do prezentacji i symulacji Twoich projekt\u00f3w.","robots":{"index":"noindex","follow":"follow","max-snippet":"max-snippet:-1","max-image-preview":"max-image-preview:large","max-video-preview":"max-video-preview:-1"},"og_locale":"pl_PL","og_type":"article","og_title":"Narz\u0119dzia programowe","og_description":"Tutaj znajdziesz list\u0119 narz\u0119dzi programowych, kt\u00f3rych weyer grouppe u\u017cywa do prezentacji i symulacji Twoich projekt\u00f3w.","og_url":"https:\/\/test.weyer-gruppe.com\/pl\/o-nas\/narzedzia-programowe\/","og_site_name":"weyer gruppe [test]","article_publisher":"https:\/\/www.facebook.com\/weyergruppe","article_modified_time":"2022-10-31T09:51:52+00:00","twitter_card":"summary_large_image","twitter_misc":{"Szacowany czas czytania":"2 minuty"},"schema":{"@context":"https:\/\/schema.org","@graph":[{"@type":"WebPage","@id":"https:\/\/test.weyer-gruppe.com\/pl\/o-nas\/narzedzia-programowe\/","url":"https:\/\/test.weyer-gruppe.com\/pl\/o-nas\/narzedzia-programowe\/","name":"Narz\u0119dzia programowe w celu realizacji Pa\u0144stwa projekt\u00f3w - weyer gruppe [test]","isPartOf":{"@id":"https:\/\/test.weyer-gruppe.com\/pl\/#website"},"datePublished":"2019-07-17T14:28:14+00:00","dateModified":"2022-10-31T09:51:52+00:00","description":"Tutaj znajdziesz list\u0119 narz\u0119dzi programowych, kt\u00f3rych weyer grouppe u\u017cywa do prezentacji i symulacji Twoich projekt\u00f3w.","breadcrumb":{"@id":"https:\/\/test.weyer-gruppe.com\/pl\/o-nas\/narzedzia-programowe\/#breadcrumb"},"inLanguage":"pl-PL","potentialAction":[{"@type":"ReadAction","target":["https:\/\/test.weyer-gruppe.com\/pl\/o-nas\/narzedzia-programowe\/"]}]},{"@type":"BreadcrumbList","@id":"https:\/\/test.weyer-gruppe.com\/pl\/o-nas\/narzedzia-programowe\/#breadcrumb","itemListElement":[{"@type":"ListItem","position":1,"name":"HOME","item":"https:\/\/test.weyer-gruppe.com\/pl\/"},{"@type":"ListItem","position":2,"name":"O nas","item":"https:\/\/test.weyer-gruppe.com\/pl\/o-nas\/"},{"@type":"ListItem","position":3,"name":"Narz\u0119dzia programowe"}]},{"@type":"WebSite","@id":"https:\/\/test.weyer-gruppe.com\/pl\/#website","url":"https:\/\/test.weyer-gruppe.com\/pl\/","name":"weyer gruppe [test]","description":"komplett. durchdacht.","publisher":{"@id":"https:\/\/test.weyer-gruppe.com\/pl\/#organization"},"potentialAction":[{"@type":"SearchAction","target":{"@type":"EntryPoint","urlTemplate":"https:\/\/test.weyer-gruppe.com\/pl\/?s={search_term_string}"},"query-input":{"@type":"PropertyValueSpecification","valueRequired":true,"valueName":"search_term_string"}}],"inLanguage":"pl-PL"},{"@type":"Organization","@id":"https:\/\/test.weyer-gruppe.com\/pl\/#organization","name":"weyer gruppe","url":"https:\/\/test.weyer-gruppe.com\/pl\/","logo":{"@type":"ImageObject","inLanguage":"pl-PL","@id":"https:\/\/test.weyer-gruppe.com\/pl\/#\/schema\/logo\/image\/","url":"https:\/\/test.weyer-gruppe.com\/wp-content\/uploads\/2019\/07\/logo-weyer-gruppe-de.png","contentUrl":"https:\/\/test.weyer-gruppe.com\/wp-content\/uploads\/2019\/07\/logo-weyer-gruppe-de.png","width":532,"height":513,"caption":"weyer gruppe"},"image":{"@id":"https:\/\/test.weyer-gruppe.com\/pl\/#\/schema\/logo\/image\/"},"sameAs":["https:\/\/www.facebook.com\/weyergruppe","https:\/\/de.linkedin.com\/company\/weyer-gruppe","https:\/\/www.youtube.com\/channel\/UCmZItECuW56Ih_p501_Bq8A"]}]}},"_links":{"self":[{"href":"https:\/\/test.weyer-gruppe.com\/pl\/wp-json\/wp\/v2\/pages\/24112","targetHints":{"allow":["GET"]}}],"collection":[{"href":"https:\/\/test.weyer-gruppe.com\/pl\/wp-json\/wp\/v2\/pages"}],"about":[{"href":"https:\/\/test.weyer-gruppe.com\/pl\/wp-json\/wp\/v2\/types\/page"}],"author":[{"embeddable":true,"href":"https:\/\/test.weyer-gruppe.com\/pl\/wp-json\/wp\/v2\/users\/3"}],"replies":[{"embeddable":true,"href":"https:\/\/test.weyer-gruppe.com\/pl\/wp-json\/wp\/v2\/comments?post=24112"}],"version-history":[{"count":1,"href":"https:\/\/test.weyer-gruppe.com\/pl\/wp-json\/wp\/v2\/pages\/24112\/revisions"}],"predecessor-version":[{"id":41628,"href":"https:\/\/test.weyer-gruppe.com\/pl\/wp-json\/wp\/v2\/pages\/24112\/revisions\/41628"}],"up":[{"embeddable":true,"href":"https:\/\/test.weyer-gruppe.com\/pl\/wp-json\/wp\/v2\/pages\/23793"}],"wp:attachment":[{"href":"https:\/\/test.weyer-gruppe.com\/pl\/wp-json\/wp\/v2\/media?parent=24112"}],"curies":[{"name":"wp","href":"https:\/\/api.w.org\/{rel}","templated":true}]}}