{"id":23916,"date":"2019-12-17T12:03:12","date_gmt":"2019-12-17T11:03:12","guid":{"rendered":"https:\/\/test.weyer-gruppe.com\/projektanci-i-producenci-instalacji\/zarzadzanie-przetargami\/"},"modified":"2023-03-14T09:41:05","modified_gmt":"2023-03-14T08:41:05","slug":"zarzadzanie-przetargami","status":"publish","type":"page","link":"https:\/\/test.weyer-gruppe.com\/pl\/projektanci-i-producenci-instalacji\/zarzadzanie-przetargami\/","title":{"rendered":"Zarz\u0105dzanie przetargami"},"content":{"rendered":"[vc_row][vc_column][vc_column_text]W dziedzinie zam\u00f3wie\u0144 publicznych zleceniodawcy publiczni s\u0105 zobowi\u0105zani do stosowania licznych zasad. Niezale\u017cnie od rodzaju przyznawanych us\u0142ug, opr\u00f3cz przepis\u00f3w bud\u017cetowych i dekret\u00f3w ministerialnych nale\u017cy przestrzega\u0107 obszernych przepis\u00f3w prawa zam\u00f3wie\u0144 publicznych. Je\u017celi przepisy te nie b\u0119d\u0105 stosowane konsekwentnie lub ich stosowanie nie b\u0119dzie sprawdzane, istnieje nie tylko ryzyko nieekonomicznego wykorzystania \u015brodk\u00f3w, ale tak\u017ce ryzyko dla kierownik\u00f3w projekt\u00f3w i ca\u0142ego projektu.<\/p>\n<p>Dzi\u0119ki po\u0142\u0105czeniu kompetencji technicznych, handlowych i prawnych, kt\u00f3re mo\u017cemy realizowa\u0107 poprzez nasz\u0105 sie\u0107, jeste\u015bmy w stanie zaoferowa\u0107 klientom publicznym kompleksowe doradztwo i wsparcie projektowe.<\/p>\n<h2>Zarz\u0105dzanie przetargami<\/h2>\n<p>Cz\u0119sto skomplikowane wymogi techniczne i prawne, jak r\u00f3wnie\u017c stale zmieniaj\u0105ce si\u0119 przepisy wynikaj\u0105ce z nowych dyrektyw unijnych, ustawodawstwa krajowego i orzecznictwa utrudniaj\u0105 zleceniodawcom publicznym \u015bledzenie najnowszych regulacji. Procedury udzielania zam\u00f3wie\u0144 wi\u0105\u017c\u0105 r\u00f3wnie\u017c mo\u017cliwo\u015bci kadrowe, kt\u00f3rych nast\u0119pnie brakuje w codziennej dzia\u0142alno\u015bci. Dzi\u0119ki naszemu wieloletniemu do\u015bwiadczeniu i codziennej obs\u0142udze procedur przetargowych jeste\u015bmy w stanie zaoferowa\u0107 zleceniodawcy publicznemu kompleksowe zarz\u0105dzanie przetargami.<\/p>\n<h2>Us\u0142ugi<\/h2>\n<ul class=\"arrow-gray\">\n<li>Ustalenie prawid\u0142owej procedury udzielania zam\u00f3wie\u0144<\/li>\n<li>Organizacja i koordynacja procedury udzielania zam\u00f3wie\u0144<\/li>\n<li>Zapewnienie przestrzegania wszystkich termin\u00f3w i obowi\u0105zk\u00f3w informacyjnych<\/li>\n<li>Opracowanie specyficznych dla danego projektu katalog\u00f3w kryteri\u00f3w do oceny wniosk\u00f3w o dopuszczenie do udzia\u0142u i ofert<\/li>\n<li>Ocena wniosk\u00f3w o dopuszczenie do udzia\u0142u i ofert<\/li>\n<li>Organizacja i realizacja spotka\u0144 oferent\u00f3w<\/li>\n<li>Pe\u0142na i zrozumia\u0142a dokumentacja wszystkich krok\u00f3w proceduralnych<\/li>\n<li>Doradztwo we wszystkich istotnych dla projektu kwestiach zgodnie z prawem zam\u00f3wie\u0144 publicznych, prawem cenowym i wymogami specjalistycznymi<\/li>\n<\/ul>\n<h2>Kontrola przydzielania zam\u00f3wie\u0144 publicznych<\/h2>\n<p>Kontrola przydzielania mo\u017ce by\u0107 przeprowadzona jako kontrola towarzysz\u0105ca lub uzupe\u0142niaj\u0105ca. Podczas kontroli towarzysz\u0105cej procedura jest analizowana i oceniana w sekcjach w odpowiednim czasie. W przypadku niezgodno\u015bci wydawane s\u0105 zalecenia dotycz\u0105ce dzia\u0142a\u0144 w ramach dalszej procedury. Ma to t\u0119 zalet\u0119, \u017ce mo\u017cna wywiera\u0107 wp\u0142yw na wz\u00f3r procedury udzielania zam\u00f3wie\u0144, aby unikn\u0105\u0107 ewentualnych b\u0142\u0119d\u00f3w proceduralnych.<\/p>\n<p>Kontrola uzupe\u0142niaj\u0105ca (ex post) jest przeprowadzana dopiero po zako\u0144czeniu ca\u0142ej procedury. Chocia\u017c mo\u017cliwe jest zidentyfikowanie b\u0142\u0119d\u00f3w proceduralnych i przeniesienie wynik\u00f3w na przysz\u0142e projekty, nie mo\u017cna ich ju\u017c skorygowa\u0107 w obecnym projekcie.<\/p>\n<h2>Us\u0142ugi<\/h2>\n<ul class=\"arrow-gray\">\n<li>Kontrola towarzysz\u0105ca<\/li>\n<li>Optymalizacja procedury poprzez szybk\u0105 analiz\u0119 etap\u00f3w procedury przed rozpocz\u0119ciem kolejnej sekcji<\/li>\n<li>Monitorowanie zgodno\u015bci ze wszystkimi specyfikacjami maj\u0105cymi znaczenie dla udzielania zam\u00f3wie\u0144<\/li>\n<li>Doradztwo we wszystkich kwestiach zwi\u0105zanych z projektem<\/li>\n<li>Kontrola uzupe\u0142niaj\u0105ca (kontrola ex post)<\/li>\n<li>Analiza wszystkich etap\u00f3w procedury<\/li>\n<li>Wykrywanie nieprawid\u0142owo\u015bci<\/li>\n<li>Zalecenia dla przysz\u0142ych projekt\u00f3w<\/li>\n<\/ul>\n<h2>Analiza i optymalizacja systemu przydzielania zam\u00f3wie\u0144 zleceniodawcy<\/h2>\n<p>Ten obszar us\u0142ug obejmuje og\u00f3lne badanie i ocen\u0119 proces\u00f3w zam\u00f3wie\u0144. Na podstawie wybranych indywidualnych przypadk\u00f3w procesy zam\u00f3wie\u0144 s\u0105 rejestrowane, analizowane i oceniane.<\/p>\n<p>Celem jest optymalizacja proces\u00f3w zaopatrzenia i unikni\u0119cie b\u0142\u0119d\u00f3w proceduralnych dzi\u0119ki jasnym i wi\u0105\u017c\u0105cym przepisom.<\/p>\n<h2>Us\u0142ugi<\/h2>\n<ul class=\"arrow-gray\">\n<li>Post\u0119powanie wyja\u015bniaj\u0105ce w sprawie podstawowej procedury udzielania zam\u00f3wie\u0144<\/li>\n<li>Analiza ryzyka i s\u0142abych punkt\u00f3w<\/li>\n<li>Zalecenia dotycz\u0105ce optymalizacji i minimalizacji ryzyka<\/li>\n<li>Opracowanie wewn\u0119trznych wytycznych dotycz\u0105cych zam\u00f3wie\u0144 w celu okre\u015blenia procedur i obowi\u0105zk\u00f3w<\/li>\n<\/ul>\n[\/vc_column_text][\/vc_column][\/vc_row][vc_row bg_type=&#8221;color&#8221; font_color=&#8221;#ffffff&#8221; bg_color=&#8221;#0b3c80&#8243;][vc_column]<div class=\"grve-element grve-hr grve-space-divider\" style=\"\"><\/div><div class=\"grve-element grve-image-text\" style=\"\">  <div class=\"grve-content grve-align-right\">    <h6>weyer specjalny: Zarz\u0105dzanie przetargami<\/h6>  <p>W dziedzinie zam\u00f3wie\u0144 publicznych zleceniodawcy publiczni s\u0105 zobowi\u0105zani do stosowania licznych zasad. Niezale\u017cnie od rodzaju przyznawanych us\u0142ug, opr\u00f3cz rozporz\u0105dze\u0144 bud\u017cetowych i dekret\u00f3w ministerialnych, nale\u017cy przestrzega\u0107 obszernych przepis\u00f3w prawa zam\u00f3wie\u0144 publicznych&#8230;<\/p>    <a href=\"https:\/\/test.weyer-gruppe.com\/wp-content\/uploads\/2020\/02\/weyer-spezial-ausschreibungsmanagement.pdf\" target=\"_blank\" class=\"grve-read-more \">Pobierz weyer spezial tutaj<\/a>  <\/div><div class=\"grve-image\"><img decoding=\"async\" width=\"250\" height=\"354\" src=\"https:\/\/test.weyer-gruppe.com\/wp-content\/uploads\/2019\/07\/weyer-spezial-weyer-gruppe-ausschreibungsmanagement.jpg\" class=\"attachment-full size-full\" alt=\"weyer spezial zum Thema Ausschreibungsmanagement\" srcset=\"\" \/><\/div><\/div><div class=\"grve-element grve-hr grve-space-divider\" style=\"\"><\/div>[\/vc_column][\/vc_row][vc_row][vc_column]<div class=\"grve-element grve-hr grve-space-divider\" style=\"\"><\/div><h3 class=\"grve-element grve-align-left grve-title-no-line grve-h3\" style=\"\"><span>Nasz zesp\u00f3\u0142<\/span><\/h3>[\/vc_column][\/vc_row][vc_row][vc_column width=&#8221;1\/4&#8243; tablet_sm_width=&#8221;1-2&#8243;]\r\n\t\t<div class=\"grve-team grve-element\" style=\"\">\r\n\t\t\t<figure class=\"grve-image-hover grve-style-1 grve-zoom-in\">\r\n\t\t\t\t<div class=\"grve-team-person grve-media grve-dark-overlay grve-opacity-60\">\r\n\t\t\t\t\t<img decoding=\"async\" width=\"300\" height=\"299\" src=\"https:\/\/test.weyer-gruppe.com\/wp-content\/uploads\/2023\/03\/Plenz_2021.jpg\" class=\"attachment-grve-image-small-square size-grve-image-small-square\" alt=\"Michael_Plenz\" srcset=\"https:\/\/test.weyer-gruppe.com\/wp-content\/uploads\/2023\/03\/Plenz_2021.jpg 300w, https:\/\/test.weyer-gruppe.com\/wp-content\/uploads\/2023\/03\/Plenz_2021-150x150.jpg 150w, https:\/\/test.weyer-gruppe.com\/wp-content\/uploads\/2023\/03\/Plenz_2021-80x80.jpg 80w\" sizes=\"(max-width: 300px) 100vw, 300px\" \/>\t\t\t\t<\/div>\r\n\t\t\t\t<figcaption>\r\n\t\t\t\t\t<div class=\"grve-team-description\">\r\n\t\t\t\t\t\t\t\t\t\t\t\t<h4 class=\"grve-team-name grve-dark grve-h4\">Michael Plenz<\/h4>\r\n\t\t\t\t\t\t\t\t\t\t\t\t<small class=\"grve-team-identity grve-dark\">BDO Technik- und Umweltconsulting<\/small>\r\n\t\t\t\t\t<\/div>\r\n\t\t\t\t\t\t\t\t\t\t<div class=\"grve-team-social grve-team-social-text grve-dark\">\r\n\t\t\t\t\t\t<ul>\r\n\t\t\t\t\t\t\t<li><a href=\"mailto:&#109;.&#112;&#108;&#101;&#110;&#122;&#64;&#119;&#101;&#121;e&#114;&#45;&#103;&#114;&#117;pp&#101;&#46;c&#111;m\">E-mail<\/a><\/li>\t\t\t\t\t\t<\/ul>\r\n\t\t\t\t\t<\/div>\r\n\t\t\t\t\t\t\t\t\t<\/figcaption>\r\n\t\t\t<\/figure>\r\n\t\t<\/div>\r\n\r\n\t\t[\/vc_column][vc_column width=&#8221;1\/4&#8243;][\/vc_column][vc_column width=&#8221;1\/4&#8243; tablet_sm_width=&#8221;1-2&#8243;][\/vc_column][vc_column width=&#8221;1\/4&#8243; tablet_sm_width=&#8221;1-2&#8243;][\/vc_column][\/vc_row]\n","protected":false},"excerpt":{"rendered":"<p>[vc_row][vc_column][vc_column_text]W dziedzinie zam\u00f3wie\u0144 publicznych zleceniodawcy publiczni s\u0105 zobowi\u0105zani do stosowania licznych zasad. Niezale\u017cnie od rodzaju przyznawanych us\u0142ug, opr\u00f3cz przepis\u00f3w bud\u017cetowych i dekret\u00f3w ministerialnych nale\u017cy przestrzega\u0107 obszernych przepis\u00f3w prawa zam\u00f3wie\u0144 publicznych. [&hellip;]<\/p>\n","protected":false},"author":3,"featured_media":0,"parent":23877,"menu_order":0,"comment_status":"closed","ping_status":"closed","template":"","meta":{"footnotes":""},"class_list":["post-23916","page","type-page","status-publish","hentry"],"yoast_head":"<!-- This site is optimized with the Yoast SEO Premium plugin v21.6 (Yoast SEO v26.8) - https:\/\/yoast.com\/product\/yoast-seo-premium-wordpress\/ -->\n<title>Zarz\u0105dzanie przetargami - weyer gruppe [test]<\/title>\n<meta name=\"robots\" content=\"noindex, follow\" \/>\n<meta property=\"og:locale\" content=\"pl_PL\" \/>\n<meta property=\"og:type\" content=\"article\" \/>\n<meta property=\"og:title\" content=\"Zarz\u0105dzanie przetargami\" \/>\n<meta property=\"og:description\" content=\"[vc_row][vc_column][vc_column_text]W dziedzinie zam\u00f3wie\u0144 publicznych zleceniodawcy publiczni s\u0105 zobowi\u0105zani do stosowania licznych zasad. Niezale\u017cnie od rodzaju przyznawanych us\u0142ug, opr\u00f3cz przepis\u00f3w bud\u017cetowych i dekret\u00f3w ministerialnych nale\u017cy przestrzega\u0107 obszernych przepis\u00f3w prawa zam\u00f3wie\u0144 publicznych. [&hellip;]\" \/>\n<meta property=\"og:url\" content=\"https:\/\/test.weyer-gruppe.com\/pl\/projektanci-i-producenci-instalacji\/zarzadzanie-przetargami\/\" \/>\n<meta property=\"og:site_name\" content=\"weyer gruppe [test]\" \/>\n<meta property=\"article:publisher\" content=\"https:\/\/www.facebook.com\/weyergruppe\" \/>\n<meta property=\"article:modified_time\" content=\"2023-03-14T08:41:05+00:00\" \/>\n<meta name=\"twitter:card\" content=\"summary_large_image\" \/>\n<meta name=\"twitter:label1\" content=\"Szacowany czas czytania\" \/>\n\t<meta name=\"twitter:data1\" content=\"3 minuty\" \/>\n<script type=\"application\/ld+json\" class=\"yoast-schema-graph\">{\"@context\":\"https:\/\/schema.org\",\"@graph\":[{\"@type\":\"WebPage\",\"@id\":\"https:\/\/test.weyer-gruppe.com\/pl\/projektanci-i-producenci-instalacji\/zarzadzanie-przetargami\/\",\"url\":\"https:\/\/test.weyer-gruppe.com\/pl\/projektanci-i-producenci-instalacji\/zarzadzanie-przetargami\/\",\"name\":\"Zarz\u0105dzanie przetargami - weyer gruppe [test]\",\"isPartOf\":{\"@id\":\"https:\/\/test.weyer-gruppe.com\/pl\/#website\"},\"datePublished\":\"2019-12-17T11:03:12+00:00\",\"dateModified\":\"2023-03-14T08:41:05+00:00\",\"breadcrumb\":{\"@id\":\"https:\/\/test.weyer-gruppe.com\/pl\/projektanci-i-producenci-instalacji\/zarzadzanie-przetargami\/#breadcrumb\"},\"inLanguage\":\"pl-PL\",\"potentialAction\":[{\"@type\":\"ReadAction\",\"target\":[\"https:\/\/test.weyer-gruppe.com\/pl\/projektanci-i-producenci-instalacji\/zarzadzanie-przetargami\/\"]}]},{\"@type\":\"BreadcrumbList\",\"@id\":\"https:\/\/test.weyer-gruppe.com\/pl\/projektanci-i-producenci-instalacji\/zarzadzanie-przetargami\/#breadcrumb\",\"itemListElement\":[{\"@type\":\"ListItem\",\"position\":1,\"name\":\"HOME\",\"item\":\"https:\/\/test.weyer-gruppe.com\/pl\/\"},{\"@type\":\"ListItem\",\"position\":2,\"name\":\"Projektanci i producenci instalacji\",\"item\":\"https:\/\/test.weyer-gruppe.com\/pl\/projektanci-i-producenci-instalacji\/\"},{\"@type\":\"ListItem\",\"position\":3,\"name\":\"Zarz\u0105dzanie przetargami\"}]},{\"@type\":\"WebSite\",\"@id\":\"https:\/\/test.weyer-gruppe.com\/pl\/#website\",\"url\":\"https:\/\/test.weyer-gruppe.com\/pl\/\",\"name\":\"weyer gruppe [test]\",\"description\":\"komplett. durchdacht.\",\"publisher\":{\"@id\":\"https:\/\/test.weyer-gruppe.com\/pl\/#organization\"},\"potentialAction\":[{\"@type\":\"SearchAction\",\"target\":{\"@type\":\"EntryPoint\",\"urlTemplate\":\"https:\/\/test.weyer-gruppe.com\/pl\/?s={search_term_string}\"},\"query-input\":{\"@type\":\"PropertyValueSpecification\",\"valueRequired\":true,\"valueName\":\"search_term_string\"}}],\"inLanguage\":\"pl-PL\"},{\"@type\":\"Organization\",\"@id\":\"https:\/\/test.weyer-gruppe.com\/pl\/#organization\",\"name\":\"weyer gruppe\",\"url\":\"https:\/\/test.weyer-gruppe.com\/pl\/\",\"logo\":{\"@type\":\"ImageObject\",\"inLanguage\":\"pl-PL\",\"@id\":\"https:\/\/test.weyer-gruppe.com\/pl\/#\/schema\/logo\/image\/\",\"url\":\"https:\/\/test.weyer-gruppe.com\/wp-content\/uploads\/2019\/07\/logo-weyer-gruppe-de.png\",\"contentUrl\":\"https:\/\/test.weyer-gruppe.com\/wp-content\/uploads\/2019\/07\/logo-weyer-gruppe-de.png\",\"width\":532,\"height\":513,\"caption\":\"weyer gruppe\"},\"image\":{\"@id\":\"https:\/\/test.weyer-gruppe.com\/pl\/#\/schema\/logo\/image\/\"},\"sameAs\":[\"https:\/\/www.facebook.com\/weyergruppe\",\"https:\/\/de.linkedin.com\/company\/weyer-gruppe\",\"https:\/\/www.youtube.com\/channel\/UCmZItECuW56Ih_p501_Bq8A\"]}]}<\/script>\n<!-- \/ Yoast SEO Premium plugin. -->","yoast_head_json":{"title":"Zarz\u0105dzanie przetargami - weyer gruppe [test]","robots":{"index":"noindex","follow":"follow"},"og_locale":"pl_PL","og_type":"article","og_title":"Zarz\u0105dzanie przetargami","og_description":"[vc_row][vc_column][vc_column_text]W dziedzinie zam\u00f3wie\u0144 publicznych zleceniodawcy publiczni s\u0105 zobowi\u0105zani do stosowania licznych zasad. Niezale\u017cnie od rodzaju przyznawanych us\u0142ug, opr\u00f3cz przepis\u00f3w bud\u017cetowych i dekret\u00f3w ministerialnych nale\u017cy przestrzega\u0107 obszernych przepis\u00f3w prawa zam\u00f3wie\u0144 publicznych. [&hellip;]","og_url":"https:\/\/test.weyer-gruppe.com\/pl\/projektanci-i-producenci-instalacji\/zarzadzanie-przetargami\/","og_site_name":"weyer gruppe [test]","article_publisher":"https:\/\/www.facebook.com\/weyergruppe","article_modified_time":"2023-03-14T08:41:05+00:00","twitter_card":"summary_large_image","twitter_misc":{"Szacowany czas czytania":"3 minuty"},"schema":{"@context":"https:\/\/schema.org","@graph":[{"@type":"WebPage","@id":"https:\/\/test.weyer-gruppe.com\/pl\/projektanci-i-producenci-instalacji\/zarzadzanie-przetargami\/","url":"https:\/\/test.weyer-gruppe.com\/pl\/projektanci-i-producenci-instalacji\/zarzadzanie-przetargami\/","name":"Zarz\u0105dzanie przetargami - weyer gruppe [test]","isPartOf":{"@id":"https:\/\/test.weyer-gruppe.com\/pl\/#website"},"datePublished":"2019-12-17T11:03:12+00:00","dateModified":"2023-03-14T08:41:05+00:00","breadcrumb":{"@id":"https:\/\/test.weyer-gruppe.com\/pl\/projektanci-i-producenci-instalacji\/zarzadzanie-przetargami\/#breadcrumb"},"inLanguage":"pl-PL","potentialAction":[{"@type":"ReadAction","target":["https:\/\/test.weyer-gruppe.com\/pl\/projektanci-i-producenci-instalacji\/zarzadzanie-przetargami\/"]}]},{"@type":"BreadcrumbList","@id":"https:\/\/test.weyer-gruppe.com\/pl\/projektanci-i-producenci-instalacji\/zarzadzanie-przetargami\/#breadcrumb","itemListElement":[{"@type":"ListItem","position":1,"name":"HOME","item":"https:\/\/test.weyer-gruppe.com\/pl\/"},{"@type":"ListItem","position":2,"name":"Projektanci i producenci instalacji","item":"https:\/\/test.weyer-gruppe.com\/pl\/projektanci-i-producenci-instalacji\/"},{"@type":"ListItem","position":3,"name":"Zarz\u0105dzanie przetargami"}]},{"@type":"WebSite","@id":"https:\/\/test.weyer-gruppe.com\/pl\/#website","url":"https:\/\/test.weyer-gruppe.com\/pl\/","name":"weyer gruppe [test]","description":"komplett. durchdacht.","publisher":{"@id":"https:\/\/test.weyer-gruppe.com\/pl\/#organization"},"potentialAction":[{"@type":"SearchAction","target":{"@type":"EntryPoint","urlTemplate":"https:\/\/test.weyer-gruppe.com\/pl\/?s={search_term_string}"},"query-input":{"@type":"PropertyValueSpecification","valueRequired":true,"valueName":"search_term_string"}}],"inLanguage":"pl-PL"},{"@type":"Organization","@id":"https:\/\/test.weyer-gruppe.com\/pl\/#organization","name":"weyer gruppe","url":"https:\/\/test.weyer-gruppe.com\/pl\/","logo":{"@type":"ImageObject","inLanguage":"pl-PL","@id":"https:\/\/test.weyer-gruppe.com\/pl\/#\/schema\/logo\/image\/","url":"https:\/\/test.weyer-gruppe.com\/wp-content\/uploads\/2019\/07\/logo-weyer-gruppe-de.png","contentUrl":"https:\/\/test.weyer-gruppe.com\/wp-content\/uploads\/2019\/07\/logo-weyer-gruppe-de.png","width":532,"height":513,"caption":"weyer gruppe"},"image":{"@id":"https:\/\/test.weyer-gruppe.com\/pl\/#\/schema\/logo\/image\/"},"sameAs":["https:\/\/www.facebook.com\/weyergruppe","https:\/\/de.linkedin.com\/company\/weyer-gruppe","https:\/\/www.youtube.com\/channel\/UCmZItECuW56Ih_p501_Bq8A"]}]}},"_links":{"self":[{"href":"https:\/\/test.weyer-gruppe.com\/pl\/wp-json\/wp\/v2\/pages\/23916","targetHints":{"allow":["GET"]}}],"collection":[{"href":"https:\/\/test.weyer-gruppe.com\/pl\/wp-json\/wp\/v2\/pages"}],"about":[{"href":"https:\/\/test.weyer-gruppe.com\/pl\/wp-json\/wp\/v2\/types\/page"}],"author":[{"embeddable":true,"href":"https:\/\/test.weyer-gruppe.com\/pl\/wp-json\/wp\/v2\/users\/3"}],"replies":[{"embeddable":true,"href":"https:\/\/test.weyer-gruppe.com\/pl\/wp-json\/wp\/v2\/comments?post=23916"}],"version-history":[{"count":2,"href":"https:\/\/test.weyer-gruppe.com\/pl\/wp-json\/wp\/v2\/pages\/23916\/revisions"}],"predecessor-version":[{"id":45362,"href":"https:\/\/test.weyer-gruppe.com\/pl\/wp-json\/wp\/v2\/pages\/23916\/revisions\/45362"}],"up":[{"embeddable":true,"href":"https:\/\/test.weyer-gruppe.com\/pl\/wp-json\/wp\/v2\/pages\/23877"}],"wp:attachment":[{"href":"https:\/\/test.weyer-gruppe.com\/pl\/wp-json\/wp\/v2\/media?parent=23916"}],"curies":[{"name":"wp","href":"https:\/\/api.w.org\/{rel}","templated":true}]}}