{"id":23779,"date":"2019-08-05T09:36:36","date_gmt":"2019-08-05T07:36:36","guid":{"rendered":"https:\/\/test.weyer-gruppe.com\/kultura-planowania-zarzadzanie-konkurencja-i-przydzialem-zlecen\/"},"modified":"2020-04-15T16:01:11","modified_gmt":"2020-04-15T14:01:11","slug":"kultura-planowania-zarzadzanie-konkurencja-i-przydzialem-zlecen","status":"publish","type":"page","link":"https:\/\/test.weyer-gruppe.com\/pl\/operatorzy-instalacji-i-inwestorzy\/kultura-planowania-zarzadzanie-konkurencja-i-przydzialem-zlecen\/","title":{"rendered":"Kultura planowania: zarz\u0105dzanie konkurencj\u0105 i przydzia\u0142em zlece\u0144"},"content":{"rendered":"[vc_row][vc_column][vc_column_text]Z\u0142o\u017cone urbanistyczne procesy rozwoju sk\u0142adaj\u0105 si\u0119 z wielu r\u00f3\u017cnych i cz\u0119\u015bciowo wsp\u00f3\u0142zale\u017cnych zada\u0144. Do realizacji tych proces\u00f3w rozwojowych niezb\u0119dne s\u0105 obiektywne i przejrzyste procedury konkursowe i przydzia\u0142 zlece\u0144 oraz zarz\u0105dzanie nimi. W rezultacie te formy udzielania zam\u00f3wie\u0144 zapewniaj\u0105 wi\u0105\u017c\u0105c\u0105 i rzeteln\u0105 podstaw\u0119 do podejmowania decyzji dotycz\u0105cych realizacji danego procesu rozwoju.<\/p>\n<p>Doradzamy klientom publicznym i prywatnym w zakresie wdra\u017cania i zarz\u0105dzania procedurami konkursowymi i przydzia\u0142u zlece\u0144. Zgodnie z prawem zam\u00f3wie\u0144 publicznych oraz wytycznymi dotycz\u0105cymi konkurs\u00f3w planistycznych dla stowarzysze\u0144 architektonicznych przeprowadzamy procedury w \u015bcis\u0142ej wsp\u00f3\u0142pracy z klientem w spos\u00f3b w\u0142a\u015bciwy i zgodny z prawem.<\/p>\n<h2>Us\u0142ugi<\/h2>\n<ul class=\"arrow-gray\">\n<li class=\"first-child\">Doradztwo proceduralne klientowi<\/li>\n<li>Przygotowanie opis\u00f3w us\u0142ug<\/li>\n<li>Okre\u015blenie kryteri\u00f3w oceny; opracowanie kryteri\u00f3w wyboru i kwalifikowalno\u015bci zwi\u0105zanych z zadaniami<\/li>\n<li>Techniczna i ekonomiczna ocena ofert i koncepcji<\/li>\n<li>Przeprowadzanie rozm\u00f3w z oferentami i negocjacje<\/li>\n<li class=\"last-child\">Przygotowanie rekomendacji dotycz\u0105cej przydzia\u0142u zlecenia wraz z dokumentacj\u0105<\/li>\n<li class=\"last-child\">Zarz\u0105dzanie procedurami konkursowymi i przydzia\u0142u zlece\u0144: og\u00f3lnoeuropejskie procedury wyboru inwestor\u00f3w, dialogi konkurencyjne, konkursy na realizacj\u0119 wed\u0142ug <a href=\"https:\/\/www.bmi.bund.de\/SharedDocs\/downloads\/DE\/veroeffentlichungen\/2013\/richtlinie-planungswettbewerbe.pdf?__blob=publicationFile&amp;v=2\" target=\"_blank\" rel=\"noopener noreferrer\">RPW 2013<\/a> itp.<\/li>\n<\/ul>\n[\/vc_column_text][\/vc_column][\/vc_row][vc_row bg_type=&#8221;color&#8221; bg_color=&#8221;#0b3c80&#8243;][vc_column css=&#8221;.vc_custom_1564045335899{background-color: #0b3c80 !important;}&#8221;]<div class=\"grve-element grve-hr grve-space-divider\" style=\"\"><\/div><div class=\"grve-element grve-image-text\" style=\"\">  <div class=\"grve-content grve-align-right\">    <h6>weyer spezial: Rozw\u00f3j obszar\u00f3w miejskich i urbanistyka<\/h6>  <p> <span style=\"color: #ffffff\">Podstawowe warunki i przes\u0142anki s\u0105 zawsze r\u00f3\u017cne w ka\u017cdej gminie i w ka\u017cdej dzielnicy, dlatego te\u017c musz\u0105 by\u0107 zawsze rozpatrywane indywidualnie i w ich wzajemnych relacjach. I to jest to, o co nam chodzi! Skuteczne doradztwo w zakresie rozwoju obszar\u00f3w miejskich oznacza pokazanie niezawodnych i elastycznych rozwi\u0105za\u0144 r\u00f3\u017cnorodnych kwestii, a tym samym metodycznie uzasadnionych i zorientowanych na praktyk\u0119 z jednego \u017ar\u00f3d\u0142a. Zgodnie z t\u0105 filozofi\u0105 oferujemy wraz z naszym interdyscyplinarnym zespo\u0142em urbanist\u00f3w, architekt\u00f3w, architekt\u00f3w&#8230;<\/span><\/p>    <a href=\"https:\/\/test.weyer-gruppe.com\/wp-content\/uploads\/2019\/07\/weyer-spezial-stadtentwicklung-stadtplanung-0416.pdf\" target=\"_blank\" class=\"grve-read-more \">Pobierz weyer spezial tutaj<\/a>  <\/div><div class=\"grve-image\"><img decoding=\"async\" width=\"625\" height=\"625\" src=\"https:\/\/test.weyer-gruppe.com\/wp-content\/uploads\/2019\/07\/weyer-spezial-weyer-gruppe-stadtentwicklung-stadtplanung.jpg\" class=\"attachment-full size-full\" alt=\"weyer spezial zum Thema Stadtentwicklung und Stadtplanung\" srcset=\"https:\/\/test.weyer-gruppe.com\/wp-content\/uploads\/2019\/07\/weyer-spezial-weyer-gruppe-stadtentwicklung-stadtplanung.jpg 625w, https:\/\/test.weyer-gruppe.com\/wp-content\/uploads\/2019\/07\/weyer-spezial-weyer-gruppe-stadtentwicklung-stadtplanung-300x300.jpg 300w, https:\/\/test.weyer-gruppe.com\/wp-content\/uploads\/2019\/07\/weyer-spezial-weyer-gruppe-stadtentwicklung-stadtplanung-150x150.jpg 150w, https:\/\/test.weyer-gruppe.com\/wp-content\/uploads\/2019\/07\/weyer-spezial-weyer-gruppe-stadtentwicklung-stadtplanung-80x80.jpg 80w, https:\/\/test.weyer-gruppe.com\/wp-content\/uploads\/2019\/07\/weyer-spezial-weyer-gruppe-stadtentwicklung-stadtplanung-560x560.jpg 560w\" sizes=\"(max-width: 625px) 100vw, 625px\" \/><\/div><\/div><div class=\"grve-element grve-hr grve-space-divider\" style=\"\"><\/div>[\/vc_column][\/vc_row][vc_row][vc_column]<div class=\"grve-element grve-hr grve-space-divider\" style=\"\"><\/div>[vc_column_text]\n<h3>Nasz zesp\u00f3\u0142<\/h3>\n[\/vc_column_text][\/vc_column][\/vc_row][vc_row][vc_column width=&#8221;1\/4&#8243; tablet_sm_width=&#8221;1-2&#8243;]\r\n\t\t<div class=\"grve-team grve-element\" style=\"\">\r\n\t\t\t<figure class=\"grve-image-hover grve-style-1 grve-zoom-in\">\r\n\t\t\t\t<div class=\"grve-team-person grve-media grve-dark-overlay grve-opacity-60\">\r\n\t\t\t\t\t<img decoding=\"async\" width=\"300\" height=\"300\" src=\"https:\/\/test.weyer-gruppe.com\/wp-content\/uploads\/2019\/07\/martina-kloehn-pr-2022-1.jpg\" class=\"attachment-large size-large\" alt=\"Foto von Martina Kl\u00f6hn der PROBIOTEC GmbH\" srcset=\"https:\/\/test.weyer-gruppe.com\/wp-content\/uploads\/2019\/07\/martina-kloehn-pr-2022-1.jpg 300w, https:\/\/test.weyer-gruppe.com\/wp-content\/uploads\/2019\/07\/martina-kloehn-pr-2022-1-150x150.jpg 150w, https:\/\/test.weyer-gruppe.com\/wp-content\/uploads\/2019\/07\/martina-kloehn-pr-2022-1-80x80.jpg 80w\" sizes=\"(max-width: 300px) 100vw, 300px\" \/>\t\t\t\t<\/div>\r\n\t\t\t\t<figcaption>\r\n\t\t\t\t\t<div class=\"grve-team-description\">\r\n\t\t\t\t\t\t\t\t\t\t\t\t<h4 class=\"grve-team-name grve-dark grve-h4\">Martina Kl\u00f6hn<\/h4>\r\n\t\t\t\t\t\t\t\t\t\t\t\t<small class=\"grve-team-identity grve-dark\">Probiotec<\/small>\r\n\t\t\t\t\t<\/div>\r\n\t\t\t\t\t\t\t\t\t\t<div class=\"grve-team-social grve-team-social-text grve-dark\">\r\n\t\t\t\t\t\t<ul>\r\n\t\t\t\t\t\t\t<li><a href=\"mailto:&#109;&#46;k&#108;&#111;&#101;&#104;&#110;&#64;w&#101;y&#101;&#114;-g&#114;up&#112;&#101;&#46;&#99;o&#109;\">E-mail<\/a><\/li>\t\t\t\t\t\t<\/ul>\r\n\t\t\t\t\t<\/div>\r\n\t\t\t\t\t\t\t\t\t<\/figcaption>\r\n\t\t\t<\/figure>\r\n\t\t<\/div>\r\n\r\n\t\t[\/vc_column][vc_column width=&#8221;1\/4&#8243; tablet_sm_width=&#8221;1-2&#8243;][\/vc_column][vc_column width=&#8221;1\/4&#8243; tablet_sm_width=&#8221;1-2&#8243;][\/vc_column][vc_column width=&#8221;1\/4&#8243; tablet_sm_width=&#8221;1-2&#8243;][\/vc_column][\/vc_row][vc_row][vc_column]<div class=\"grve-element grve-hr grve-space-divider\" style=\"\"><\/div>[\/vc_column][\/vc_row]\n","protected":false},"excerpt":{"rendered":"<p>[vc_row][vc_column][vc_column_text]Z\u0142o\u017cone urbanistyczne procesy rozwoju sk\u0142adaj\u0105 si\u0119 z wielu r\u00f3\u017cnych i cz\u0119\u015bciowo wsp\u00f3\u0142zale\u017cnych zada\u0144. Do realizacji tych proces\u00f3w rozwojowych niezb\u0119dne s\u0105 obiektywne i przejrzyste procedury konkursowe i przydzia\u0142 zlece\u0144 oraz zarz\u0105dzanie [&hellip;]<\/p>\n","protected":false},"author":3,"featured_media":0,"parent":23842,"menu_order":0,"comment_status":"closed","ping_status":"closed","template":"","meta":{"footnotes":""},"class_list":["post-23779","page","type-page","status-publish","hentry"],"yoast_head":"<!-- This site is optimized with the Yoast SEO Premium plugin v21.6 (Yoast SEO v26.8) - https:\/\/yoast.com\/product\/yoast-seo-premium-wordpress\/ -->\n<title>Zarz\u0105dzanie procedurami konkursowymi i udzielania zam\u00f3wie\u0144 \u2013 grupa weyer<\/title>\n<meta name=\"description\" content=\"Grupa weyer wspiera miasta i gminy w zarz\u0105dzaniu rozwojem obszar\u00f3w miejskich w zakresie procedur konkursowych i udzielania zam\u00f3wie\u0144 zgodnie z prawem zam\u00f3wie\u0144 publicznych.\" \/>\n<meta name=\"robots\" content=\"noindex, follow\" \/>\n<meta property=\"og:locale\" content=\"pl_PL\" \/>\n<meta property=\"og:type\" content=\"article\" \/>\n<meta property=\"og:title\" content=\"Kultura planowania: zarz\u0105dzanie konkurencj\u0105 i przydzia\u0142em zlece\u0144\" \/>\n<meta property=\"og:description\" content=\"Grupa weyer wspiera miasta i gminy w zarz\u0105dzaniu rozwojem obszar\u00f3w miejskich w zakresie procedur konkursowych i udzielania zam\u00f3wie\u0144 zgodnie z prawem zam\u00f3wie\u0144 publicznych.\" \/>\n<meta property=\"og:url\" content=\"https:\/\/test.weyer-gruppe.com\/pl\/operatorzy-instalacji-i-inwestorzy\/kultura-planowania-zarzadzanie-konkurencja-i-przydzialem-zlecen\/\" \/>\n<meta property=\"og:site_name\" content=\"weyer gruppe [test]\" \/>\n<meta property=\"article:publisher\" content=\"https:\/\/www.facebook.com\/weyergruppe\" \/>\n<meta property=\"article:modified_time\" content=\"2020-04-15T14:01:11+00:00\" \/>\n<meta name=\"twitter:card\" content=\"summary_large_image\" \/>\n<meta name=\"twitter:label1\" content=\"Szacowany czas czytania\" \/>\n\t<meta name=\"twitter:data1\" content=\"2 minuty\" \/>\n<script type=\"application\/ld+json\" class=\"yoast-schema-graph\">{\"@context\":\"https:\/\/schema.org\",\"@graph\":[{\"@type\":\"WebPage\",\"@id\":\"https:\/\/test.weyer-gruppe.com\/pl\/operatorzy-instalacji-i-inwestorzy\/kultura-planowania-zarzadzanie-konkurencja-i-przydzialem-zlecen\/\",\"url\":\"https:\/\/test.weyer-gruppe.com\/pl\/operatorzy-instalacji-i-inwestorzy\/kultura-planowania-zarzadzanie-konkurencja-i-przydzialem-zlecen\/\",\"name\":\"Zarz\u0105dzanie procedurami konkursowymi i udzielania zam\u00f3wie\u0144 \u2013 grupa weyer\",\"isPartOf\":{\"@id\":\"https:\/\/test.weyer-gruppe.com\/pl\/#website\"},\"datePublished\":\"2019-08-05T07:36:36+00:00\",\"dateModified\":\"2020-04-15T14:01:11+00:00\",\"description\":\"Grupa weyer wspiera miasta i gminy w zarz\u0105dzaniu rozwojem obszar\u00f3w miejskich w zakresie procedur konkursowych i udzielania zam\u00f3wie\u0144 zgodnie z prawem zam\u00f3wie\u0144 publicznych.\",\"breadcrumb\":{\"@id\":\"https:\/\/test.weyer-gruppe.com\/pl\/operatorzy-instalacji-i-inwestorzy\/kultura-planowania-zarzadzanie-konkurencja-i-przydzialem-zlecen\/#breadcrumb\"},\"inLanguage\":\"pl-PL\",\"potentialAction\":[{\"@type\":\"ReadAction\",\"target\":[\"https:\/\/test.weyer-gruppe.com\/pl\/operatorzy-instalacji-i-inwestorzy\/kultura-planowania-zarzadzanie-konkurencja-i-przydzialem-zlecen\/\"]}]},{\"@type\":\"BreadcrumbList\",\"@id\":\"https:\/\/test.weyer-gruppe.com\/pl\/operatorzy-instalacji-i-inwestorzy\/kultura-planowania-zarzadzanie-konkurencja-i-przydzialem-zlecen\/#breadcrumb\",\"itemListElement\":[{\"@type\":\"ListItem\",\"position\":1,\"name\":\"HOME\",\"item\":\"https:\/\/test.weyer-gruppe.com\/pl\/\"},{\"@type\":\"ListItem\",\"position\":2,\"name\":\"Operatorzy instalacji i inwestorzy\",\"item\":\"https:\/\/test.weyer-gruppe.com\/pl\/operatorzy-instalacji-i-inwestorzy\/\"},{\"@type\":\"ListItem\",\"position\":3,\"name\":\"Kultura planowania: zarz\u0105dzanie konkurencj\u0105 i przydzia\u0142em zlece\u0144\"}]},{\"@type\":\"WebSite\",\"@id\":\"https:\/\/test.weyer-gruppe.com\/pl\/#website\",\"url\":\"https:\/\/test.weyer-gruppe.com\/pl\/\",\"name\":\"weyer gruppe [test]\",\"description\":\"komplett. durchdacht.\",\"publisher\":{\"@id\":\"https:\/\/test.weyer-gruppe.com\/pl\/#organization\"},\"potentialAction\":[{\"@type\":\"SearchAction\",\"target\":{\"@type\":\"EntryPoint\",\"urlTemplate\":\"https:\/\/test.weyer-gruppe.com\/pl\/?s={search_term_string}\"},\"query-input\":{\"@type\":\"PropertyValueSpecification\",\"valueRequired\":true,\"valueName\":\"search_term_string\"}}],\"inLanguage\":\"pl-PL\"},{\"@type\":\"Organization\",\"@id\":\"https:\/\/test.weyer-gruppe.com\/pl\/#organization\",\"name\":\"weyer gruppe\",\"url\":\"https:\/\/test.weyer-gruppe.com\/pl\/\",\"logo\":{\"@type\":\"ImageObject\",\"inLanguage\":\"pl-PL\",\"@id\":\"https:\/\/test.weyer-gruppe.com\/pl\/#\/schema\/logo\/image\/\",\"url\":\"https:\/\/test.weyer-gruppe.com\/wp-content\/uploads\/2019\/07\/logo-weyer-gruppe-de.png\",\"contentUrl\":\"https:\/\/test.weyer-gruppe.com\/wp-content\/uploads\/2019\/07\/logo-weyer-gruppe-de.png\",\"width\":532,\"height\":513,\"caption\":\"weyer gruppe\"},\"image\":{\"@id\":\"https:\/\/test.weyer-gruppe.com\/pl\/#\/schema\/logo\/image\/\"},\"sameAs\":[\"https:\/\/www.facebook.com\/weyergruppe\",\"https:\/\/de.linkedin.com\/company\/weyer-gruppe\",\"https:\/\/www.youtube.com\/channel\/UCmZItECuW56Ih_p501_Bq8A\"]}]}<\/script>\n<!-- \/ Yoast SEO Premium plugin. -->","yoast_head_json":{"title":"Zarz\u0105dzanie procedurami konkursowymi i udzielania zam\u00f3wie\u0144 \u2013 grupa weyer","description":"Grupa weyer wspiera miasta i gminy w zarz\u0105dzaniu rozwojem obszar\u00f3w miejskich w zakresie procedur konkursowych i udzielania zam\u00f3wie\u0144 zgodnie z prawem zam\u00f3wie\u0144 publicznych.","robots":{"index":"noindex","follow":"follow"},"og_locale":"pl_PL","og_type":"article","og_title":"Kultura planowania: zarz\u0105dzanie konkurencj\u0105 i przydzia\u0142em zlece\u0144","og_description":"Grupa weyer wspiera miasta i gminy w zarz\u0105dzaniu rozwojem obszar\u00f3w miejskich w zakresie procedur konkursowych i udzielania zam\u00f3wie\u0144 zgodnie z prawem zam\u00f3wie\u0144 publicznych.","og_url":"https:\/\/test.weyer-gruppe.com\/pl\/operatorzy-instalacji-i-inwestorzy\/kultura-planowania-zarzadzanie-konkurencja-i-przydzialem-zlecen\/","og_site_name":"weyer gruppe [test]","article_publisher":"https:\/\/www.facebook.com\/weyergruppe","article_modified_time":"2020-04-15T14:01:11+00:00","twitter_card":"summary_large_image","twitter_misc":{"Szacowany czas czytania":"2 minuty"},"schema":{"@context":"https:\/\/schema.org","@graph":[{"@type":"WebPage","@id":"https:\/\/test.weyer-gruppe.com\/pl\/operatorzy-instalacji-i-inwestorzy\/kultura-planowania-zarzadzanie-konkurencja-i-przydzialem-zlecen\/","url":"https:\/\/test.weyer-gruppe.com\/pl\/operatorzy-instalacji-i-inwestorzy\/kultura-planowania-zarzadzanie-konkurencja-i-przydzialem-zlecen\/","name":"Zarz\u0105dzanie procedurami konkursowymi i udzielania zam\u00f3wie\u0144 \u2013 grupa weyer","isPartOf":{"@id":"https:\/\/test.weyer-gruppe.com\/pl\/#website"},"datePublished":"2019-08-05T07:36:36+00:00","dateModified":"2020-04-15T14:01:11+00:00","description":"Grupa weyer wspiera miasta i gminy w zarz\u0105dzaniu rozwojem obszar\u00f3w miejskich w zakresie procedur konkursowych i udzielania zam\u00f3wie\u0144 zgodnie z prawem zam\u00f3wie\u0144 publicznych.","breadcrumb":{"@id":"https:\/\/test.weyer-gruppe.com\/pl\/operatorzy-instalacji-i-inwestorzy\/kultura-planowania-zarzadzanie-konkurencja-i-przydzialem-zlecen\/#breadcrumb"},"inLanguage":"pl-PL","potentialAction":[{"@type":"ReadAction","target":["https:\/\/test.weyer-gruppe.com\/pl\/operatorzy-instalacji-i-inwestorzy\/kultura-planowania-zarzadzanie-konkurencja-i-przydzialem-zlecen\/"]}]},{"@type":"BreadcrumbList","@id":"https:\/\/test.weyer-gruppe.com\/pl\/operatorzy-instalacji-i-inwestorzy\/kultura-planowania-zarzadzanie-konkurencja-i-przydzialem-zlecen\/#breadcrumb","itemListElement":[{"@type":"ListItem","position":1,"name":"HOME","item":"https:\/\/test.weyer-gruppe.com\/pl\/"},{"@type":"ListItem","position":2,"name":"Operatorzy instalacji i inwestorzy","item":"https:\/\/test.weyer-gruppe.com\/pl\/operatorzy-instalacji-i-inwestorzy\/"},{"@type":"ListItem","position":3,"name":"Kultura planowania: zarz\u0105dzanie konkurencj\u0105 i przydzia\u0142em zlece\u0144"}]},{"@type":"WebSite","@id":"https:\/\/test.weyer-gruppe.com\/pl\/#website","url":"https:\/\/test.weyer-gruppe.com\/pl\/","name":"weyer gruppe [test]","description":"komplett. durchdacht.","publisher":{"@id":"https:\/\/test.weyer-gruppe.com\/pl\/#organization"},"potentialAction":[{"@type":"SearchAction","target":{"@type":"EntryPoint","urlTemplate":"https:\/\/test.weyer-gruppe.com\/pl\/?s={search_term_string}"},"query-input":{"@type":"PropertyValueSpecification","valueRequired":true,"valueName":"search_term_string"}}],"inLanguage":"pl-PL"},{"@type":"Organization","@id":"https:\/\/test.weyer-gruppe.com\/pl\/#organization","name":"weyer gruppe","url":"https:\/\/test.weyer-gruppe.com\/pl\/","logo":{"@type":"ImageObject","inLanguage":"pl-PL","@id":"https:\/\/test.weyer-gruppe.com\/pl\/#\/schema\/logo\/image\/","url":"https:\/\/test.weyer-gruppe.com\/wp-content\/uploads\/2019\/07\/logo-weyer-gruppe-de.png","contentUrl":"https:\/\/test.weyer-gruppe.com\/wp-content\/uploads\/2019\/07\/logo-weyer-gruppe-de.png","width":532,"height":513,"caption":"weyer gruppe"},"image":{"@id":"https:\/\/test.weyer-gruppe.com\/pl\/#\/schema\/logo\/image\/"},"sameAs":["https:\/\/www.facebook.com\/weyergruppe","https:\/\/de.linkedin.com\/company\/weyer-gruppe","https:\/\/www.youtube.com\/channel\/UCmZItECuW56Ih_p501_Bq8A"]}]}},"_links":{"self":[{"href":"https:\/\/test.weyer-gruppe.com\/pl\/wp-json\/wp\/v2\/pages\/23779","targetHints":{"allow":["GET"]}}],"collection":[{"href":"https:\/\/test.weyer-gruppe.com\/pl\/wp-json\/wp\/v2\/pages"}],"about":[{"href":"https:\/\/test.weyer-gruppe.com\/pl\/wp-json\/wp\/v2\/types\/page"}],"author":[{"embeddable":true,"href":"https:\/\/test.weyer-gruppe.com\/pl\/wp-json\/wp\/v2\/users\/3"}],"replies":[{"embeddable":true,"href":"https:\/\/test.weyer-gruppe.com\/pl\/wp-json\/wp\/v2\/comments?post=23779"}],"version-history":[{"count":0,"href":"https:\/\/test.weyer-gruppe.com\/pl\/wp-json\/wp\/v2\/pages\/23779\/revisions"}],"up":[{"embeddable":true,"href":"https:\/\/test.weyer-gruppe.com\/pl\/wp-json\/wp\/v2\/pages\/23842"}],"wp:attachment":[{"href":"https:\/\/test.weyer-gruppe.com\/pl\/wp-json\/wp\/v2\/media?parent=23779"}],"curies":[{"name":"wp","href":"https:\/\/api.w.org\/{rel}","templated":true}]}}