{"id":23697,"date":"2019-08-05T09:05:03","date_gmt":"2019-08-05T07:05:03","guid":{"rendered":"https:\/\/test.weyer-gruppe.com\/techniczna-srodowiskowa-analiza-due-diligence\/"},"modified":"2023-03-14T11:58:57","modified_gmt":"2023-03-14T10:58:57","slug":"techniczna-srodowiskowa-analiza-due-diligence","status":"publish","type":"page","link":"https:\/\/test.weyer-gruppe.com\/pl\/operatorzy-instalacji-i-inwestorzy\/techniczna-srodowiskowa-analiza-due-diligence\/","title":{"rendered":"Techniczna \/ \u015brodowiskowa analiza due diligence"},"content":{"rendered":"[vc_row][vc_column][vc_column_text]\n<h2>Us\u0142ugi<\/h2>\n<p><strong>Analiza \u015brodowiskowa due diligence<\/strong>: Identyfikacja i kwantyfikacja ryzyka, kt\u00f3re mo\u017ce wynika\u0107 z dzia\u0142alno\u015bci przedsi\u0119biorstwa maj\u0105cej znaczenie dla \u015brodowiska, np.:<\/p>\n<ul class=\"arrow-gray\">\n<li>badanie zgodno\u015bci w zakresie ryzyka niezb\u0119dnych wydatk\u00f3w na ochron\u0119 \u015brodowiska (np. modernizacja w celu kontroli imisji)<\/li>\n<li>ryzyko zwi\u0105zane z odpowiedzialno\u015bci\u0105 za \u201etrwa\u0142e ska\u017cenie gruntu\u201d<\/li>\n<li>opracowanie zalece\u0144 dotycz\u0105cych zarz\u0105dzania ryzykiem<\/li>\n<li>kwestie zatwierdzania koncepcji dzia\u0142ania w zakresie zarz\u0105dzania przedsi\u0119biorstwem<\/li>\n<\/ul>\n<p><strong>Analiza techniczna due diligence<\/strong>: Gromadzenie informacji i ocena stanu i potencja\u0142u w odniesieniu do proces\u00f3w tworzenia warto\u015bci dodanej (odniesienie do produkcji)<\/p>\n<ul class=\"arrow-gray\">\n<li>Stan techniczny proces\u00f3w i instalacji produkcyjnych<\/li>\n<li>Okre\u015blenie stanu budynku i prognoza koszt\u00f3w napraw i konserwacji<\/li>\n<li>Zdolno\u015b\u0107 produkcyjna i wykorzystanie instalacji technicznych<\/li>\n<li>Efektywno\u015b\u0107 przebieg\u00f3w<\/li>\n<li>Aspekty bezpiecze\u0144stwa<\/li>\n<li>Ochrona przeciwpo\u017carowa, ochrona przeciwwybuchowa<\/li>\n<li>Specyfikacja i jako\u015b\u0107 produktu, zarz\u0105dzanie jako\u015bci\u0105<\/li>\n<li>Personel<\/li>\n<li>Zalety i wady lokalizacyjne<\/li>\n<\/ul>\n<h2><\/h2>\n<h2>Pa\u0144stwa korzy\u015bci<\/h2>\n<ul class=\"arrow-gray\">\n<li>\u015acis\u0142e powi\u0105zanie <strong>technicznej \/ \u015brodowiskowej analizy due diligence<\/strong>z analiz\u0105 finansow\u0105\/prawn\u0105 w zintegrowanych zespo\u0142ach<\/li>\n<li>Ukierunkowany przydzia\u0142 \u015brodk\u00f3w<\/li>\n<li>Unikanie powielania pracy; zamiast tego, w niekt\u00f3rych obszarach, stosowanie nak\u0142adania si\u0119 temat\u00f3w w celu zwi\u0119kszenia wiarygodno\u015bci informacji<\/li>\n<li>Po\u0142\u0105czona dokumentacja wynik\u00f3w w sensie pe\u0142nego przegl\u0105du<\/li>\n<li>Koordynacja tre\u015bci w dobrze skoordynowanym interdyscyplinarnym zespole<\/li>\n<li>Bez nieko\u0144cz\u0105cych si\u0119 pyta\u0144\/list kontrolnych i podw\u00f3jnego wysi\u0142ku<\/li>\n<\/ul>\n[\/vc_column_text][\/vc_column][\/vc_row][vc_row][vc_column]<div class=\"grve-element grve-hr grve-space-divider\" style=\"\"><\/div><h3 class=\"grve-element grve-align-left grve-title-no-line grve-h3\" style=\"\"><span>Nasz zesp\u00f3\u0142<\/span><\/h3>[\/vc_column][\/vc_row][vc_row][vc_column width=&#8221;1\/4&#8243; tablet_sm_width=&#8221;1-2&#8243;]\r\n\t\t<div class=\"grve-team grve-element\" style=\"\">\r\n\t\t\t<figure class=\"grve-image-hover grve-style-1 grve-zoom-in\">\r\n\t\t\t\t<div class=\"grve-team-person grve-media grve-dark-overlay grve-opacity-60\">\r\n\t\t\t\t\t<img decoding=\"async\" width=\"300\" height=\"300\" src=\"https:\/\/test.weyer-gruppe.com\/wp-content\/uploads\/2019\/07\/pr-kai-steffens.jpg\" class=\"attachment-grve-image-small-square size-grve-image-small-square\" alt=\"Zdj\u0119cie pracownika Dr. Kai Steffens z BDO TUC GmbH und PROBIOTEC GmbH\" \/>\t\t\t\t<\/div>\r\n\t\t\t\t<figcaption>\r\n\t\t\t\t\t<div class=\"grve-team-description\">\r\n\t\t\t\t\t\t\t\t\t\t\t\t<h4 class=\"grve-team-name grve-dark grve-h4\">Dr.-Ing. Kai Steffens<\/h4>\r\n\t\t\t\t\t\t\t\t\t\t\t\t<small class=\"grve-team-identity grve-dark\">BDO Technik- und Umweltconsulting<\/small>\r\n\t\t\t\t\t<\/div>\r\n\t\t\t\t\t\t\t\t\t\t<div class=\"grve-team-social grve-team-social-text grve-dark\">\r\n\t\t\t\t\t\t<ul>\r\n\t\t\t\t\t\t\t<li><a href=\"mailto:&#107;&#46;s&#116;&#101;ffe&#110;s&#64;we&#121;&#101;r&#45;&#103;rup&#112;&#101;.co&#109;\">E-mail<\/a><\/li>\t\t\t\t\t\t<\/ul>\r\n\t\t\t\t\t<\/div>\r\n\t\t\t\t\t\t\t\t\t<\/figcaption>\r\n\t\t\t<\/figure>\r\n\t\t<\/div>\r\n\r\n\t\t[\/vc_column][vc_column width=&#8221;1\/4&#8243; tablet_sm_width=&#8221;1-2&#8243;][\/vc_column][vc_column width=&#8221;1\/4&#8243; tablet_sm_width=&#8221;1-2&#8243;][\/vc_column][vc_column width=&#8221;1\/4&#8243; tablet_sm_width=&#8221;1-2&#8243;][\/vc_column][\/vc_row][vc_row][vc_column]<div class=\"grve-element grve-hr grve-space-divider\" style=\"\"><\/div>[\/vc_column][\/vc_row]\n","protected":false},"excerpt":{"rendered":"<p>[vc_row][vc_column][vc_column_text] Us\u0142ugi Analiza \u015brodowiskowa due diligence: Identyfikacja i kwantyfikacja ryzyka, kt\u00f3re mo\u017ce wynika\u0107 z dzia\u0142alno\u015bci przedsi\u0119biorstwa maj\u0105cej znaczenie dla \u015brodowiska, np.: badanie zgodno\u015bci w zakresie ryzyka niezb\u0119dnych wydatk\u00f3w na ochron\u0119 [&hellip;]<\/p>\n","protected":false},"author":3,"featured_media":0,"parent":23842,"menu_order":0,"comment_status":"closed","ping_status":"closed","template":"","meta":{"footnotes":""},"class_list":["post-23697","page","type-page","status-publish","hentry"],"yoast_head":"<!-- This site is optimized with the Yoast SEO Premium plugin v21.6 (Yoast SEO v26.8) - https:\/\/yoast.com\/product\/yoast-seo-premium-wordpress\/ -->\n<title>Techniczna \/ \u015brodowiskowa analiza due diligence - weyer gruppe [test]<\/title>\n<meta name=\"robots\" content=\"noindex, follow, max-snippet:-1, max-image-preview:large, max-video-preview:-1\" \/>\n<meta property=\"og:locale\" content=\"pl_PL\" \/>\n<meta property=\"og:type\" content=\"article\" \/>\n<meta property=\"og:title\" content=\"Techniczna \/ \u015brodowiskowa analiza due diligence\" \/>\n<meta property=\"og:description\" content=\"[vc_row][vc_column][vc_column_text] Us\u0142ugi Analiza \u015brodowiskowa due diligence: Identyfikacja i kwantyfikacja ryzyka, kt\u00f3re mo\u017ce wynika\u0107 z dzia\u0142alno\u015bci przedsi\u0119biorstwa maj\u0105cej znaczenie dla \u015brodowiska, np.: badanie zgodno\u015bci w zakresie ryzyka niezb\u0119dnych wydatk\u00f3w na ochron\u0119 [&hellip;]\" \/>\n<meta property=\"og:url\" content=\"https:\/\/test.weyer-gruppe.com\/pl\/operatorzy-instalacji-i-inwestorzy\/techniczna-srodowiskowa-analiza-due-diligence\/\" \/>\n<meta property=\"og:site_name\" content=\"weyer gruppe [test]\" \/>\n<meta property=\"article:publisher\" content=\"https:\/\/www.facebook.com\/weyergruppe\" \/>\n<meta property=\"article:modified_time\" content=\"2023-03-14T10:58:57+00:00\" \/>\n<meta name=\"twitter:card\" content=\"summary_large_image\" \/>\n<meta name=\"twitter:label1\" content=\"Szacowany czas czytania\" \/>\n\t<meta name=\"twitter:data1\" content=\"2 minuty\" \/>\n<script type=\"application\/ld+json\" class=\"yoast-schema-graph\">{\"@context\":\"https:\/\/schema.org\",\"@graph\":[{\"@type\":\"WebPage\",\"@id\":\"https:\/\/test.weyer-gruppe.com\/pl\/operatorzy-instalacji-i-inwestorzy\/techniczna-srodowiskowa-analiza-due-diligence\/\",\"url\":\"https:\/\/test.weyer-gruppe.com\/pl\/operatorzy-instalacji-i-inwestorzy\/techniczna-srodowiskowa-analiza-due-diligence\/\",\"name\":\"Techniczna \/ \u015brodowiskowa analiza due diligence - weyer gruppe [test]\",\"isPartOf\":{\"@id\":\"https:\/\/test.weyer-gruppe.com\/pl\/#website\"},\"datePublished\":\"2019-08-05T07:05:03+00:00\",\"dateModified\":\"2023-03-14T10:58:57+00:00\",\"breadcrumb\":{\"@id\":\"https:\/\/test.weyer-gruppe.com\/pl\/operatorzy-instalacji-i-inwestorzy\/techniczna-srodowiskowa-analiza-due-diligence\/#breadcrumb\"},\"inLanguage\":\"pl-PL\",\"potentialAction\":[{\"@type\":\"ReadAction\",\"target\":[\"https:\/\/test.weyer-gruppe.com\/pl\/operatorzy-instalacji-i-inwestorzy\/techniczna-srodowiskowa-analiza-due-diligence\/\"]}]},{\"@type\":\"BreadcrumbList\",\"@id\":\"https:\/\/test.weyer-gruppe.com\/pl\/operatorzy-instalacji-i-inwestorzy\/techniczna-srodowiskowa-analiza-due-diligence\/#breadcrumb\",\"itemListElement\":[{\"@type\":\"ListItem\",\"position\":1,\"name\":\"HOME\",\"item\":\"https:\/\/test.weyer-gruppe.com\/pl\/\"},{\"@type\":\"ListItem\",\"position\":2,\"name\":\"Operatorzy instalacji i inwestorzy\",\"item\":\"https:\/\/test.weyer-gruppe.com\/pl\/operatorzy-instalacji-i-inwestorzy\/\"},{\"@type\":\"ListItem\",\"position\":3,\"name\":\"Techniczna \/ \u015brodowiskowa analiza due diligence\"}]},{\"@type\":\"WebSite\",\"@id\":\"https:\/\/test.weyer-gruppe.com\/pl\/#website\",\"url\":\"https:\/\/test.weyer-gruppe.com\/pl\/\",\"name\":\"weyer gruppe [test]\",\"description\":\"komplett. durchdacht.\",\"publisher\":{\"@id\":\"https:\/\/test.weyer-gruppe.com\/pl\/#organization\"},\"potentialAction\":[{\"@type\":\"SearchAction\",\"target\":{\"@type\":\"EntryPoint\",\"urlTemplate\":\"https:\/\/test.weyer-gruppe.com\/pl\/?s={search_term_string}\"},\"query-input\":{\"@type\":\"PropertyValueSpecification\",\"valueRequired\":true,\"valueName\":\"search_term_string\"}}],\"inLanguage\":\"pl-PL\"},{\"@type\":\"Organization\",\"@id\":\"https:\/\/test.weyer-gruppe.com\/pl\/#organization\",\"name\":\"weyer gruppe\",\"url\":\"https:\/\/test.weyer-gruppe.com\/pl\/\",\"logo\":{\"@type\":\"ImageObject\",\"inLanguage\":\"pl-PL\",\"@id\":\"https:\/\/test.weyer-gruppe.com\/pl\/#\/schema\/logo\/image\/\",\"url\":\"https:\/\/test.weyer-gruppe.com\/wp-content\/uploads\/2019\/07\/logo-weyer-gruppe-de.png\",\"contentUrl\":\"https:\/\/test.weyer-gruppe.com\/wp-content\/uploads\/2019\/07\/logo-weyer-gruppe-de.png\",\"width\":532,\"height\":513,\"caption\":\"weyer gruppe\"},\"image\":{\"@id\":\"https:\/\/test.weyer-gruppe.com\/pl\/#\/schema\/logo\/image\/\"},\"sameAs\":[\"https:\/\/www.facebook.com\/weyergruppe\",\"https:\/\/de.linkedin.com\/company\/weyer-gruppe\",\"https:\/\/www.youtube.com\/channel\/UCmZItECuW56Ih_p501_Bq8A\"]}]}<\/script>\n<!-- \/ Yoast SEO Premium plugin. -->","yoast_head_json":{"title":"Techniczna \/ \u015brodowiskowa analiza due diligence - weyer gruppe [test]","robots":{"index":"noindex","follow":"follow","max-snippet":"max-snippet:-1","max-image-preview":"max-image-preview:large","max-video-preview":"max-video-preview:-1"},"og_locale":"pl_PL","og_type":"article","og_title":"Techniczna \/ \u015brodowiskowa analiza due diligence","og_description":"[vc_row][vc_column][vc_column_text] Us\u0142ugi Analiza \u015brodowiskowa due diligence: Identyfikacja i kwantyfikacja ryzyka, kt\u00f3re mo\u017ce wynika\u0107 z dzia\u0142alno\u015bci przedsi\u0119biorstwa maj\u0105cej znaczenie dla \u015brodowiska, np.: badanie zgodno\u015bci w zakresie ryzyka niezb\u0119dnych wydatk\u00f3w na ochron\u0119 [&hellip;]","og_url":"https:\/\/test.weyer-gruppe.com\/pl\/operatorzy-instalacji-i-inwestorzy\/techniczna-srodowiskowa-analiza-due-diligence\/","og_site_name":"weyer gruppe [test]","article_publisher":"https:\/\/www.facebook.com\/weyergruppe","article_modified_time":"2023-03-14T10:58:57+00:00","twitter_card":"summary_large_image","twitter_misc":{"Szacowany czas czytania":"2 minuty"},"schema":{"@context":"https:\/\/schema.org","@graph":[{"@type":"WebPage","@id":"https:\/\/test.weyer-gruppe.com\/pl\/operatorzy-instalacji-i-inwestorzy\/techniczna-srodowiskowa-analiza-due-diligence\/","url":"https:\/\/test.weyer-gruppe.com\/pl\/operatorzy-instalacji-i-inwestorzy\/techniczna-srodowiskowa-analiza-due-diligence\/","name":"Techniczna \/ \u015brodowiskowa analiza due diligence - weyer gruppe [test]","isPartOf":{"@id":"https:\/\/test.weyer-gruppe.com\/pl\/#website"},"datePublished":"2019-08-05T07:05:03+00:00","dateModified":"2023-03-14T10:58:57+00:00","breadcrumb":{"@id":"https:\/\/test.weyer-gruppe.com\/pl\/operatorzy-instalacji-i-inwestorzy\/techniczna-srodowiskowa-analiza-due-diligence\/#breadcrumb"},"inLanguage":"pl-PL","potentialAction":[{"@type":"ReadAction","target":["https:\/\/test.weyer-gruppe.com\/pl\/operatorzy-instalacji-i-inwestorzy\/techniczna-srodowiskowa-analiza-due-diligence\/"]}]},{"@type":"BreadcrumbList","@id":"https:\/\/test.weyer-gruppe.com\/pl\/operatorzy-instalacji-i-inwestorzy\/techniczna-srodowiskowa-analiza-due-diligence\/#breadcrumb","itemListElement":[{"@type":"ListItem","position":1,"name":"HOME","item":"https:\/\/test.weyer-gruppe.com\/pl\/"},{"@type":"ListItem","position":2,"name":"Operatorzy instalacji i inwestorzy","item":"https:\/\/test.weyer-gruppe.com\/pl\/operatorzy-instalacji-i-inwestorzy\/"},{"@type":"ListItem","position":3,"name":"Techniczna \/ \u015brodowiskowa analiza due diligence"}]},{"@type":"WebSite","@id":"https:\/\/test.weyer-gruppe.com\/pl\/#website","url":"https:\/\/test.weyer-gruppe.com\/pl\/","name":"weyer gruppe [test]","description":"komplett. durchdacht.","publisher":{"@id":"https:\/\/test.weyer-gruppe.com\/pl\/#organization"},"potentialAction":[{"@type":"SearchAction","target":{"@type":"EntryPoint","urlTemplate":"https:\/\/test.weyer-gruppe.com\/pl\/?s={search_term_string}"},"query-input":{"@type":"PropertyValueSpecification","valueRequired":true,"valueName":"search_term_string"}}],"inLanguage":"pl-PL"},{"@type":"Organization","@id":"https:\/\/test.weyer-gruppe.com\/pl\/#organization","name":"weyer gruppe","url":"https:\/\/test.weyer-gruppe.com\/pl\/","logo":{"@type":"ImageObject","inLanguage":"pl-PL","@id":"https:\/\/test.weyer-gruppe.com\/pl\/#\/schema\/logo\/image\/","url":"https:\/\/test.weyer-gruppe.com\/wp-content\/uploads\/2019\/07\/logo-weyer-gruppe-de.png","contentUrl":"https:\/\/test.weyer-gruppe.com\/wp-content\/uploads\/2019\/07\/logo-weyer-gruppe-de.png","width":532,"height":513,"caption":"weyer gruppe"},"image":{"@id":"https:\/\/test.weyer-gruppe.com\/pl\/#\/schema\/logo\/image\/"},"sameAs":["https:\/\/www.facebook.com\/weyergruppe","https:\/\/de.linkedin.com\/company\/weyer-gruppe","https:\/\/www.youtube.com\/channel\/UCmZItECuW56Ih_p501_Bq8A"]}]}},"_links":{"self":[{"href":"https:\/\/test.weyer-gruppe.com\/pl\/wp-json\/wp\/v2\/pages\/23697","targetHints":{"allow":["GET"]}}],"collection":[{"href":"https:\/\/test.weyer-gruppe.com\/pl\/wp-json\/wp\/v2\/pages"}],"about":[{"href":"https:\/\/test.weyer-gruppe.com\/pl\/wp-json\/wp\/v2\/types\/page"}],"author":[{"embeddable":true,"href":"https:\/\/test.weyer-gruppe.com\/pl\/wp-json\/wp\/v2\/users\/3"}],"replies":[{"embeddable":true,"href":"https:\/\/test.weyer-gruppe.com\/pl\/wp-json\/wp\/v2\/comments?post=23697"}],"version-history":[{"count":2,"href":"https:\/\/test.weyer-gruppe.com\/pl\/wp-json\/wp\/v2\/pages\/23697\/revisions"}],"predecessor-version":[{"id":45421,"href":"https:\/\/test.weyer-gruppe.com\/pl\/wp-json\/wp\/v2\/pages\/23697\/revisions\/45421"}],"up":[{"embeddable":true,"href":"https:\/\/test.weyer-gruppe.com\/pl\/wp-json\/wp\/v2\/pages\/23842"}],"wp:attachment":[{"href":"https:\/\/test.weyer-gruppe.com\/pl\/wp-json\/wp\/v2\/media?parent=23697"}],"curies":[{"name":"wp","href":"https:\/\/api.w.org\/{rel}","templated":true}]}}