{"id":23664,"date":"2019-12-17T10:19:43","date_gmt":"2019-12-17T09:19:43","guid":{"rendered":"https:\/\/test.weyer-gruppe.com\/prognoza-imisji-zanieczyszczen-powietrza-2\/"},"modified":"2022-05-31T10:08:05","modified_gmt":"2022-05-31T08:08:05","slug":"prognoza-imisji-zanieczyszczen-powietrza-2","status":"publish","type":"page","link":"https:\/\/test.weyer-gruppe.com\/pl\/projektanci-i-producenci-instalacji\/prognoza-imisji-zanieczyszczen-powietrza-2\/","title":{"rendered":"Prognoza imisji zanieczyszcze\u0144 powietrza"},"content":{"rendered":"[vc_row][vc_column][vc_column_text]Operatorzy instalacji wymagaj\u0105 prognozy imisji zanieczyszcze\u0144 powietrza w odniesieniu do zanieczyszcze\u0144 powietrza emitowanych przez istniej\u0105c\u0105 lub planowan\u0105 instalacj\u0119. Nowe planowanie lub modyfikacja instalacji przemys\u0142owych i komercyjnych cz\u0119sto wymaga pozwolenia na podstawie przepis\u00f3w o kontroli imisji. Je\u017celi oczekuje si\u0119, \u017ce nowa lub planowana instalacja b\u0119dzie powodowa\u0107 zanieczyszczenie powietrza w znacz\u0105cym stopniu, to <a href=\"https:\/\/www.bmuv.de\/fileadmin\/Daten_BMU\/Download_PDF\/Glaeserne_Gesetze\/19._Lp\/ta_luft_neu\/Entwurf\/ta_luft_neu_refe_bf.pdf\" target=\"_blank\" rel=\"noopener noreferrer\">instrukcja techniczna dotycz\u0105ca utrzymania czystego powietrza (TA Luft)<\/a> wymaga prognozy imisji zanieczyszcze\u0144 powietrza. Obliczenie rozprzestrzeniania si\u0119 s\u0142u\u017cy do prognozowania przewidywanej sytuacji zanieczyszczenia powietrza. Przy pomocy takiej prognozy mo\u017cna oceni\u0107 wp\u0142yw zanieczyszcze\u0144 powietrza na chronione dobra ludzi, zwierz\u0119ta i ro\u015bliny, a tak\u017ce na ekosystemy.<\/p>\n<p>Ch\u0119tnie wesprzemy Pa\u0144stwa w ca\u0142ej <a href=\"https:\/\/test.weyer-gruppe.com\/pl\/operatorzy-instalacji-i-inwestorzy\/zarzadzanie-zezwoleniami\/\" target=\"_blank\" rel=\"noopener noreferrer\">procedurze zatwierdzania<\/a>. Prognoza imisji jest przedk\u0142adana w\u0142a\u015bciwemu organowi jako jedna z centralnych ekspertyz w ramach dokument\u00f3w dotycz\u0105cych wniosku o pozwolenie. Zanieczyszczenia powietrza emitowane przez instalacj\u0119 s\u0105 uwzgl\u0119dniane w ramach prognozy emisji, tak aby mo\u017cna by\u0142o z\u0142o\u017cy\u0107 prawnie wiarygodne o\u015bwiadczenie o kwalifikowalno\u015bci instalacji do uzyskania pozwolenia. Nasz zesp\u00f3\u0142 ekspert\u00f3w korzysta z modelu referencyjnego <a href=\"http:\/\/www.austal2000.de\/de\/home.html\" target=\"_blank\" rel=\"noopener noreferrer\">AUSTAL2000<\/a> zgodnego z TA Luft, aby obliczy\u0107 oczekiwane imisje zanieczyszcze\u0144 powietrza. Nast\u0119pnie s\u0105 one badane na podstawie warto\u015bci imisji TA Luft lub, w razie potrzeby, na podstawie dalszych, uznanych warto\u015bci oceny. Ponadto przy u\u017cyciu modelu AUSTAL2000N obliczamy oczekiwane uwolnienie azotu i kwasu (depozycja) jako podstaw\u0119 do oceny w zakresie <a href=\"https:\/\/test.weyer-gruppe.com\/pl\/operatorzy-instalacji-i-inwestorzy\/ochrona-gatunkow-i-zgodnosc-z-dyrektywa-siedliskowa\/\" target=\"_blank\" rel=\"noopener noreferrer\">oceny zgodno\u015bci z dyrektyw\u0105 siedliskow\u0105<\/a> (flora, fauna, siedlisko).<\/p>\n<h2>Us\u0142ugi<\/h2>\n<ul class=\"arrow-gray\">\n<li>Sprawdzenie konieczno\u015bci okre\u015blenia warto\u015bci charakterystycznych zgodnie z TA Luft<\/li>\n<li>Prognoza dotycz\u0105ca imisji zanieczyszcze\u0144 powietrza wed\u0142ug TA Luft, w tym ocena wychwytywanych i rozproszonych \u017ar\u00f3de\u0142 emisji<\/li>\n<li>Obliczanie wysoko\u015bci komina zgodnie z TA Luft i innymi obowi\u0105zuj\u0105cymi przepisami<\/li>\n<li>Badanie przypadk\u00f3w specjalnych wed\u0142ug TA Luft<\/li>\n<li>Obliczanie depozycji azotu i kwasu (zgodno\u015b\u0107 z dyrektyw\u0105 siedliskow\u0105)<\/li>\n<\/ul>\n<h2>Pa\u0144stwa korzy\u015bci<\/h2>\n<ul class=\"arrow-gray\">\n<li>Minimalizacja ryzyka zwi\u0105zanego z planowaniem dzi\u0119ki naszemu 30-letniemu do\u015bwiadczeniu eksperckiemu w zakresie procedur uzyskiwania pozwole\u0144 i planowania<\/li>\n<li>Przygotowanie i koordynacja ram badawczych dla prognozy imisji z wyczuciem dla konkretnego projektu<\/li>\n<li>Podstawa szczeg\u00f3\u0142owej oceny depozycji azotu i kwas\u00f3w zwi\u0105zanych z instalacj\u0105<\/li>\n<li>Oszcz\u0119dno\u015b\u0107 czasu i koszt\u00f3w dzi\u0119ki kompetentnemu doradztwu w zakresie poszczeg\u00f3lnych projekt\u00f3w<\/li>\n<\/ul>\n[\/vc_column_text][\/vc_column][\/vc_row][vc_row bg_type=&#8221;color&#8221; bg_color=&#8221;#0b3c80&#8243; font_color=&#8221;#ffffff&#8221;][vc_column css=&#8221;.vc_custom_1563974199119{padding-top: 25px !important;padding-bottom: 25px !important;padding-left: 25px !important;}&#8221;]<div class=\"grve-element grve-hr grve-space-divider\" style=\"\"><\/div><div class=\"grve-element grve-image-text\" style=\"\">  <div class=\"grve-content grve-align-right\">  <p>Podczas planowania nowych obiekt\u00f3w przemys\u0142owych i handlowych, z kt\u00f3rych mog\u0105 by\u0107 emitowane zanieczyszczenia powietrza, w wielu przypadkach prognoza emisji zanieczyszcze\u0144 powietrza musi by\u0107 przygotowana w ramach procedury zatwierdzania kontroli imisji. Celem jest ocena wp\u0142ywu zanieczyszcze\u0144 powietrza na dobra chronione ludzi, zwierz\u0119ta i ro\u015bliny oraz ekosystemy&#8230;<\/p>    <a href=\"https:\/\/test.weyer-gruppe.com\/wp-content\/uploads\/2019\/07\/weyer-spezial-immissionsprognosen-0612.pdf\" target=\"_blank\" class=\"grve-read-more \">Pobierz weyer spezial tutaj<\/a>  <\/div><div class=\"grve-image\"><img decoding=\"async\" width=\"250\" height=\"354\" src=\"https:\/\/test.weyer-gruppe.com\/wp-content\/uploads\/2019\/07\/weyer-spezial-weyer-gruppe-immissionsprognosen.jpg\" class=\"attachment-full size-full\" alt=\"weyer news zum Thema  Immissionsprognosen\" srcset=\"\" \/><\/div><\/div><div class=\"grve-element grve-hr grve-space-divider\" style=\"\"><\/div>[\/vc_column][\/vc_row][vc_row][vc_column]<div class=\"grve-element grve-hr grve-space-divider\" style=\"\"><\/div><h3 class=\"grve-element grve-align-left grve-title-no-line grve-h3\" style=\"\"><span>Nasz zesp\u00f3\u0142<\/span><\/h3>[\/vc_column][\/vc_row][vc_row][vc_column width=&#8221;1\/4&#8243; tablet_sm_width=&#8221;1-2&#8243;]\r\n\t\t<div class=\"grve-team grve-element\" style=\"\">\r\n\t\t\t<figure class=\"grve-image-hover grve-style-1 grve-zoom-in\">\r\n\t\t\t\t<div class=\"grve-team-person grve-media grve-dark-overlay grve-opacity-60\">\r\n\t\t\t\t\t<img decoding=\"async\" width=\"300\" height=\"300\" src=\"https:\/\/test.weyer-gruppe.com\/wp-content\/uploads\/2020\/01\/pr-norbert-moll.jpg\" class=\"attachment-grve-image-small-square size-grve-image-small-square\" alt=\"\" \/>\t\t\t\t<\/div>\r\n\t\t\t\t<figcaption>\r\n\t\t\t\t\t<div class=\"grve-team-description\">\r\n\t\t\t\t\t\t\t\t\t\t\t\t<h4 class=\"grve-team-name grve-dark grve-h4\">Norbert Moll<\/h4>\r\n\t\t\t\t\t\t\t\t\t\t\t\t<small class=\"grve-team-identity grve-dark\">Probiotec<\/small>\r\n\t\t\t\t\t<\/div>\r\n\t\t\t\t\t\t\t\t\t\t<div class=\"grve-team-social grve-team-social-text grve-dark\">\r\n\t\t\t\t\t\t<ul>\r\n\t\t\t\t\t\t\t<li><a href=\"mailto:n.moll&#64;we&#121;e&#114;-&#103;r&#117;&#112;&#112;&#101;&#46;c&#111;m\">E-mail<\/a><\/li>\t\t\t\t\t\t<\/ul>\r\n\t\t\t\t\t<\/div>\r\n\t\t\t\t\t\t\t\t\t<\/figcaption>\r\n\t\t\t<\/figure>\r\n\t\t<\/div>\r\n\r\n\t\t[\/vc_column][vc_column width=&#8221;1\/4&#8243; tablet_sm_width=&#8221;1-2&#8243;][\/vc_column][vc_column width=&#8221;1\/4&#8243; tablet_sm_width=&#8221;1-2&#8243;][\/vc_column][vc_column width=&#8221;1\/4&#8243; tablet_sm_width=&#8221;1-2&#8243;][\/vc_column][\/vc_row][vc_row][vc_column]<div class=\"grve-element grve-hr grve-space-divider\" style=\"\"><\/div>[\/vc_column][\/vc_row]\n","protected":false},"excerpt":{"rendered":"<p>[vc_row][vc_column][vc_column_text]Operatorzy instalacji wymagaj\u0105 prognozy imisji zanieczyszcze\u0144 powietrza w odniesieniu do zanieczyszcze\u0144 powietrza emitowanych przez istniej\u0105c\u0105 lub planowan\u0105 instalacj\u0119. Nowe planowanie lub modyfikacja instalacji przemys\u0142owych i komercyjnych cz\u0119sto wymaga pozwolenia na [&hellip;]<\/p>\n","protected":false},"author":3,"featured_media":0,"parent":23877,"menu_order":0,"comment_status":"closed","ping_status":"closed","template":"","meta":{"footnotes":""},"class_list":["post-23664","page","type-page","status-publish","hentry"],"yoast_head":"<!-- This site is optimized with the Yoast SEO Premium plugin v21.6 (Yoast SEO v26.8) - https:\/\/yoast.com\/product\/yoast-seo-premium-wordpress\/ -->\n<title>Prognoza imisji zanieczyszcze\u0144 powietrza - weyer gruppe [test]<\/title>\n<meta name=\"description\" content=\"Operatorzy instalacji wymagaj\u0105 prognozy imisji zanieczyszcze\u0144 powietrza w odniesieniu do zanieczyszcze\u0144 powietrza emitowanych przez istniej\u0105c\u0105 lub planowan\u0105 instalacj\u0119.\" \/>\n<meta name=\"robots\" content=\"noindex, follow, max-snippet:-1, max-image-preview:large, max-video-preview:-1\" \/>\n<meta property=\"og:locale\" content=\"pl_PL\" \/>\n<meta property=\"og:type\" content=\"article\" \/>\n<meta property=\"og:title\" content=\"Prognoza imisji zanieczyszcze\u0144 powietrza\" \/>\n<meta property=\"og:description\" content=\"Operatorzy instalacji wymagaj\u0105 prognozy imisji zanieczyszcze\u0144 powietrza w odniesieniu do zanieczyszcze\u0144 powietrza emitowanych przez istniej\u0105c\u0105 lub planowan\u0105 instalacj\u0119.\" \/>\n<meta property=\"og:url\" content=\"https:\/\/test.weyer-gruppe.com\/pl\/projektanci-i-producenci-instalacji\/prognoza-imisji-zanieczyszczen-powietrza-2\/\" \/>\n<meta property=\"og:site_name\" content=\"weyer gruppe [test]\" \/>\n<meta property=\"article:publisher\" content=\"https:\/\/www.facebook.com\/weyergruppe\" \/>\n<meta property=\"article:modified_time\" content=\"2022-05-31T08:08:05+00:00\" \/>\n<meta name=\"twitter:card\" content=\"summary_large_image\" \/>\n<meta name=\"twitter:label1\" content=\"Szacowany czas czytania\" \/>\n\t<meta name=\"twitter:data1\" content=\"3 minuty\" \/>\n<script type=\"application\/ld+json\" class=\"yoast-schema-graph\">{\"@context\":\"https:\/\/schema.org\",\"@graph\":[{\"@type\":\"WebPage\",\"@id\":\"https:\/\/test.weyer-gruppe.com\/pl\/projektanci-i-producenci-instalacji\/prognoza-imisji-zanieczyszczen-powietrza-2\/\",\"url\":\"https:\/\/test.weyer-gruppe.com\/pl\/projektanci-i-producenci-instalacji\/prognoza-imisji-zanieczyszczen-powietrza-2\/\",\"name\":\"Prognoza imisji zanieczyszcze\u0144 powietrza - weyer gruppe [test]\",\"isPartOf\":{\"@id\":\"https:\/\/test.weyer-gruppe.com\/pl\/#website\"},\"datePublished\":\"2019-12-17T09:19:43+00:00\",\"dateModified\":\"2022-05-31T08:08:05+00:00\",\"description\":\"Operatorzy instalacji wymagaj\u0105 prognozy imisji zanieczyszcze\u0144 powietrza w odniesieniu do zanieczyszcze\u0144 powietrza emitowanych przez istniej\u0105c\u0105 lub planowan\u0105 instalacj\u0119.\",\"breadcrumb\":{\"@id\":\"https:\/\/test.weyer-gruppe.com\/pl\/projektanci-i-producenci-instalacji\/prognoza-imisji-zanieczyszczen-powietrza-2\/#breadcrumb\"},\"inLanguage\":\"pl-PL\",\"potentialAction\":[{\"@type\":\"ReadAction\",\"target\":[\"https:\/\/test.weyer-gruppe.com\/pl\/projektanci-i-producenci-instalacji\/prognoza-imisji-zanieczyszczen-powietrza-2\/\"]}]},{\"@type\":\"BreadcrumbList\",\"@id\":\"https:\/\/test.weyer-gruppe.com\/pl\/projektanci-i-producenci-instalacji\/prognoza-imisji-zanieczyszczen-powietrza-2\/#breadcrumb\",\"itemListElement\":[{\"@type\":\"ListItem\",\"position\":1,\"name\":\"HOME\",\"item\":\"https:\/\/test.weyer-gruppe.com\/pl\/\"},{\"@type\":\"ListItem\",\"position\":2,\"name\":\"Projektanci i producenci instalacji\",\"item\":\"https:\/\/test.weyer-gruppe.com\/pl\/projektanci-i-producenci-instalacji\/\"},{\"@type\":\"ListItem\",\"position\":3,\"name\":\"Prognoza imisji zanieczyszcze\u0144 powietrza\"}]},{\"@type\":\"WebSite\",\"@id\":\"https:\/\/test.weyer-gruppe.com\/pl\/#website\",\"url\":\"https:\/\/test.weyer-gruppe.com\/pl\/\",\"name\":\"weyer gruppe [test]\",\"description\":\"komplett. durchdacht.\",\"publisher\":{\"@id\":\"https:\/\/test.weyer-gruppe.com\/pl\/#organization\"},\"potentialAction\":[{\"@type\":\"SearchAction\",\"target\":{\"@type\":\"EntryPoint\",\"urlTemplate\":\"https:\/\/test.weyer-gruppe.com\/pl\/?s={search_term_string}\"},\"query-input\":{\"@type\":\"PropertyValueSpecification\",\"valueRequired\":true,\"valueName\":\"search_term_string\"}}],\"inLanguage\":\"pl-PL\"},{\"@type\":\"Organization\",\"@id\":\"https:\/\/test.weyer-gruppe.com\/pl\/#organization\",\"name\":\"weyer gruppe\",\"url\":\"https:\/\/test.weyer-gruppe.com\/pl\/\",\"logo\":{\"@type\":\"ImageObject\",\"inLanguage\":\"pl-PL\",\"@id\":\"https:\/\/test.weyer-gruppe.com\/pl\/#\/schema\/logo\/image\/\",\"url\":\"https:\/\/test.weyer-gruppe.com\/wp-content\/uploads\/2019\/07\/logo-weyer-gruppe-de.png\",\"contentUrl\":\"https:\/\/test.weyer-gruppe.com\/wp-content\/uploads\/2019\/07\/logo-weyer-gruppe-de.png\",\"width\":532,\"height\":513,\"caption\":\"weyer gruppe\"},\"image\":{\"@id\":\"https:\/\/test.weyer-gruppe.com\/pl\/#\/schema\/logo\/image\/\"},\"sameAs\":[\"https:\/\/www.facebook.com\/weyergruppe\",\"https:\/\/de.linkedin.com\/company\/weyer-gruppe\",\"https:\/\/www.youtube.com\/channel\/UCmZItECuW56Ih_p501_Bq8A\"]}]}<\/script>\n<!-- \/ Yoast SEO Premium plugin. -->","yoast_head_json":{"title":"Prognoza imisji zanieczyszcze\u0144 powietrza - weyer gruppe [test]","description":"Operatorzy instalacji wymagaj\u0105 prognozy imisji zanieczyszcze\u0144 powietrza w odniesieniu do zanieczyszcze\u0144 powietrza emitowanych przez istniej\u0105c\u0105 lub planowan\u0105 instalacj\u0119.","robots":{"index":"noindex","follow":"follow","max-snippet":"max-snippet:-1","max-image-preview":"max-image-preview:large","max-video-preview":"max-video-preview:-1"},"og_locale":"pl_PL","og_type":"article","og_title":"Prognoza imisji zanieczyszcze\u0144 powietrza","og_description":"Operatorzy instalacji wymagaj\u0105 prognozy imisji zanieczyszcze\u0144 powietrza w odniesieniu do zanieczyszcze\u0144 powietrza emitowanych przez istniej\u0105c\u0105 lub planowan\u0105 instalacj\u0119.","og_url":"https:\/\/test.weyer-gruppe.com\/pl\/projektanci-i-producenci-instalacji\/prognoza-imisji-zanieczyszczen-powietrza-2\/","og_site_name":"weyer gruppe [test]","article_publisher":"https:\/\/www.facebook.com\/weyergruppe","article_modified_time":"2022-05-31T08:08:05+00:00","twitter_card":"summary_large_image","twitter_misc":{"Szacowany czas czytania":"3 minuty"},"schema":{"@context":"https:\/\/schema.org","@graph":[{"@type":"WebPage","@id":"https:\/\/test.weyer-gruppe.com\/pl\/projektanci-i-producenci-instalacji\/prognoza-imisji-zanieczyszczen-powietrza-2\/","url":"https:\/\/test.weyer-gruppe.com\/pl\/projektanci-i-producenci-instalacji\/prognoza-imisji-zanieczyszczen-powietrza-2\/","name":"Prognoza imisji zanieczyszcze\u0144 powietrza - weyer gruppe [test]","isPartOf":{"@id":"https:\/\/test.weyer-gruppe.com\/pl\/#website"},"datePublished":"2019-12-17T09:19:43+00:00","dateModified":"2022-05-31T08:08:05+00:00","description":"Operatorzy instalacji wymagaj\u0105 prognozy imisji zanieczyszcze\u0144 powietrza w odniesieniu do zanieczyszcze\u0144 powietrza emitowanych przez istniej\u0105c\u0105 lub planowan\u0105 instalacj\u0119.","breadcrumb":{"@id":"https:\/\/test.weyer-gruppe.com\/pl\/projektanci-i-producenci-instalacji\/prognoza-imisji-zanieczyszczen-powietrza-2\/#breadcrumb"},"inLanguage":"pl-PL","potentialAction":[{"@type":"ReadAction","target":["https:\/\/test.weyer-gruppe.com\/pl\/projektanci-i-producenci-instalacji\/prognoza-imisji-zanieczyszczen-powietrza-2\/"]}]},{"@type":"BreadcrumbList","@id":"https:\/\/test.weyer-gruppe.com\/pl\/projektanci-i-producenci-instalacji\/prognoza-imisji-zanieczyszczen-powietrza-2\/#breadcrumb","itemListElement":[{"@type":"ListItem","position":1,"name":"HOME","item":"https:\/\/test.weyer-gruppe.com\/pl\/"},{"@type":"ListItem","position":2,"name":"Projektanci i producenci instalacji","item":"https:\/\/test.weyer-gruppe.com\/pl\/projektanci-i-producenci-instalacji\/"},{"@type":"ListItem","position":3,"name":"Prognoza imisji zanieczyszcze\u0144 powietrza"}]},{"@type":"WebSite","@id":"https:\/\/test.weyer-gruppe.com\/pl\/#website","url":"https:\/\/test.weyer-gruppe.com\/pl\/","name":"weyer gruppe [test]","description":"komplett. durchdacht.","publisher":{"@id":"https:\/\/test.weyer-gruppe.com\/pl\/#organization"},"potentialAction":[{"@type":"SearchAction","target":{"@type":"EntryPoint","urlTemplate":"https:\/\/test.weyer-gruppe.com\/pl\/?s={search_term_string}"},"query-input":{"@type":"PropertyValueSpecification","valueRequired":true,"valueName":"search_term_string"}}],"inLanguage":"pl-PL"},{"@type":"Organization","@id":"https:\/\/test.weyer-gruppe.com\/pl\/#organization","name":"weyer gruppe","url":"https:\/\/test.weyer-gruppe.com\/pl\/","logo":{"@type":"ImageObject","inLanguage":"pl-PL","@id":"https:\/\/test.weyer-gruppe.com\/pl\/#\/schema\/logo\/image\/","url":"https:\/\/test.weyer-gruppe.com\/wp-content\/uploads\/2019\/07\/logo-weyer-gruppe-de.png","contentUrl":"https:\/\/test.weyer-gruppe.com\/wp-content\/uploads\/2019\/07\/logo-weyer-gruppe-de.png","width":532,"height":513,"caption":"weyer gruppe"},"image":{"@id":"https:\/\/test.weyer-gruppe.com\/pl\/#\/schema\/logo\/image\/"},"sameAs":["https:\/\/www.facebook.com\/weyergruppe","https:\/\/de.linkedin.com\/company\/weyer-gruppe","https:\/\/www.youtube.com\/channel\/UCmZItECuW56Ih_p501_Bq8A"]}]}},"_links":{"self":[{"href":"https:\/\/test.weyer-gruppe.com\/pl\/wp-json\/wp\/v2\/pages\/23664","targetHints":{"allow":["GET"]}}],"collection":[{"href":"https:\/\/test.weyer-gruppe.com\/pl\/wp-json\/wp\/v2\/pages"}],"about":[{"href":"https:\/\/test.weyer-gruppe.com\/pl\/wp-json\/wp\/v2\/types\/page"}],"author":[{"embeddable":true,"href":"https:\/\/test.weyer-gruppe.com\/pl\/wp-json\/wp\/v2\/users\/3"}],"replies":[{"embeddable":true,"href":"https:\/\/test.weyer-gruppe.com\/pl\/wp-json\/wp\/v2\/comments?post=23664"}],"version-history":[{"count":0,"href":"https:\/\/test.weyer-gruppe.com\/pl\/wp-json\/wp\/v2\/pages\/23664\/revisions"}],"up":[{"embeddable":true,"href":"https:\/\/test.weyer-gruppe.com\/pl\/wp-json\/wp\/v2\/pages\/23877"}],"wp:attachment":[{"href":"https:\/\/test.weyer-gruppe.com\/pl\/wp-json\/wp\/v2\/media?parent=23664"}],"curies":[{"name":"wp","href":"https:\/\/api.w.org\/{rel}","templated":true}]}}