{"id":23545,"date":"2020-04-14T13:14:48","date_gmt":"2020-04-14T11:14:48","guid":{"rendered":"https:\/\/test.weyer-gruppe.com\/zintegrowane-doradztwo-w-zakresie-finansowania-2\/"},"modified":"2020-04-14T13:37:07","modified_gmt":"2020-04-14T11:37:07","slug":"zintegrowane-doradztwo-w-zakresie-finansowania-2","status":"publish","type":"page","link":"https:\/\/test.weyer-gruppe.com\/pl\/projektanci-i-producenci-instalacji\/zintegrowane-doradztwo-w-zakresie-finansowania-2\/","title":{"rendered":"Zintegrowane doradztwo w zakresie finansowania"},"content":{"rendered":"[vc_row][vc_column][vc_column_text]Roczny dodatek w wysoko\u015bci do 500 000 \u20ac na dzia\u0142ania w zakresie bada\u0144 i rozwoju \u2013 <a href=\"https:\/\/www.bundesfinanzministerium.de\/Content\/DE\/Gesetzestexte\/Gesetze_Gesetzesvorhaben\/Abteilungen\/Abteilung_IV\/19_Legislaturperiode\/Gesetze_Verordnungen\/2019-12-20-Forschungszulagengesetz-FZulG\/0-Gesetz.html\" target=\"_blank\" rel=\"noopener noreferrer\">Ustawa o dodatkach na badania naukowe<\/a> oferuje firmom znaczne zach\u0119ty finansowe. Pomagamy w realizacji niezb\u0119dnych dzia\u0142a\u0144, uzupe\u0142niamy je dodatkowymi \u015brodkami pa\u0144stwowymi i skutecznie dostosowujemy Pa\u0144stwa dzia\u0142alno\u015b\u0107 badawcz\u0105 w skali mi\u0119dzynarodowej. Nasza dzia\u0142alno\u015b\u0107 nie ogranicza si\u0119 tylko do aspekt\u00f3w finansowych. In\u017cynierowie odpowiadaj\u0105 na pytania techniczne dotycz\u0105ce Pa\u0144stwa projekt\u00f3w, wskazuj\u0105 mo\u017cliwo\u015bci optymalizacji i przyczyniaj\u0105 si\u0119 do tego, \u017ce w\u0142adze decyzyjne traktuj\u0105 Pa\u0144stwa projekt w taki spos\u00f3b, jak Pa\u0144stwo go postrzegaj\u0105: jako kwalifikuj\u0105cy si\u0119 do finansowania![\/vc_column_text]<h2 class=\"grve-element grve-align-left grve-title-no-line grve-h2\" style=\"\"><span>Us\u0142ugi<\/span><\/h2>[vc_empty_space][vc_tta_accordion c_icon=&#8221;&#8221; active_section=&#8221;0&#8243; collapsible_all=&#8221;true&#8221;][vc_tta_section i_icon_fontawesome=&#8221;fa fa-tasks&#8221; add_icon=&#8221;true&#8221; title=&#8221;Opracowywanie projekt\u00f3w wsparcia&#8221; tab_id=&#8221;1581498627771-62322590-8b7a&#8221;][vc_column_text]\n<ul class=\"arrow-gray\">\n<li>Analiza potencja\u0142u wsparcia<\/li>\n<li>Okre\u015blenie i ocena odpowiednich program\u00f3w wsparcia<\/li>\n<li>Opracowywanie pomys\u0142\u00f3w \/ szkic\u00f3w projekt\u00f3w<\/li>\n<li>Badanie kwestii z dziedziny prawa podatkowego<\/li>\n<li>(Kierowanie i) rozw\u00f3j zintegrowanych koncepcji wdro\u017ceniowych<\/li>\n<li>Tworzenie konsorcj\u00f3w i partnerstw projektowych<\/li>\n<\/ul>\n[\/vc_column_text][\/vc_tta_section][vc_tta_section i_icon_fontawesome=&#8221;fa fa-file-text-o&#8221; add_icon=&#8221;true&#8221; title=&#8221;Wnioski o dotacje&#8221; tab_id=&#8221;1581498627790-a1f7d6e8-0eae&#8221;][vc_column_text]\n<ul class=\"arrow-gray\">\n<li>Pomoc i doradztwo w zakresie prawa zam\u00f3wie\u0144 publicznych<\/li>\n<li>Przygotowywanie wniosk\u00f3w o dotacje<\/li>\n<li>Komunikacja z podmiotami udzielaj\u0105cymi dotacji<\/li>\n<li>Badanie obowi\u0105zk\u00f3w i warunk\u00f3w zawartych w informacjach o zezwoleniach<\/li>\n<li>Ustanowienie struktur organizacyjnych \/ zarz\u0105dczych zgodnie z finansowaniem<\/li>\n<\/ul>\n[\/vc_column_text][\/vc_tta_section][vc_tta_section i_icon_fontawesome=&#8221;fa fa-pencil&#8221; add_icon=&#8221;true&#8221; title=&#8221;Zarz\u0105dzanie projektem&#8221; tab_id=&#8221;1581498735398-8bc79ccf-d10d&#8221;][vc_column_text]\n<ul class=\"arrow-gray\">\n<li>Tworzenie system\u00f3w monitorowania i kontroli<\/li>\n<li>Monitorowanie i wsparcie wdra\u017cania<\/li>\n<li>Przej\u0119cie koordynacji projektu<\/li>\n<li>Zarz\u0105dzanie ryzykiem i zmianami<\/li>\n<li>Kontrolowanie dotacji<\/li>\n<\/ul>\n[\/vc_column_text][\/vc_tta_section][vc_tta_section i_icon_fontawesome=&#8221;fa fa-money&#8221; add_icon=&#8221;true&#8221; title=&#8221;Wyp\u0142ata \u015brodk\u00f3w \/ dokumentacja wykorzystania \u015brodk\u00f3w&#8221; tab_id=&#8221;1581498778635-84ef5b71-a547&#8243;][vc_column_text]\n<ul class=\"arrow-gray\">\n<li>Tworzenie dokumentacji audytowej<\/li>\n<li>Pomoc w prowadzeniu dokumentacji wykorzystania \u015brodk\u00f3w<\/li>\n<li>Wsparcie w zakresie wyp\u0142aty \u015brodk\u00f3w \/ dokumentacji wykorzystania \u015brodk\u00f3w<\/li>\n<li>Wdra\u017canie kontroli pierwszego stopnia<\/li>\n<\/ul>\n[\/vc_column_text][\/vc_tta_section][vc_tta_section i_icon_fontawesome=&#8221;fa fa-check-square-o&#8221; add_icon=&#8221;true&#8221; title=&#8221;Zako\u0144czenie projektu&#8221; tab_id=&#8221;1581498804604-96943275-568a&#8221;][vc_column_text]\n<ul class=\"arrow-gray\">\n<li>Towarzyszenie kontroli przeprowadzanej przez organy kontrolne<\/li>\n<li>Wsparcie w zakresie obrony przed wnioskami o zwrot nale\u017cno\u015bci przez organy udzielaj\u0105ce dotacji<\/li>\n<li>Doradztwo prawne w zakresie wykorzystania wynik\u00f3w projektu<\/li>\n<li>Audyt poprawno\u015bci system\u00f3w IT s\u0142u\u017c\u0105cych do archiwizacji zgodnie z wymogami finansowania<\/li>\n<\/ul>\n[\/vc_column_text][\/vc_tta_section][\/vc_tta_accordion][\/vc_column][\/vc_row][vc_row bg_type=&#8221;color&#8221; bg_color=&#8221;#0b3c80&#8243; font_color=&#8221;#ffffff&#8221;][vc_column css=&#8221;.vc_custom_1563974199119{padding-top: 25px !important;padding-bottom: 25px !important;padding-left: 25px !important;}&#8221;]<div class=\"grve-element grve-hr grve-space-divider\" style=\"\"><\/div><div class=\"grve-element grve-image-text\" style=\"\">  <div class=\"grve-content grve-align-right\">    <h6>Broszura BDO: BADANIA I ROZW\u00d3J<\/h6>  <p>Roczny dodatek w wysoko\u015bci do 500.000 euro na dzia\u0142alno\u015b\u0107 badawczo-rozwojow\u0105 &#8211; ustawa o dodatku na badania oferuje znacz\u0105ce zach\u0119ty finansowe dla wszystkich przedsi\u0119biorstw.<\/p>\n<p>O BDO<br \/>\nZatrudniaj\u0105c ponad 1.900 pracownik\u00f3w w 27 lokalizacjach, BDO jest jednym z wiod\u0105cych przedsi\u0119biorstw w Niemczech w zakresie us\u0142ug audytorskich, doradztwa podatkowego i prawa gospodarczego, jak r\u00f3wnie\u017c us\u0142ug doradczych.<\/p>    <a href=\"https:\/\/test.weyer-gruppe.com\/wp-content\/uploads\/2020\/02\/bdo-broschuere-integrierte-foerderberatung.pdf\" target=\"_blank\" class=\"grve-read-more \">Ulotka do pobrania tutaj<\/a>  <\/div><div class=\"grve-image\"><img decoding=\"async\" width=\"250\" height=\"354\" src=\"https:\/\/test.weyer-gruppe.com\/wp-content\/uploads\/2020\/02\/flyer-bdo-integrierte-foerderberatung.jpg\" class=\"attachment-full size-full\" alt=\"Flyer zu integrierter F\u00f6rderberatung\" srcset=\"https:\/\/test.weyer-gruppe.com\/wp-content\/uploads\/2020\/02\/flyer-bdo-integrierte-foerderberatung.jpg 250w, https:\/\/test.weyer-gruppe.com\/wp-content\/uploads\/2020\/02\/flyer-bdo-integrierte-foerderberatung-212x300.jpg 212w\" sizes=\"(max-width: 250px) 100vw, 250px\" \/><\/div><\/div><div class=\"grve-element grve-hr grve-space-divider\" style=\"\"><\/div>[\/vc_column][\/vc_row][vc_row][vc_column]<div class=\"grve-element grve-hr grve-space-divider\" style=\"\"><\/div><h3 class=\"grve-element grve-align-left grve-title-no-line grve-h3\" style=\"\"><span>Nasz zesp\u00f3\u0142<\/span><\/h3>[\/vc_column][\/vc_row][vc_row][vc_column width=&#8221;1\/4&#8243; tablet_sm_width=&#8221;1-2&#8243;]\r\n\t\t<div class=\"grve-team grve-element\" style=\"\">\r\n\t\t\t<figure class=\"grve-image-hover grve-style-1 grve-zoom-in\">\r\n\t\t\t\t<div class=\"grve-team-person grve-media grve-dark-overlay grve-opacity-60\">\r\n\t\t\t\t\t<img decoding=\"async\" width=\"300\" height=\"300\" src=\"https:\/\/test.weyer-gruppe.com\/wp-content\/uploads\/2019\/07\/pr-kai-steffens.jpg\" class=\"attachment-grve-image-small-square size-grve-image-small-square\" alt=\"Foto von Dr. Kai Steffens der BDO TUC GmbH und PROBIOTEC GmbH\" srcset=\"https:\/\/test.weyer-gruppe.com\/wp-content\/uploads\/2019\/07\/pr-kai-steffens.jpg 300w, https:\/\/test.weyer-gruppe.com\/wp-content\/uploads\/2019\/07\/pr-kai-steffens-150x150.jpg 150w, https:\/\/test.weyer-gruppe.com\/wp-content\/uploads\/2019\/07\/pr-kai-steffens-80x80.jpg 80w\" sizes=\"(max-width: 300px) 100vw, 300px\" \/>\t\t\t\t<\/div>\r\n\t\t\t\t<figcaption>\r\n\t\t\t\t\t<div class=\"grve-team-description\">\r\n\t\t\t\t\t\t\t\t\t\t\t\t<h4 class=\"grve-team-name grve-dark grve-h4\">Dr.-Ing. Kai Steffens<\/h4>\r\n\t\t\t\t\t\t\t\t\t\t\t\t<small class=\"grve-team-identity grve-dark\">BDO Technik und Umweltconsulting<\/small>\r\n\t\t\t\t\t<\/div>\r\n\t\t\t\t\t\t\t\t\t\t<div class=\"grve-team-social grve-team-social-text grve-dark\">\r\n\t\t\t\t\t\t<ul>\r\n\t\t\t\t\t\t\t<li><a href=\"mailto:k&#46;&#115;&#116;&#101;&#102;f&#101;&#110;s&#64;&#119;&#101;&#121;e&#114;&#45;gr&#117;p&#112;e&#46;c&#111;m\">E-mail<\/a><\/li>\t\t\t\t\t\t<\/ul>\r\n\t\t\t\t\t<\/div>\r\n\t\t\t\t\t\t\t\t\t<\/figcaption>\r\n\t\t\t<\/figure>\r\n\t\t<\/div>\r\n\r\n\t\t[\/vc_column][vc_column width=&#8221;1\/4&#8243; tablet_sm_width=&#8221;1-2&#8243;]\r\n\t\t<div class=\"grve-team grve-element\" style=\"\">\r\n\t\t\t<figure class=\"grve-image-hover grve-style-1 grve-zoom-in\">\r\n\t\t\t\t<div class=\"grve-team-person grve-media grve-dark-overlay grve-opacity-60\">\r\n\t\t\t\t\t<img decoding=\"async\" width=\"300\" height=\"300\" src=\"https:\/\/test.weyer-gruppe.com\/wp-content\/uploads\/2020\/02\/bdo-lars-guenther.jpg\" class=\"attachment-grve-image-small-square size-grve-image-small-square\" alt=\"Mitarbeiterfoto von Lars G\u00fcnther von der BDO AG\" srcset=\"https:\/\/test.weyer-gruppe.com\/wp-content\/uploads\/2020\/02\/bdo-lars-guenther.jpg 300w, https:\/\/test.weyer-gruppe.com\/wp-content\/uploads\/2020\/02\/bdo-lars-guenther-150x150.jpg 150w, https:\/\/test.weyer-gruppe.com\/wp-content\/uploads\/2020\/02\/bdo-lars-guenther-80x80.jpg 80w\" sizes=\"(max-width: 300px) 100vw, 300px\" \/>\t\t\t\t<\/div>\r\n\t\t\t\t<figcaption>\r\n\t\t\t\t\t<div class=\"grve-team-description\">\r\n\t\t\t\t\t\t\t\t\t\t\t\t<h4 class=\"grve-team-name grve-dark grve-h4\">Lars G\u00fcnther<\/h4>\r\n\t\t\t\t\t\t\t\t\t\t\t\t<small class=\"grve-team-identity grve-dark\">BDO Technik und Umweltconsulting<\/small>\r\n\t\t\t\t\t<\/div>\r\n\t\t\t\t\t\t\t\t\t\t<div class=\"grve-team-social grve-team-social-text grve-dark\">\r\n\t\t\t\t\t\t<ul>\r\n\t\t\t\t\t\t\t<li><a href=\"mailto:la&#114;&#115;&#46;guen&#116;h&#101;&#114;&#64;&#98;do&#46;de\">E-mail<\/a><\/li>\t\t\t\t\t\t<\/ul>\r\n\t\t\t\t\t<\/div>\r\n\t\t\t\t\t\t\t\t\t<\/figcaption>\r\n\t\t\t<\/figure>\r\n\t\t<\/div>\r\n\r\n\t\t[\/vc_column][vc_column width=&#8221;1\/4&#8243; tablet_sm_width=&#8221;1-2&#8243;]\r\n\t\t<div class=\"grve-team grve-element\" style=\"\">\r\n\t\t\t<figure class=\"grve-image-hover grve-style-1 grve-zoom-in\">\r\n\t\t\t\t<div class=\"grve-team-person grve-media grve-dark-overlay grve-opacity-60\">\r\n\t\t\t\t\t  <img decoding=\"async\" src=\"https:\/\/test.weyer-gruppe.com\/wp-content\/plugins\/grve-osmosis-vc-extension\/assets\/images\/empty\/grve-image-small-square.jpg\" alt=\"Empty Team\">\t\t\t\t<\/div>\r\n\t\t\t\t<figcaption>\r\n\t\t\t\t\t<div class=\"grve-team-description\">\r\n\t\t\t\t\t\t\t\t\t\t\t\t<h4 class=\"grve-team-name grve-dark grve-h4\">Daniel James Wiggins<\/h4>\r\n\t\t\t\t\t\t\t\t\t\t\t\t<small class=\"grve-team-identity grve-dark\">BDO Technik und Umweltconsulting<\/small>\r\n\t\t\t\t\t<\/div>\r\n\t\t\t\t\t\t\t\t\t\t<div class=\"grve-team-social grve-team-social-text grve-dark\">\r\n\t\t\t\t\t\t<ul>\r\n\t\t\t\t\t\t\t<li><a href=\"mailto:&#100;a&#110;&#105;e&#108;j&#97;mes.w&#105;&#103;&#103;&#105;&#110;&#115;&#64;b&#100;&#111;.&#100;&#101;\">E-mail<\/a><\/li>\t\t\t\t\t\t<\/ul>\r\n\t\t\t\t\t<\/div>\r\n\t\t\t\t\t\t\t\t\t<\/figcaption>\r\n\t\t\t<\/figure>\r\n\t\t<\/div>\r\n\r\n\t\t[\/vc_column][vc_column width=&#8221;1\/4&#8243; tablet_sm_width=&#8221;1-2&#8243;][\/vc_column][\/vc_row][vc_row][vc_column]<div class=\"grve-element grve-hr grve-space-divider\" style=\"\"><\/div>[\/vc_column][\/vc_row]\n","protected":false},"excerpt":{"rendered":"<p>[vc_row][vc_column][vc_column_text]Roczny dodatek w wysoko\u015bci do 500 000 \u20ac na dzia\u0142ania w zakresie bada\u0144 i rozwoju \u2013 Ustawa o dodatkach na badania naukowe oferuje firmom znaczne zach\u0119ty finansowe. Pomagamy w realizacji [&hellip;]<\/p>\n","protected":false},"author":3,"featured_media":0,"parent":23877,"menu_order":0,"comment_status":"closed","ping_status":"closed","template":"","meta":{"footnotes":""},"class_list":["post-23545","page","type-page","status-publish","hentry"],"yoast_head":"<!-- This site is optimized with the Yoast SEO Premium plugin v21.6 (Yoast SEO v26.8) - https:\/\/yoast.com\/product\/yoast-seo-premium-wordpress\/ -->\n<title>Audyt budowlany i kontrola budowy dla du\u017cych projekt\u00f3w \u2013 grupa weyer<\/title>\n<meta name=\"description\" content=\"Wspieramy inwestor\u00f3w w audycie budowlanym i kontroli budowy podczas \u015bledzenia koszt\u00f3w, finansowania, jako\u015bci i post\u0119pu harmonogramu.\" \/>\n<meta name=\"robots\" content=\"noindex, follow\" \/>\n<meta property=\"og:locale\" content=\"pl_PL\" \/>\n<meta property=\"og:type\" content=\"article\" \/>\n<meta property=\"og:title\" content=\"Zintegrowane doradztwo w zakresie finansowania\" \/>\n<meta property=\"og:description\" content=\"Wspieramy inwestor\u00f3w w audycie budowlanym i kontroli budowy podczas \u015bledzenia koszt\u00f3w, finansowania, jako\u015bci i post\u0119pu harmonogramu.\" \/>\n<meta property=\"og:url\" content=\"https:\/\/test.weyer-gruppe.com\/pl\/projektanci-i-producenci-instalacji\/zintegrowane-doradztwo-w-zakresie-finansowania-2\/\" \/>\n<meta property=\"og:site_name\" content=\"weyer gruppe [test]\" \/>\n<meta property=\"article:publisher\" content=\"https:\/\/www.facebook.com\/weyergruppe\" \/>\n<meta property=\"article:modified_time\" content=\"2020-04-14T11:37:07+00:00\" \/>\n<meta name=\"twitter:card\" content=\"summary_large_image\" \/>\n<meta name=\"twitter:label1\" content=\"Szacowany czas czytania\" \/>\n\t<meta name=\"twitter:data1\" content=\"4 minuty\" \/>\n<script type=\"application\/ld+json\" class=\"yoast-schema-graph\">{\"@context\":\"https:\/\/schema.org\",\"@graph\":[{\"@type\":\"WebPage\",\"@id\":\"https:\/\/test.weyer-gruppe.com\/pl\/projektanci-i-producenci-instalacji\/zintegrowane-doradztwo-w-zakresie-finansowania-2\/\",\"url\":\"https:\/\/test.weyer-gruppe.com\/pl\/projektanci-i-producenci-instalacji\/zintegrowane-doradztwo-w-zakresie-finansowania-2\/\",\"name\":\"Audyt budowlany i kontrola budowy dla du\u017cych projekt\u00f3w \u2013 grupa weyer\",\"isPartOf\":{\"@id\":\"https:\/\/test.weyer-gruppe.com\/pl\/#website\"},\"datePublished\":\"2020-04-14T11:14:48+00:00\",\"dateModified\":\"2020-04-14T11:37:07+00:00\",\"description\":\"Wspieramy inwestor\u00f3w w audycie budowlanym i kontroli budowy podczas \u015bledzenia koszt\u00f3w, finansowania, jako\u015bci i post\u0119pu harmonogramu.\",\"breadcrumb\":{\"@id\":\"https:\/\/test.weyer-gruppe.com\/pl\/projektanci-i-producenci-instalacji\/zintegrowane-doradztwo-w-zakresie-finansowania-2\/#breadcrumb\"},\"inLanguage\":\"pl-PL\",\"potentialAction\":[{\"@type\":\"ReadAction\",\"target\":[\"https:\/\/test.weyer-gruppe.com\/pl\/projektanci-i-producenci-instalacji\/zintegrowane-doradztwo-w-zakresie-finansowania-2\/\"]}]},{\"@type\":\"BreadcrumbList\",\"@id\":\"https:\/\/test.weyer-gruppe.com\/pl\/projektanci-i-producenci-instalacji\/zintegrowane-doradztwo-w-zakresie-finansowania-2\/#breadcrumb\",\"itemListElement\":[{\"@type\":\"ListItem\",\"position\":1,\"name\":\"HOME\",\"item\":\"https:\/\/test.weyer-gruppe.com\/pl\/\"},{\"@type\":\"ListItem\",\"position\":2,\"name\":\"Projektanci i producenci instalacji\",\"item\":\"https:\/\/test.weyer-gruppe.com\/pl\/projektanci-i-producenci-instalacji\/\"},{\"@type\":\"ListItem\",\"position\":3,\"name\":\"Zintegrowane doradztwo w zakresie finansowania\"}]},{\"@type\":\"WebSite\",\"@id\":\"https:\/\/test.weyer-gruppe.com\/pl\/#website\",\"url\":\"https:\/\/test.weyer-gruppe.com\/pl\/\",\"name\":\"weyer gruppe [test]\",\"description\":\"komplett. durchdacht.\",\"publisher\":{\"@id\":\"https:\/\/test.weyer-gruppe.com\/pl\/#organization\"},\"potentialAction\":[{\"@type\":\"SearchAction\",\"target\":{\"@type\":\"EntryPoint\",\"urlTemplate\":\"https:\/\/test.weyer-gruppe.com\/pl\/?s={search_term_string}\"},\"query-input\":{\"@type\":\"PropertyValueSpecification\",\"valueRequired\":true,\"valueName\":\"search_term_string\"}}],\"inLanguage\":\"pl-PL\"},{\"@type\":\"Organization\",\"@id\":\"https:\/\/test.weyer-gruppe.com\/pl\/#organization\",\"name\":\"weyer gruppe\",\"url\":\"https:\/\/test.weyer-gruppe.com\/pl\/\",\"logo\":{\"@type\":\"ImageObject\",\"inLanguage\":\"pl-PL\",\"@id\":\"https:\/\/test.weyer-gruppe.com\/pl\/#\/schema\/logo\/image\/\",\"url\":\"https:\/\/test.weyer-gruppe.com\/wp-content\/uploads\/2019\/07\/logo-weyer-gruppe-de.png\",\"contentUrl\":\"https:\/\/test.weyer-gruppe.com\/wp-content\/uploads\/2019\/07\/logo-weyer-gruppe-de.png\",\"width\":532,\"height\":513,\"caption\":\"weyer gruppe\"},\"image\":{\"@id\":\"https:\/\/test.weyer-gruppe.com\/pl\/#\/schema\/logo\/image\/\"},\"sameAs\":[\"https:\/\/www.facebook.com\/weyergruppe\",\"https:\/\/de.linkedin.com\/company\/weyer-gruppe\",\"https:\/\/www.youtube.com\/channel\/UCmZItECuW56Ih_p501_Bq8A\"]}]}<\/script>\n<!-- \/ Yoast SEO Premium plugin. -->","yoast_head_json":{"title":"Audyt budowlany i kontrola budowy dla du\u017cych projekt\u00f3w \u2013 grupa weyer","description":"Wspieramy inwestor\u00f3w w audycie budowlanym i kontroli budowy podczas \u015bledzenia koszt\u00f3w, finansowania, jako\u015bci i post\u0119pu harmonogramu.","robots":{"index":"noindex","follow":"follow"},"og_locale":"pl_PL","og_type":"article","og_title":"Zintegrowane doradztwo w zakresie finansowania","og_description":"Wspieramy inwestor\u00f3w w audycie budowlanym i kontroli budowy podczas \u015bledzenia koszt\u00f3w, finansowania, jako\u015bci i post\u0119pu harmonogramu.","og_url":"https:\/\/test.weyer-gruppe.com\/pl\/projektanci-i-producenci-instalacji\/zintegrowane-doradztwo-w-zakresie-finansowania-2\/","og_site_name":"weyer gruppe [test]","article_publisher":"https:\/\/www.facebook.com\/weyergruppe","article_modified_time":"2020-04-14T11:37:07+00:00","twitter_card":"summary_large_image","twitter_misc":{"Szacowany czas czytania":"4 minuty"},"schema":{"@context":"https:\/\/schema.org","@graph":[{"@type":"WebPage","@id":"https:\/\/test.weyer-gruppe.com\/pl\/projektanci-i-producenci-instalacji\/zintegrowane-doradztwo-w-zakresie-finansowania-2\/","url":"https:\/\/test.weyer-gruppe.com\/pl\/projektanci-i-producenci-instalacji\/zintegrowane-doradztwo-w-zakresie-finansowania-2\/","name":"Audyt budowlany i kontrola budowy dla du\u017cych projekt\u00f3w \u2013 grupa weyer","isPartOf":{"@id":"https:\/\/test.weyer-gruppe.com\/pl\/#website"},"datePublished":"2020-04-14T11:14:48+00:00","dateModified":"2020-04-14T11:37:07+00:00","description":"Wspieramy inwestor\u00f3w w audycie budowlanym i kontroli budowy podczas \u015bledzenia koszt\u00f3w, finansowania, jako\u015bci i post\u0119pu harmonogramu.","breadcrumb":{"@id":"https:\/\/test.weyer-gruppe.com\/pl\/projektanci-i-producenci-instalacji\/zintegrowane-doradztwo-w-zakresie-finansowania-2\/#breadcrumb"},"inLanguage":"pl-PL","potentialAction":[{"@type":"ReadAction","target":["https:\/\/test.weyer-gruppe.com\/pl\/projektanci-i-producenci-instalacji\/zintegrowane-doradztwo-w-zakresie-finansowania-2\/"]}]},{"@type":"BreadcrumbList","@id":"https:\/\/test.weyer-gruppe.com\/pl\/projektanci-i-producenci-instalacji\/zintegrowane-doradztwo-w-zakresie-finansowania-2\/#breadcrumb","itemListElement":[{"@type":"ListItem","position":1,"name":"HOME","item":"https:\/\/test.weyer-gruppe.com\/pl\/"},{"@type":"ListItem","position":2,"name":"Projektanci i producenci instalacji","item":"https:\/\/test.weyer-gruppe.com\/pl\/projektanci-i-producenci-instalacji\/"},{"@type":"ListItem","position":3,"name":"Zintegrowane doradztwo w zakresie finansowania"}]},{"@type":"WebSite","@id":"https:\/\/test.weyer-gruppe.com\/pl\/#website","url":"https:\/\/test.weyer-gruppe.com\/pl\/","name":"weyer gruppe [test]","description":"komplett. durchdacht.","publisher":{"@id":"https:\/\/test.weyer-gruppe.com\/pl\/#organization"},"potentialAction":[{"@type":"SearchAction","target":{"@type":"EntryPoint","urlTemplate":"https:\/\/test.weyer-gruppe.com\/pl\/?s={search_term_string}"},"query-input":{"@type":"PropertyValueSpecification","valueRequired":true,"valueName":"search_term_string"}}],"inLanguage":"pl-PL"},{"@type":"Organization","@id":"https:\/\/test.weyer-gruppe.com\/pl\/#organization","name":"weyer gruppe","url":"https:\/\/test.weyer-gruppe.com\/pl\/","logo":{"@type":"ImageObject","inLanguage":"pl-PL","@id":"https:\/\/test.weyer-gruppe.com\/pl\/#\/schema\/logo\/image\/","url":"https:\/\/test.weyer-gruppe.com\/wp-content\/uploads\/2019\/07\/logo-weyer-gruppe-de.png","contentUrl":"https:\/\/test.weyer-gruppe.com\/wp-content\/uploads\/2019\/07\/logo-weyer-gruppe-de.png","width":532,"height":513,"caption":"weyer gruppe"},"image":{"@id":"https:\/\/test.weyer-gruppe.com\/pl\/#\/schema\/logo\/image\/"},"sameAs":["https:\/\/www.facebook.com\/weyergruppe","https:\/\/de.linkedin.com\/company\/weyer-gruppe","https:\/\/www.youtube.com\/channel\/UCmZItECuW56Ih_p501_Bq8A"]}]}},"_links":{"self":[{"href":"https:\/\/test.weyer-gruppe.com\/pl\/wp-json\/wp\/v2\/pages\/23545","targetHints":{"allow":["GET"]}}],"collection":[{"href":"https:\/\/test.weyer-gruppe.com\/pl\/wp-json\/wp\/v2\/pages"}],"about":[{"href":"https:\/\/test.weyer-gruppe.com\/pl\/wp-json\/wp\/v2\/types\/page"}],"author":[{"embeddable":true,"href":"https:\/\/test.weyer-gruppe.com\/pl\/wp-json\/wp\/v2\/users\/3"}],"replies":[{"embeddable":true,"href":"https:\/\/test.weyer-gruppe.com\/pl\/wp-json\/wp\/v2\/comments?post=23545"}],"version-history":[{"count":0,"href":"https:\/\/test.weyer-gruppe.com\/pl\/wp-json\/wp\/v2\/pages\/23545\/revisions"}],"up":[{"embeddable":true,"href":"https:\/\/test.weyer-gruppe.com\/pl\/wp-json\/wp\/v2\/pages\/23877"}],"wp:attachment":[{"href":"https:\/\/test.weyer-gruppe.com\/pl\/wp-json\/wp\/v2\/media?parent=23545"}],"curies":[{"name":"wp","href":"https:\/\/api.w.org\/{rel}","templated":true}]}}