{"id":23465,"date":"2019-12-17T10:19:40","date_gmt":"2019-12-17T09:19:40","guid":{"rendered":"https:\/\/test.weyer-gruppe.com\/trwale-skazenia-gruntu-i-zarzadzanie-powierzchnia-2\/"},"modified":"2023-03-14T11:57:38","modified_gmt":"2023-03-14T10:57:38","slug":"trwale-skazenia-gruntu-i-zarzadzanie-powierzchnia-2","status":"publish","type":"page","link":"https:\/\/test.weyer-gruppe.com\/pl\/projektanci-i-producenci-instalacji\/trwale-skazenia-gruntu-i-zarzadzanie-powierzchnia-2\/","title":{"rendered":"Trwa\u0142e ska\u017cenia gruntu i zarz\u0105dzanie powierzchni\u0105"},"content":{"rendered":"[vc_row][vc_column][vc_column_text]Odpowiedzialny rozw\u00f3j portfolio, udost\u0119pnianie grunt\u00f3w budowlanych, dzia\u0142alno\u015b\u0107 finansowa bank\u00f3w i inwestor\u00f3w dostarczaj\u0105cych kapita\u0142u podwy\u017cszonego ryzyka lub fuzje\/nabycia przedsi\u0119biorstw w coraz wi\u0119kszym stopniu wymagaj\u0105 krytycznej analizy ryzyka, kt\u00f3re mo\u017ce wynika\u0107 z zanieczyszczenia gleby i w\u00f3d gruntowych.<\/p>\n<h2>Us\u0142ugi<\/h2>\n<ul class=\"arrow-gray\">\n<li>Sprz\u0119\u017cona analiza ekonomicznych i ekologicznych efekt\u00f3w \u015brodk\u00f3w zarz\u0105dzania gruntami w biznesplanach projekt\u00f3w<\/li>\n<li>Badania wykonalno\u015bci w odniesieniu do rewitalizacji grunt\u00f3w<\/li>\n<li>Ocena ryzyka \u015brodowiskowego (identyfikacja i kwantyfikacja ryzyka, kt\u00f3re mo\u017ce wynika\u0107 z dzia\u0142alno\u015bci przedsi\u0119biorstwa maj\u0105cej znaczenie dla \u015brodowiska)<\/li>\n<li>Oceny ryzyka zwi\u0105zanego ze ska\u017ceniem gruntu<\/li>\n<li>Kr\u00f3tkie analizy ska\u017cenia gruntu i jego ocena<\/li>\n<li>Kontrola wiarygodno\u015bci ekspertyz dotycz\u0105cych ska\u017cenia gruntu (s\u0142owo kluczowe: \u201e2. opinia\u201d)<\/li>\n<li>Prognozy koszt\u00f3w rozbi\u00f3rki i rekultywacji<\/li>\n<li>Systemy zarz\u0105dzania s\u0142u\u017c\u0105ce do rejestrowania og\u00f3lnej sytuacji w zakresie ryzyka w portfolio<\/li>\n<li>Doradztwo w zakresie warunk\u00f3w ramowych zarz\u0105dzania gruntami (organizacyjnych i podatkowych)<\/li>\n<\/ul>\n<h2>Pa\u0144stwa korzy\u015bci<\/h2>\n<ul class=\"arrow-gray\">\n<li>Bezpiecze\u0144stwo transakcji zwi\u0105zanych z nieruchomo\u015bciami gruntowymi<\/li>\n<li>\u015acis\u0142e powi\u0105zanie oceny technicznej z ocen\u0105 prawn\u0105 i ekonomiczn\u0105 ryzyka zwi\u0105zanego ze ska\u017ceniem gruntu oraz (potencjalnych) obowi\u0105zk\u00f3w w zakresie rekultywacji<\/li>\n<li>Systematyczne i zorientowane na praktyk\u0119 prognozy koszt\u00f3w w obliczaniu scenariuszy<\/li>\n<li>Zintegrowana i skwantyfikowana ocena ryzyka<\/li>\n<li>Druga opinia w sprawie konieczno\u015bci przeprowadzenia bada\u0144 i dzia\u0142a\u0144 naprawczych oraz przebiegu d\u0142ugotrwa\u0142ego oczyszczania w\u00f3d gruntowych itp.<\/li>\n<\/ul>\n[\/vc_column_text][\/vc_column][\/vc_row][vc_row bg_type=&#8221;color&#8221; bg_color=&#8221;#0b3c80&#8243;][vc_column css=&#8221;.vc_custom_1563974199119{padding-top: 25px !important;padding-bottom: 25px !important;padding-left: 25px !important;}&#8221;]<div class=\"grve-element grve-hr grve-space-divider\" style=\"\"><\/div><div class=\"grve-element grve-image-text\" style=\"\">  <div class=\"grve-content grve-align-right\">    <h6>weyer spezial: zarz\u0105dzanie powierzchni\u0105<\/h6>  <p><span style=\"color: #ffffff;\">Zarz\u0105dzanie gruntami coraz cz\u0119\u015bciej prezentuje si\u0119 jako ogniwo \u0142\u0105cz\u0105ce rozw\u00f3j urbanistyczny, zarz\u0105dzanie nieruchomo\u015bciami komunalnymi, rozw\u00f3j dzia\u0142alno\u015bci gospodarczej i ochron\u0119 \u015brodowiska. Dlatego te\u017c oferujemy klientom publicznym i prywatnym us\u0142ugi pocz\u0105wszy od zarz\u0105dzania zanieczyszczonymi terenami, poprzez analizy koszt\u00f3w i korzy\u015bci gospodarczych, a\u017c po doradztwo w zakresie planowania (miejskiego i regionalnego)&#8230;<\/span><\/p>    <a href=\"https:\/\/test.weyer-gruppe.com\/wp-content\/uploads\/2019\/07\/weyer-spezial-flaechenmanagement-0612.pdf\" target=\"_blank\" class=\"grve-read-more \">Pobierz weyer spezial tutaj<\/a>  <\/div><div class=\"grve-image\"><img decoding=\"async\" width=\"250\" height=\"354\" src=\"https:\/\/test.weyer-gruppe.com\/wp-content\/uploads\/2019\/07\/weyer-spezial-weyer-gruppe-flaechenmanagement.jpg\" class=\"attachment-full size-full\" alt=\"weyer spezial zum Thema Fl\u00e4chenmanagement\" srcset=\"\" \/><\/div><\/div><div class=\"grve-element grve-hr grve-space-divider\" style=\"\"><\/div>[\/vc_column][\/vc_row][vc_row][vc_column]<div class=\"grve-element grve-hr grve-space-divider\" style=\"\"><\/div><h3 class=\"grve-element grve-align-left grve-title-no-line grve-h3\" style=\"\"><span>Nasz zesp\u00f3\u0142<\/span><\/h3>[\/vc_column][\/vc_row][vc_row][vc_column width=&#8221;1\/4&#8243; tablet_sm_width=&#8221;1-2&#8243;]\r\n\t\t<div class=\"grve-team grve-element\" style=\"\">\r\n\t\t\t<figure class=\"grve-image-hover grve-style-1 grve-zoom-in\">\r\n\t\t\t\t<div class=\"grve-team-person grve-media grve-dark-overlay grve-opacity-60\">\r\n\t\t\t\t\t<img decoding=\"async\" width=\"300\" height=\"300\" src=\"https:\/\/test.weyer-gruppe.com\/wp-content\/uploads\/2019\/07\/pr-kai-steffens.jpg\" class=\"attachment-grve-image-small-square size-grve-image-small-square\" alt=\"Zdj\u0119cie pracownika Dr. Kai Steffens z BDO TUC GmbH und PROBIOTEC GmbH\" \/>\t\t\t\t<\/div>\r\n\t\t\t\t<figcaption>\r\n\t\t\t\t\t<div class=\"grve-team-description\">\r\n\t\t\t\t\t\t\t\t\t\t\t\t<h4 class=\"grve-team-name grve-dark grve-h4\">Dr.-Ing. Kai Steffens<\/h4>\r\n\t\t\t\t\t\t\t\t\t\t\t\t<small class=\"grve-team-identity grve-dark\">BDO Technik und Umweltconsulting<\/small>\r\n\t\t\t\t\t<\/div>\r\n\t\t\t\t\t\t\t\t\t\t<div class=\"grve-team-social grve-team-social-text grve-dark\">\r\n\t\t\t\t\t\t<ul>\r\n\t\t\t\t\t\t\t<li><a href=\"mailto:k.&#115;&#116;&#101;&#102;&#102;en&#115;&#64;w&#101;&#121;&#101;r&#45;&#103;&#114;up&#112;e.&#99;om\">E-mail<\/a><\/li>\t\t\t\t\t\t<\/ul>\r\n\t\t\t\t\t<\/div>\r\n\t\t\t\t\t\t\t\t\t<\/figcaption>\r\n\t\t\t<\/figure>\r\n\t\t<\/div>\r\n\r\n\t\t[\/vc_column][vc_column width=&#8221;1\/4&#8243; tablet_sm_width=&#8221;1-2&#8243;][\/vc_column][vc_column width=&#8221;1\/4&#8243; tablet_sm_width=&#8221;1-2&#8243;][\/vc_column][vc_column width=&#8221;1\/4&#8243; tablet_sm_width=&#8221;1-2&#8243;][\/vc_column][\/vc_row][vc_row][vc_column]<div class=\"grve-element grve-hr grve-space-divider\" style=\"\"><\/div>[\/vc_column][\/vc_row]\n","protected":false},"excerpt":{"rendered":"<p>[vc_row][vc_column][vc_column_text]Odpowiedzialny rozw\u00f3j portfolio, udost\u0119pnianie grunt\u00f3w budowlanych, dzia\u0142alno\u015b\u0107 finansowa bank\u00f3w i inwestor\u00f3w dostarczaj\u0105cych kapita\u0142u podwy\u017cszonego ryzyka lub fuzje\/nabycia przedsi\u0119biorstw w coraz wi\u0119kszym stopniu wymagaj\u0105 krytycznej analizy ryzyka, kt\u00f3re mo\u017ce wynika\u0107 z [&hellip;]<\/p>\n","protected":false},"author":3,"featured_media":0,"parent":23877,"menu_order":0,"comment_status":"closed","ping_status":"closed","template":"","meta":{"footnotes":""},"class_list":["post-23465","page","type-page","status-publish","hentry"],"yoast_head":"<!-- This site is optimized with the Yoast SEO Premium plugin v21.6 (Yoast SEO v26.8) - https:\/\/yoast.com\/product\/yoast-seo-premium-wordpress\/ -->\n<title>Trwa\u0142e ska\u017cenia gruntu i zarz\u0105dzanie powierzchni\u0105 - weyer gruppe [test]<\/title>\n<meta name=\"robots\" content=\"noindex, follow, max-snippet:-1, max-image-preview:large, max-video-preview:-1\" \/>\n<meta property=\"og:locale\" content=\"pl_PL\" \/>\n<meta property=\"og:type\" content=\"article\" \/>\n<meta property=\"og:title\" content=\"Trwa\u0142e ska\u017cenia gruntu i zarz\u0105dzanie powierzchni\u0105\" \/>\n<meta property=\"og:description\" content=\"[vc_row][vc_column][vc_column_text]Odpowiedzialny rozw\u00f3j portfolio, udost\u0119pnianie grunt\u00f3w budowlanych, dzia\u0142alno\u015b\u0107 finansowa bank\u00f3w i inwestor\u00f3w dostarczaj\u0105cych kapita\u0142u podwy\u017cszonego ryzyka lub fuzje\/nabycia przedsi\u0119biorstw w coraz wi\u0119kszym stopniu wymagaj\u0105 krytycznej analizy ryzyka, kt\u00f3re mo\u017ce wynika\u0107 z [&hellip;]\" \/>\n<meta property=\"og:url\" content=\"https:\/\/test.weyer-gruppe.com\/pl\/projektanci-i-producenci-instalacji\/trwale-skazenia-gruntu-i-zarzadzanie-powierzchnia-2\/\" \/>\n<meta property=\"og:site_name\" content=\"weyer gruppe [test]\" \/>\n<meta property=\"article:publisher\" content=\"https:\/\/www.facebook.com\/weyergruppe\" \/>\n<meta property=\"article:modified_time\" content=\"2023-03-14T10:57:38+00:00\" \/>\n<meta name=\"twitter:card\" content=\"summary_large_image\" \/>\n<meta name=\"twitter:label1\" content=\"Szacowany czas czytania\" \/>\n\t<meta name=\"twitter:data1\" content=\"2 minuty\" \/>\n<script type=\"application\/ld+json\" class=\"yoast-schema-graph\">{\"@context\":\"https:\/\/schema.org\",\"@graph\":[{\"@type\":\"WebPage\",\"@id\":\"https:\/\/test.weyer-gruppe.com\/pl\/projektanci-i-producenci-instalacji\/trwale-skazenia-gruntu-i-zarzadzanie-powierzchnia-2\/\",\"url\":\"https:\/\/test.weyer-gruppe.com\/pl\/projektanci-i-producenci-instalacji\/trwale-skazenia-gruntu-i-zarzadzanie-powierzchnia-2\/\",\"name\":\"Trwa\u0142e ska\u017cenia gruntu i zarz\u0105dzanie powierzchni\u0105 - weyer gruppe [test]\",\"isPartOf\":{\"@id\":\"https:\/\/test.weyer-gruppe.com\/pl\/#website\"},\"datePublished\":\"2019-12-17T09:19:40+00:00\",\"dateModified\":\"2023-03-14T10:57:38+00:00\",\"breadcrumb\":{\"@id\":\"https:\/\/test.weyer-gruppe.com\/pl\/projektanci-i-producenci-instalacji\/trwale-skazenia-gruntu-i-zarzadzanie-powierzchnia-2\/#breadcrumb\"},\"inLanguage\":\"pl-PL\",\"potentialAction\":[{\"@type\":\"ReadAction\",\"target\":[\"https:\/\/test.weyer-gruppe.com\/pl\/projektanci-i-producenci-instalacji\/trwale-skazenia-gruntu-i-zarzadzanie-powierzchnia-2\/\"]}]},{\"@type\":\"BreadcrumbList\",\"@id\":\"https:\/\/test.weyer-gruppe.com\/pl\/projektanci-i-producenci-instalacji\/trwale-skazenia-gruntu-i-zarzadzanie-powierzchnia-2\/#breadcrumb\",\"itemListElement\":[{\"@type\":\"ListItem\",\"position\":1,\"name\":\"HOME\",\"item\":\"https:\/\/test.weyer-gruppe.com\/pl\/\"},{\"@type\":\"ListItem\",\"position\":2,\"name\":\"Projektanci i producenci instalacji\",\"item\":\"https:\/\/test.weyer-gruppe.com\/pl\/projektanci-i-producenci-instalacji\/\"},{\"@type\":\"ListItem\",\"position\":3,\"name\":\"Trwa\u0142e ska\u017cenia gruntu i zarz\u0105dzanie powierzchni\u0105\"}]},{\"@type\":\"WebSite\",\"@id\":\"https:\/\/test.weyer-gruppe.com\/pl\/#website\",\"url\":\"https:\/\/test.weyer-gruppe.com\/pl\/\",\"name\":\"weyer gruppe [test]\",\"description\":\"komplett. durchdacht.\",\"publisher\":{\"@id\":\"https:\/\/test.weyer-gruppe.com\/pl\/#organization\"},\"potentialAction\":[{\"@type\":\"SearchAction\",\"target\":{\"@type\":\"EntryPoint\",\"urlTemplate\":\"https:\/\/test.weyer-gruppe.com\/pl\/?s={search_term_string}\"},\"query-input\":{\"@type\":\"PropertyValueSpecification\",\"valueRequired\":true,\"valueName\":\"search_term_string\"}}],\"inLanguage\":\"pl-PL\"},{\"@type\":\"Organization\",\"@id\":\"https:\/\/test.weyer-gruppe.com\/pl\/#organization\",\"name\":\"weyer gruppe\",\"url\":\"https:\/\/test.weyer-gruppe.com\/pl\/\",\"logo\":{\"@type\":\"ImageObject\",\"inLanguage\":\"pl-PL\",\"@id\":\"https:\/\/test.weyer-gruppe.com\/pl\/#\/schema\/logo\/image\/\",\"url\":\"https:\/\/test.weyer-gruppe.com\/wp-content\/uploads\/2019\/07\/logo-weyer-gruppe-de.png\",\"contentUrl\":\"https:\/\/test.weyer-gruppe.com\/wp-content\/uploads\/2019\/07\/logo-weyer-gruppe-de.png\",\"width\":532,\"height\":513,\"caption\":\"weyer gruppe\"},\"image\":{\"@id\":\"https:\/\/test.weyer-gruppe.com\/pl\/#\/schema\/logo\/image\/\"},\"sameAs\":[\"https:\/\/www.facebook.com\/weyergruppe\",\"https:\/\/de.linkedin.com\/company\/weyer-gruppe\",\"https:\/\/www.youtube.com\/channel\/UCmZItECuW56Ih_p501_Bq8A\"]}]}<\/script>\n<!-- \/ Yoast SEO Premium plugin. -->","yoast_head_json":{"title":"Trwa\u0142e ska\u017cenia gruntu i zarz\u0105dzanie powierzchni\u0105 - weyer gruppe [test]","robots":{"index":"noindex","follow":"follow","max-snippet":"max-snippet:-1","max-image-preview":"max-image-preview:large","max-video-preview":"max-video-preview:-1"},"og_locale":"pl_PL","og_type":"article","og_title":"Trwa\u0142e ska\u017cenia gruntu i zarz\u0105dzanie powierzchni\u0105","og_description":"[vc_row][vc_column][vc_column_text]Odpowiedzialny rozw\u00f3j portfolio, udost\u0119pnianie grunt\u00f3w budowlanych, dzia\u0142alno\u015b\u0107 finansowa bank\u00f3w i inwestor\u00f3w dostarczaj\u0105cych kapita\u0142u podwy\u017cszonego ryzyka lub fuzje\/nabycia przedsi\u0119biorstw w coraz wi\u0119kszym stopniu wymagaj\u0105 krytycznej analizy ryzyka, kt\u00f3re mo\u017ce wynika\u0107 z [&hellip;]","og_url":"https:\/\/test.weyer-gruppe.com\/pl\/projektanci-i-producenci-instalacji\/trwale-skazenia-gruntu-i-zarzadzanie-powierzchnia-2\/","og_site_name":"weyer gruppe [test]","article_publisher":"https:\/\/www.facebook.com\/weyergruppe","article_modified_time":"2023-03-14T10:57:38+00:00","twitter_card":"summary_large_image","twitter_misc":{"Szacowany czas czytania":"2 minuty"},"schema":{"@context":"https:\/\/schema.org","@graph":[{"@type":"WebPage","@id":"https:\/\/test.weyer-gruppe.com\/pl\/projektanci-i-producenci-instalacji\/trwale-skazenia-gruntu-i-zarzadzanie-powierzchnia-2\/","url":"https:\/\/test.weyer-gruppe.com\/pl\/projektanci-i-producenci-instalacji\/trwale-skazenia-gruntu-i-zarzadzanie-powierzchnia-2\/","name":"Trwa\u0142e ska\u017cenia gruntu i zarz\u0105dzanie powierzchni\u0105 - weyer gruppe [test]","isPartOf":{"@id":"https:\/\/test.weyer-gruppe.com\/pl\/#website"},"datePublished":"2019-12-17T09:19:40+00:00","dateModified":"2023-03-14T10:57:38+00:00","breadcrumb":{"@id":"https:\/\/test.weyer-gruppe.com\/pl\/projektanci-i-producenci-instalacji\/trwale-skazenia-gruntu-i-zarzadzanie-powierzchnia-2\/#breadcrumb"},"inLanguage":"pl-PL","potentialAction":[{"@type":"ReadAction","target":["https:\/\/test.weyer-gruppe.com\/pl\/projektanci-i-producenci-instalacji\/trwale-skazenia-gruntu-i-zarzadzanie-powierzchnia-2\/"]}]},{"@type":"BreadcrumbList","@id":"https:\/\/test.weyer-gruppe.com\/pl\/projektanci-i-producenci-instalacji\/trwale-skazenia-gruntu-i-zarzadzanie-powierzchnia-2\/#breadcrumb","itemListElement":[{"@type":"ListItem","position":1,"name":"HOME","item":"https:\/\/test.weyer-gruppe.com\/pl\/"},{"@type":"ListItem","position":2,"name":"Projektanci i producenci instalacji","item":"https:\/\/test.weyer-gruppe.com\/pl\/projektanci-i-producenci-instalacji\/"},{"@type":"ListItem","position":3,"name":"Trwa\u0142e ska\u017cenia gruntu i zarz\u0105dzanie powierzchni\u0105"}]},{"@type":"WebSite","@id":"https:\/\/test.weyer-gruppe.com\/pl\/#website","url":"https:\/\/test.weyer-gruppe.com\/pl\/","name":"weyer gruppe [test]","description":"komplett. durchdacht.","publisher":{"@id":"https:\/\/test.weyer-gruppe.com\/pl\/#organization"},"potentialAction":[{"@type":"SearchAction","target":{"@type":"EntryPoint","urlTemplate":"https:\/\/test.weyer-gruppe.com\/pl\/?s={search_term_string}"},"query-input":{"@type":"PropertyValueSpecification","valueRequired":true,"valueName":"search_term_string"}}],"inLanguage":"pl-PL"},{"@type":"Organization","@id":"https:\/\/test.weyer-gruppe.com\/pl\/#organization","name":"weyer gruppe","url":"https:\/\/test.weyer-gruppe.com\/pl\/","logo":{"@type":"ImageObject","inLanguage":"pl-PL","@id":"https:\/\/test.weyer-gruppe.com\/pl\/#\/schema\/logo\/image\/","url":"https:\/\/test.weyer-gruppe.com\/wp-content\/uploads\/2019\/07\/logo-weyer-gruppe-de.png","contentUrl":"https:\/\/test.weyer-gruppe.com\/wp-content\/uploads\/2019\/07\/logo-weyer-gruppe-de.png","width":532,"height":513,"caption":"weyer gruppe"},"image":{"@id":"https:\/\/test.weyer-gruppe.com\/pl\/#\/schema\/logo\/image\/"},"sameAs":["https:\/\/www.facebook.com\/weyergruppe","https:\/\/de.linkedin.com\/company\/weyer-gruppe","https:\/\/www.youtube.com\/channel\/UCmZItECuW56Ih_p501_Bq8A"]}]}},"_links":{"self":[{"href":"https:\/\/test.weyer-gruppe.com\/pl\/wp-json\/wp\/v2\/pages\/23465","targetHints":{"allow":["GET"]}}],"collection":[{"href":"https:\/\/test.weyer-gruppe.com\/pl\/wp-json\/wp\/v2\/pages"}],"about":[{"href":"https:\/\/test.weyer-gruppe.com\/pl\/wp-json\/wp\/v2\/types\/page"}],"author":[{"embeddable":true,"href":"https:\/\/test.weyer-gruppe.com\/pl\/wp-json\/wp\/v2\/users\/3"}],"replies":[{"embeddable":true,"href":"https:\/\/test.weyer-gruppe.com\/pl\/wp-json\/wp\/v2\/comments?post=23465"}],"version-history":[{"count":2,"href":"https:\/\/test.weyer-gruppe.com\/pl\/wp-json\/wp\/v2\/pages\/23465\/revisions"}],"predecessor-version":[{"id":45415,"href":"https:\/\/test.weyer-gruppe.com\/pl\/wp-json\/wp\/v2\/pages\/23465\/revisions\/45415"}],"up":[{"embeddable":true,"href":"https:\/\/test.weyer-gruppe.com\/pl\/wp-json\/wp\/v2\/pages\/23877"}],"wp:attachment":[{"href":"https:\/\/test.weyer-gruppe.com\/pl\/wp-json\/wp\/v2\/media?parent=23465"}],"curies":[{"name":"wp","href":"https:\/\/api.w.org\/{rel}","templated":true}]}}