{"id":23443,"date":"2019-11-19T13:31:04","date_gmt":"2019-11-19T12:31:04","guid":{"rendered":"https:\/\/test.weyer-gruppe.com\/pako-rozwiazanie-programowe-do-rejestracji-procesow-projektowych-i-przydzielania-kont\/"},"modified":"2023-03-14T09:48:00","modified_gmt":"2023-03-14T08:48:00","slug":"pako-rozwiazanie-programowe-do-rejestracji-procesow-projektowych-i-przydzielania-kont","status":"publish","type":"page","link":"https:\/\/test.weyer-gruppe.com\/pl\/projektanci-i-producenci-instalacji\/pako-rozwiazanie-programowe-do-rejestracji-procesow-projektowych-i-przydzielania-kont\/","title":{"rendered":"PAKO \u2013 rozwi\u0105zanie programowe do rejestracji proces\u00f3w projektowych i przydzielania kont"},"content":{"rendered":"[vc_row][vc_column][vc_column_text]PAKO s\u0142u\u017cy do zarz\u0105dzania danymi ofertowymi i projektowymi, rejestracji czasu i fakturowania. Jest to rozwi\u0105zanie programowe do rejestracji proces\u00f3w projektowych i przydzielania kont. To optymalny program szczeg\u00f3lnie dla us\u0142ugodawc\u00f3w do monitorowania proces\u00f3w projektowych i kontroli koszt\u00f3w.<\/p>\n<p>Podstaw\u0119 programu internetowego stanowi zarz\u0105dzanie projektem. Tutaj mo\u017cna wprowadza\u0107 i \u015bledzi\u0107 unikalne numery projekt\u00f3w, dane bud\u017cetowe, szczeg\u00f3\u0142ow\u0105 kalkulacj\u0119 i inne istotne szczeg\u00f3\u0142y dotycz\u0105ce zlecenia. W tym celu wszyscy pracownicy wprowadzaj\u0105 swoje godziny pracy w PAKO i przydzielaj\u0105 je do odpowiednich projekt\u00f3w. Przy pomocy przechowywanych stawek godzinowych bezpo\u015brednio obliczany jest pozosta\u0142y bud\u017cet projektu pomniejszony o koszty podr\u00f3\u017cy.<\/p>\n<p>Dzi\u0119ki dok\u0142adnemu rejestrowaniu czasu pracy i przydzielaniu kont za po\u015brednictwem zarz\u0105dzania personelem mo\u017cna nast\u0119pnie przegl\u0105da\u0107 obci\u0105\u017cenie pracownik\u00f3w projektem i ich godziny pracy. Rozszerzenie tej funkcji umo\u017cliwia planowanie wydajno\u015bci. Tutaj pracownicy mog\u0105 planowa\u0107 sw\u00f3j czas pracy z wyprzedzeniem, aby na wczesnym etapie wykry\u0107 deficyty lub luki w wykorzystaniu mocy produkcyjnych i zapobiec im. W ten spos\u00f3b PAKO oferuje kompleksowe mo\u017cliwo\u015bci jako oprogramowanie do rejestracji proces\u00f3w projektowych i przydzielania kont.<\/p>\n<p>Ponadto za pomoc\u0105 rejestracji czasu mo\u017cna sterowa\u0107 kontem elastycznego czasu pracy. Wiele firm oferuje to swoim pracownikom, aby zrekompensowa\u0107 dni pomostowe lub wahania zam\u00f3wie\u0144. Jako prze\u0142o\u017ceni mog\u0105 Pa\u0144stwo zapozna\u0107 si\u0119 z aktualnym elastycznym czasem pracy swoich pracownik\u00f3w i zarz\u0105dza\u0107 r\u00f3\u017cnymi modelami czasu pracy.<\/p>\n<p>Program posiada r\u00f3wnie\u017c kompleksowe zarz\u0105dzanie klientami. Poza nazwiskami i adresami klient\u00f3w mo\u017cna r\u00f3wnie\u017c wprowadzi\u0107 osoby kontaktowe z ich danymi kontaktowymi i przypisa\u0107 je do w\u0142asnych pracownik\u00f3w w celu utrzymania kontaktu. Ponadto modu\u0142 ten posiada funkcje wyszukiwania oraz mo\u017cliwo\u015b\u0107 notowania dzia\u0142a\u0144 marketingowych (np. newslettera lub kartek \u015bwi\u0105tecznych).<\/p>\n<p>Wszystkie obszary PAKO s\u0105 zarz\u0105dzane poprzez przydzia\u0142 uprawnie\u0144. W ten spos\u00f3b ka\u017cdy pracownik widzi tylko te funkcje, kt\u00f3re s\u0105 mu potrzebne.[\/vc_column_text][\/vc_column][\/vc_row][vc_row][vc_column width=&#8221;1\/2&#8243;]<h2 class=\"grve-element grve-align-left grve-title-no-line grve-h2\" style=\"\"><span>Zestawienie funkcji<\/span><\/h2>[vc_column_text]\n<ul class=\"arrow-gray\">\n<li>Zarz\u0105dzanie ofertami i projektami<\/li>\n<li>Rejestracja czasu<\/li>\n<li>Zarz\u0105dzanie kosztami podr\u00f3\u017cy i us\u0142ug<\/li>\n<li>Zarz\u0105dzanie fakturami<\/li>\n<li>Zarz\u0105dzanie klientami<\/li>\n<li>Zarz\u0105dzanie danymi osobowymi<\/li>\n<li>Zarz\u0105dzanie prawami<\/li>\n<li>Tworzenie list referencyjnych<\/li>\n<li>Rejestracja podstawowych danych (np. standardowe stawki godzinowe, dni wolne od pracy)<\/li>\n<li>Raporty<\/li>\n<\/ul>\n[\/vc_column_text][\/vc_column][vc_column width=&#8221;1\/2&#8243;]<h2 class=\"grve-element grve-align-left grve-title-no-line grve-h2\" style=\"\"><span>Zalety<\/span><\/h2>[vc_column_text]\n<ul class=\"arrow-gray\">\n<li>Jasny monitoring bud\u017cetu i planowanie projektu<\/li>\n<li>Zwi\u0119kszenie przejrzysto\u015bci proces\u00f3w zak\u0142adowych<\/li>\n<li>Oszcz\u0119dno\u015bci w dzia\u0142alno\u015bci administracyjnej<\/li>\n<li>Poprawa zarz\u0105dzania roszczeniami dodatkowymi<\/li>\n<li>Optymalizacja ksi\u0119gowo\u015bci<\/li>\n<li>Szybki przegl\u0105d kontakt\u00f3w z klientami<\/li>\n<li>Poprawa zewn\u0119trznej prezentacji wobec bank\u00f3w<\/li>\n<li>Dost\u0119p przez Internet (niezale\u017cny od urz\u0105dzenia i systemu operacyjnego)<\/li>\n<\/ul>\n[\/vc_column_text][\/vc_column][\/vc_row][vc_row bg_type=&#8221;color&#8221; bg_color=&#8221;#0b3c80&#8243; font_color=&#8221;#ffffff&#8221;][vc_column css=&#8221;.vc_custom_1563974199119{padding-top: 25px !important;padding-bottom: 25px !important;padding-left: 25px !important;}&#8221;]<div class=\"grve-element grve-hr grve-space-divider\" style=\"\"><\/div><div class=\"grve-element grve-image-text\" style=\"\">  <div class=\"grve-content grve-align-right\">    <h6>weyer spezial: PAKO - Rozwi\u0105zanie programowe do rejestracji proces\u00f3w projektowych i przydzielania kont<\/h6>  <p>Dla firm doradczych i in\u017cynieryjnych rejestracja czasu pracy pracownik\u00f3w i ich przydzia\u0142 do zleconych projekt\u00f3w jest istotn\u0105 cz\u0119\u015bci\u0105 wewn\u0119trznej organizacji. Ile godzin i dodatkowych koszt\u00f3w mo\u017cna obci\u0105\u017cy\u0107 kt\u00f3rego klienta? Jak du\u017ce jest obci\u0105\u017cenie prac\u0105 poszczeg\u00f3lnych pracownik\u00f3w? Kt\u00f3ry projekt i kt\u00f3ry pracownik przyczynia si\u0119 w jakim stopniu do sukcesu gospodarczego firmy? To tylko kilka z wielu pyta\u0144, kt\u00f3re kierownictwo firmy doradczej musi stale zadawa\u0107 sobie&#8230;<\/p>    <a href=\"https:\/\/test.weyer-gruppe.com\/wp-content\/uploads\/2019\/07\/weyer-spezial-pako-0612.pdf\" target=\"_blank\" class=\"grve-read-more \">Pobierz weyer spezial tutaj<\/a>  <\/div><div class=\"grve-image\"><img decoding=\"async\" width=\"250\" height=\"354\" src=\"https:\/\/test.weyer-gruppe.com\/wp-content\/uploads\/2019\/07\/weyer-spezial-weyer-gruppe-pako-projektabwicklung-kontierung-1.jpg\" class=\"attachment-full size-full\" alt=\"Blacha okrywowa weyer special PAKO\" srcset=\"\" \/><\/div><\/div><div class=\"grve-element grve-hr grve-space-divider\" style=\"\"><\/div>[\/vc_column][\/vc_row][vc_row][vc_column]<div class=\"grve-element grve-hr grve-space-divider\" style=\"\"><\/div><h3 class=\"grve-element grve-align-left grve-title-no-line grve-h3\" style=\"\"><span>Nasz zesp\u00f3\u0142<\/span><\/h3>[\/vc_column][\/vc_row][vc_row][vc_column width=&#8221;1\/4&#8243; tablet_sm_width=&#8221;1-2&#8243;]\r\n\t\t<div class=\"grve-team grve-element\" style=\"\">\r\n\t\t\t<figure class=\"grve-image-hover grve-style-1 grve-zoom-in\">\r\n\t\t\t\t<div class=\"grve-team-person grve-media grve-dark-overlay grve-opacity-60\">\r\n\t\t\t\t\t<img decoding=\"async\" width=\"300\" height=\"299\" src=\"https:\/\/test.weyer-gruppe.com\/wp-content\/uploads\/2023\/03\/Plenz_2021.jpg\" class=\"attachment-grve-image-small-square size-grve-image-small-square\" alt=\"Michael_Plenz\" srcset=\"https:\/\/test.weyer-gruppe.com\/wp-content\/uploads\/2023\/03\/Plenz_2021.jpg 300w, https:\/\/test.weyer-gruppe.com\/wp-content\/uploads\/2023\/03\/Plenz_2021-150x150.jpg 150w, https:\/\/test.weyer-gruppe.com\/wp-content\/uploads\/2023\/03\/Plenz_2021-80x80.jpg 80w\" sizes=\"(max-width: 300px) 100vw, 300px\" \/>\t\t\t\t<\/div>\r\n\t\t\t\t<figcaption>\r\n\t\t\t\t\t<div class=\"grve-team-description\">\r\n\t\t\t\t\t\t\t\t\t\t\t\t<h4 class=\"grve-team-name grve-dark grve-h4\">Michael Plenz<\/h4>\r\n\t\t\t\t\t\t\t\t\t\t\t\t<small class=\"grve-team-identity grve-dark\">PROBIOTEC<\/small>\r\n\t\t\t\t\t<\/div>\r\n\t\t\t\t\t\t\t\t\t\t<div class=\"grve-team-social grve-team-social-text grve-dark\">\r\n\t\t\t\t\t\t<ul>\r\n\t\t\t\t\t\t\t<li><a href=\"mailto:&#109;.p&#108;enz&#64;&#119;eyer-g&#114;up&#112;&#101;.&#99;&#111;&#109;\">E-mail<\/a><\/li>\t\t\t\t\t\t<\/ul>\r\n\t\t\t\t\t<\/div>\r\n\t\t\t\t\t\t\t\t\t<\/figcaption>\r\n\t\t\t<\/figure>\r\n\t\t<\/div>\r\n\r\n\t\t[\/vc_column][vc_column width=&#8221;1\/4&#8243; tablet_sm_width=&#8221;1-2&#8243;][\/vc_column][vc_column width=&#8221;1\/4&#8243; tablet_sm_width=&#8221;1-2&#8243;][\/vc_column][vc_column width=&#8221;1\/4&#8243; tablet_sm_width=&#8221;1-2&#8243;][\/vc_column][\/vc_row][vc_row][vc_column]<div class=\"grve-element grve-hr grve-space-divider\" style=\"\"><\/div>[\/vc_column][\/vc_row]\n","protected":false},"excerpt":{"rendered":"<p>[vc_row][vc_column][vc_column_text]PAKO s\u0142u\u017cy do zarz\u0105dzania danymi ofertowymi i projektowymi, rejestracji czasu i fakturowania. Jest to rozwi\u0105zanie programowe do rejestracji proces\u00f3w projektowych i przydzielania kont. To optymalny program szczeg\u00f3lnie dla us\u0142ugodawc\u00f3w do [&hellip;]<\/p>\n","protected":false},"author":3,"featured_media":0,"parent":23877,"menu_order":0,"comment_status":"closed","ping_status":"closed","template":"","meta":{"footnotes":""},"class_list":["post-23443","page","type-page","status-publish","hentry"],"yoast_head":"<!-- This site is optimized with the Yoast SEO Premium plugin v21.6 (Yoast SEO v26.8) - https:\/\/yoast.com\/product\/yoast-seo-premium-wordpress\/ -->\n<title>Rozwi\u0105zanie programowe do rejestracji proces\u00f3w projektowych i przydzielania kont<\/title>\n<meta name=\"description\" content=\"PAKO to rozwi\u0105zanie programowe dla dostawc\u00f3w us\u0142ug do rejestracji i monitorowania proces\u00f3w projektowych oraz przydzielania kont. Popro\u015b o informacje.\" \/>\n<meta name=\"robots\" content=\"noindex, follow, max-snippet:-1, max-image-preview:large, max-video-preview:-1\" \/>\n<meta property=\"og:locale\" content=\"pl_PL\" \/>\n<meta property=\"og:type\" content=\"article\" \/>\n<meta property=\"og:title\" content=\"PAKO \u2013 rozwi\u0105zanie programowe do rejestracji proces\u00f3w projektowych i przydzielania kont\" \/>\n<meta property=\"og:description\" content=\"PAKO to rozwi\u0105zanie programowe dla dostawc\u00f3w us\u0142ug do rejestracji i monitorowania proces\u00f3w projektowych oraz przydzielania kont. Popro\u015b o informacje.\" \/>\n<meta property=\"og:url\" content=\"https:\/\/test.weyer-gruppe.com\/pl\/projektanci-i-producenci-instalacji\/pako-rozwiazanie-programowe-do-rejestracji-procesow-projektowych-i-przydzielania-kont\/\" \/>\n<meta property=\"og:site_name\" content=\"weyer gruppe [test]\" \/>\n<meta property=\"article:publisher\" content=\"https:\/\/www.facebook.com\/weyergruppe\" \/>\n<meta property=\"article:modified_time\" content=\"2023-03-14T08:48:00+00:00\" \/>\n<meta name=\"twitter:card\" content=\"summary_large_image\" \/>\n<meta name=\"twitter:label1\" content=\"Szacowany czas czytania\" \/>\n\t<meta name=\"twitter:data1\" content=\"3 minuty\" \/>\n<script type=\"application\/ld+json\" class=\"yoast-schema-graph\">{\"@context\":\"https:\/\/schema.org\",\"@graph\":[{\"@type\":\"WebPage\",\"@id\":\"https:\/\/test.weyer-gruppe.com\/pl\/projektanci-i-producenci-instalacji\/pako-rozwiazanie-programowe-do-rejestracji-procesow-projektowych-i-przydzielania-kont\/\",\"url\":\"https:\/\/test.weyer-gruppe.com\/pl\/projektanci-i-producenci-instalacji\/pako-rozwiazanie-programowe-do-rejestracji-procesow-projektowych-i-przydzielania-kont\/\",\"name\":\"Rozwi\u0105zanie programowe do rejestracji proces\u00f3w projektowych i przydzielania kont\",\"isPartOf\":{\"@id\":\"https:\/\/test.weyer-gruppe.com\/pl\/#website\"},\"datePublished\":\"2019-11-19T12:31:04+00:00\",\"dateModified\":\"2023-03-14T08:48:00+00:00\",\"description\":\"PAKO to rozwi\u0105zanie programowe dla dostawc\u00f3w us\u0142ug do rejestracji i monitorowania proces\u00f3w projektowych oraz przydzielania kont. Popro\u015b o informacje.\",\"breadcrumb\":{\"@id\":\"https:\/\/test.weyer-gruppe.com\/pl\/projektanci-i-producenci-instalacji\/pako-rozwiazanie-programowe-do-rejestracji-procesow-projektowych-i-przydzielania-kont\/#breadcrumb\"},\"inLanguage\":\"pl-PL\",\"potentialAction\":[{\"@type\":\"ReadAction\",\"target\":[\"https:\/\/test.weyer-gruppe.com\/pl\/projektanci-i-producenci-instalacji\/pako-rozwiazanie-programowe-do-rejestracji-procesow-projektowych-i-przydzielania-kont\/\"]}]},{\"@type\":\"BreadcrumbList\",\"@id\":\"https:\/\/test.weyer-gruppe.com\/pl\/projektanci-i-producenci-instalacji\/pako-rozwiazanie-programowe-do-rejestracji-procesow-projektowych-i-przydzielania-kont\/#breadcrumb\",\"itemListElement\":[{\"@type\":\"ListItem\",\"position\":1,\"name\":\"HOME\",\"item\":\"https:\/\/test.weyer-gruppe.com\/pl\/\"},{\"@type\":\"ListItem\",\"position\":2,\"name\":\"Projektanci i producenci instalacji\",\"item\":\"https:\/\/test.weyer-gruppe.com\/pl\/projektanci-i-producenci-instalacji\/\"},{\"@type\":\"ListItem\",\"position\":3,\"name\":\"PAKO \u2013 rozwi\u0105zanie programowe do rejestracji proces\u00f3w projektowych i przydzielania kont\"}]},{\"@type\":\"WebSite\",\"@id\":\"https:\/\/test.weyer-gruppe.com\/pl\/#website\",\"url\":\"https:\/\/test.weyer-gruppe.com\/pl\/\",\"name\":\"weyer gruppe [test]\",\"description\":\"komplett. durchdacht.\",\"publisher\":{\"@id\":\"https:\/\/test.weyer-gruppe.com\/pl\/#organization\"},\"potentialAction\":[{\"@type\":\"SearchAction\",\"target\":{\"@type\":\"EntryPoint\",\"urlTemplate\":\"https:\/\/test.weyer-gruppe.com\/pl\/?s={search_term_string}\"},\"query-input\":{\"@type\":\"PropertyValueSpecification\",\"valueRequired\":true,\"valueName\":\"search_term_string\"}}],\"inLanguage\":\"pl-PL\"},{\"@type\":\"Organization\",\"@id\":\"https:\/\/test.weyer-gruppe.com\/pl\/#organization\",\"name\":\"weyer gruppe\",\"url\":\"https:\/\/test.weyer-gruppe.com\/pl\/\",\"logo\":{\"@type\":\"ImageObject\",\"inLanguage\":\"pl-PL\",\"@id\":\"https:\/\/test.weyer-gruppe.com\/pl\/#\/schema\/logo\/image\/\",\"url\":\"https:\/\/test.weyer-gruppe.com\/wp-content\/uploads\/2019\/07\/logo-weyer-gruppe-de.png\",\"contentUrl\":\"https:\/\/test.weyer-gruppe.com\/wp-content\/uploads\/2019\/07\/logo-weyer-gruppe-de.png\",\"width\":532,\"height\":513,\"caption\":\"weyer gruppe\"},\"image\":{\"@id\":\"https:\/\/test.weyer-gruppe.com\/pl\/#\/schema\/logo\/image\/\"},\"sameAs\":[\"https:\/\/www.facebook.com\/weyergruppe\",\"https:\/\/de.linkedin.com\/company\/weyer-gruppe\",\"https:\/\/www.youtube.com\/channel\/UCmZItECuW56Ih_p501_Bq8A\"]}]}<\/script>\n<!-- \/ Yoast SEO Premium plugin. -->","yoast_head_json":{"title":"Rozwi\u0105zanie programowe do rejestracji proces\u00f3w projektowych i przydzielania kont","description":"PAKO to rozwi\u0105zanie programowe dla dostawc\u00f3w us\u0142ug do rejestracji i monitorowania proces\u00f3w projektowych oraz przydzielania kont. Popro\u015b o informacje.","robots":{"index":"noindex","follow":"follow","max-snippet":"max-snippet:-1","max-image-preview":"max-image-preview:large","max-video-preview":"max-video-preview:-1"},"og_locale":"pl_PL","og_type":"article","og_title":"PAKO \u2013 rozwi\u0105zanie programowe do rejestracji proces\u00f3w projektowych i przydzielania kont","og_description":"PAKO to rozwi\u0105zanie programowe dla dostawc\u00f3w us\u0142ug do rejestracji i monitorowania proces\u00f3w projektowych oraz przydzielania kont. Popro\u015b o informacje.","og_url":"https:\/\/test.weyer-gruppe.com\/pl\/projektanci-i-producenci-instalacji\/pako-rozwiazanie-programowe-do-rejestracji-procesow-projektowych-i-przydzielania-kont\/","og_site_name":"weyer gruppe [test]","article_publisher":"https:\/\/www.facebook.com\/weyergruppe","article_modified_time":"2023-03-14T08:48:00+00:00","twitter_card":"summary_large_image","twitter_misc":{"Szacowany czas czytania":"3 minuty"},"schema":{"@context":"https:\/\/schema.org","@graph":[{"@type":"WebPage","@id":"https:\/\/test.weyer-gruppe.com\/pl\/projektanci-i-producenci-instalacji\/pako-rozwiazanie-programowe-do-rejestracji-procesow-projektowych-i-przydzielania-kont\/","url":"https:\/\/test.weyer-gruppe.com\/pl\/projektanci-i-producenci-instalacji\/pako-rozwiazanie-programowe-do-rejestracji-procesow-projektowych-i-przydzielania-kont\/","name":"Rozwi\u0105zanie programowe do rejestracji proces\u00f3w projektowych i przydzielania kont","isPartOf":{"@id":"https:\/\/test.weyer-gruppe.com\/pl\/#website"},"datePublished":"2019-11-19T12:31:04+00:00","dateModified":"2023-03-14T08:48:00+00:00","description":"PAKO to rozwi\u0105zanie programowe dla dostawc\u00f3w us\u0142ug do rejestracji i monitorowania proces\u00f3w projektowych oraz przydzielania kont. Popro\u015b o informacje.","breadcrumb":{"@id":"https:\/\/test.weyer-gruppe.com\/pl\/projektanci-i-producenci-instalacji\/pako-rozwiazanie-programowe-do-rejestracji-procesow-projektowych-i-przydzielania-kont\/#breadcrumb"},"inLanguage":"pl-PL","potentialAction":[{"@type":"ReadAction","target":["https:\/\/test.weyer-gruppe.com\/pl\/projektanci-i-producenci-instalacji\/pako-rozwiazanie-programowe-do-rejestracji-procesow-projektowych-i-przydzielania-kont\/"]}]},{"@type":"BreadcrumbList","@id":"https:\/\/test.weyer-gruppe.com\/pl\/projektanci-i-producenci-instalacji\/pako-rozwiazanie-programowe-do-rejestracji-procesow-projektowych-i-przydzielania-kont\/#breadcrumb","itemListElement":[{"@type":"ListItem","position":1,"name":"HOME","item":"https:\/\/test.weyer-gruppe.com\/pl\/"},{"@type":"ListItem","position":2,"name":"Projektanci i producenci instalacji","item":"https:\/\/test.weyer-gruppe.com\/pl\/projektanci-i-producenci-instalacji\/"},{"@type":"ListItem","position":3,"name":"PAKO \u2013 rozwi\u0105zanie programowe do rejestracji proces\u00f3w projektowych i przydzielania kont"}]},{"@type":"WebSite","@id":"https:\/\/test.weyer-gruppe.com\/pl\/#website","url":"https:\/\/test.weyer-gruppe.com\/pl\/","name":"weyer gruppe [test]","description":"komplett. durchdacht.","publisher":{"@id":"https:\/\/test.weyer-gruppe.com\/pl\/#organization"},"potentialAction":[{"@type":"SearchAction","target":{"@type":"EntryPoint","urlTemplate":"https:\/\/test.weyer-gruppe.com\/pl\/?s={search_term_string}"},"query-input":{"@type":"PropertyValueSpecification","valueRequired":true,"valueName":"search_term_string"}}],"inLanguage":"pl-PL"},{"@type":"Organization","@id":"https:\/\/test.weyer-gruppe.com\/pl\/#organization","name":"weyer gruppe","url":"https:\/\/test.weyer-gruppe.com\/pl\/","logo":{"@type":"ImageObject","inLanguage":"pl-PL","@id":"https:\/\/test.weyer-gruppe.com\/pl\/#\/schema\/logo\/image\/","url":"https:\/\/test.weyer-gruppe.com\/wp-content\/uploads\/2019\/07\/logo-weyer-gruppe-de.png","contentUrl":"https:\/\/test.weyer-gruppe.com\/wp-content\/uploads\/2019\/07\/logo-weyer-gruppe-de.png","width":532,"height":513,"caption":"weyer gruppe"},"image":{"@id":"https:\/\/test.weyer-gruppe.com\/pl\/#\/schema\/logo\/image\/"},"sameAs":["https:\/\/www.facebook.com\/weyergruppe","https:\/\/de.linkedin.com\/company\/weyer-gruppe","https:\/\/www.youtube.com\/channel\/UCmZItECuW56Ih_p501_Bq8A"]}]}},"_links":{"self":[{"href":"https:\/\/test.weyer-gruppe.com\/pl\/wp-json\/wp\/v2\/pages\/23443","targetHints":{"allow":["GET"]}}],"collection":[{"href":"https:\/\/test.weyer-gruppe.com\/pl\/wp-json\/wp\/v2\/pages"}],"about":[{"href":"https:\/\/test.weyer-gruppe.com\/pl\/wp-json\/wp\/v2\/types\/page"}],"author":[{"embeddable":true,"href":"https:\/\/test.weyer-gruppe.com\/pl\/wp-json\/wp\/v2\/users\/3"}],"replies":[{"embeddable":true,"href":"https:\/\/test.weyer-gruppe.com\/pl\/wp-json\/wp\/v2\/comments?post=23443"}],"version-history":[{"count":2,"href":"https:\/\/test.weyer-gruppe.com\/pl\/wp-json\/wp\/v2\/pages\/23443\/revisions"}],"predecessor-version":[{"id":45367,"href":"https:\/\/test.weyer-gruppe.com\/pl\/wp-json\/wp\/v2\/pages\/23443\/revisions\/45367"}],"up":[{"embeddable":true,"href":"https:\/\/test.weyer-gruppe.com\/pl\/wp-json\/wp\/v2\/pages\/23877"}],"wp:attachment":[{"href":"https:\/\/test.weyer-gruppe.com\/pl\/wp-json\/wp\/v2\/media?parent=23443"}],"curies":[{"name":"wp","href":"https:\/\/api.w.org\/{rel}","templated":true}]}}