{"id":23440,"date":"2019-12-17T09:51:08","date_gmt":"2019-12-17T08:51:08","guid":{"rendered":"https:\/\/test.weyer-gruppe.com\/kwalifikacja-instalacji-farmaceutycznych-2\/"},"modified":"2023-03-01T11:27:29","modified_gmt":"2023-03-01T10:27:29","slug":"kwalifikacja-instalacji-farmaceutycznych-2","status":"publish","type":"page","link":"https:\/\/test.weyer-gruppe.com\/pl\/projektanci-i-producenci-instalacji\/kwalifikacja-instalacji-farmaceutycznych-2\/","title":{"rendered":"Kwalifikacja instalacji farmaceutycznych"},"content":{"rendered":"[vc_row][vc_column][vc_column_text]Dla producent\u00f3w wyrob\u00f3w farmaceutycznych kwalifikacja instalacji oraz walidacja proces\u00f3w czyszczenia i produkcji s\u0105 podstawowymi elementami systemu zarz\u0105dzania jako\u015bci\u0105 oraz warunkiem uzyskania i utrzymania pozwolenia na produkcj\u0119.<\/p>\n<p>Ze wzgl\u0119du na ugruntowan\u0105 wiedz\u0119 i bogate do\u015bwiadczenia z r\u00f3\u017cnych segment\u00f3w farmaceutycznych grupa weyer oferuje Pa\u0144stwu skuteczne wsparcie ze strony naszych ekspert\u00f3w i specjalist\u00f3w w zakresie planowania i realizacji niezb\u0119dnych dzia\u0142a\u0144 GMP. Niezb\u0119dne jest tu podej\u015bcie oparte na ryzyku w celu jasnego okre\u015blenia zakresu kwalifikacji lub walidacji.<\/p>\n<p>W celu spe\u0142nienia restrykcyjnych wymaga\u0144 dotycz\u0105cych jako\u015bci, skuteczno\u015bci i bezpiecze\u0144stwa produkt\u00f3w farmaceutycznych eksperci grupy weyer zawsze skupiaj\u0105 si\u0119 na zgodno\u015bci aparatury, proces\u00f3w i instalacji produkcyjnych z restrykcyjnymi wymogami prawnymi dotycz\u0105cymi produkcji farmaceutycznej.<\/p>\n<p>Zapewniamy kompleksowe doradztwo w zakresie kwalifikacji instalacji farmaceutycznych, jak r\u00f3wnie\u017c <a href=\"https:\/\/test.weyer-gruppe.com\/pl\/projektanci-i-producenci-instalacji\/planowanie-instalacji-farmaceutycznych-2\/\">planowania instalacji farmaceutycznych<\/a>.<\/p>\n<h2>Us\u0142ugi<\/h2>\n<ul class=\"arrow-gray\">\n<li>Walidacja zgodna z GMP\/FDA<\/li>\n<li>Tworzenie g\u0142\u00f3wnych plan\u00f3w walidacji i<\/li>\n<li>kwalifikacja instalacji farmaceutycznych (VMP, QMP)<\/li>\n<li>Planowanie i wdra\u017canie analizy ryzyka GMP, w tym zarz\u0105dzania ryzykiem<\/li>\n<li>Tworzenie plan\u00f3w kwalifikacji dla DQ, IQ, OQ i PQ<\/li>\n<li>Wykonywanie bada\u0144 kwalifikacyjnych wraz z przygotowaniem dokumentacji zgodnej z GMP<\/li>\n<li>Zatwierdzanie system\u00f3w wspomaganych komputerowo zgodnie z GAMP<\/li>\n<li>Tworzenie regulamin\u00f3w i standardowych procedur operacyjnych<\/li>\n<li>Przygotowanie i realizacja audyt\u00f3w dostawc\u00f3w<\/li>\n<li>Wsparcie w planowaniu i wykonywaniu kalibracji<\/li>\n<li>Wdro\u017cenie kontroli zmian<\/li>\n<li>Wykonanie rewalidacji dotycz\u0105cej okresowych bada\u0144 zwalidowanego stanu<\/li>\n<\/ul>\n[\/vc_column_text][\/vc_column][\/vc_row][vc_row bg_type=&#8221;color&#8221; bg_color=&#8221;#0b3c80&#8243; font_color=&#8221;#ffffff&#8221;][vc_column css=&#8221;.vc_custom_1563974199119{padding-top: 25px !important;padding-bottom: 25px !important;padding-left: 25px !important;}&#8221;]<div class=\"grve-element grve-hr grve-space-divider\" style=\"\"><\/div><div class=\"grve-element grve-image-text\" style=\"\">  <div class=\"grve-content grve-align-right\">    <h6>weyer specjalny: Pharma<\/h6>  <p>Weyer grouppe od wielu lat z powodzeniem \u015bwiadczy us\u0142ugi in\u017cynieryjne, kwalifikacyjne i doradcze dla klient\u00f3w z bran\u017cy farmaceutycznej w Szwajcarii, Niemczech i na \u015bwiecie. Dzi\u0119ki wysoko wykwalifikowanym in\u017cynierom i technikom z r\u00f3\u017cnych dyscyplin (in\u017cynieria procesowa, chemia lub in\u017cynieria mechaniczna) z wieloletnim do\u015bwiadczeniem projektowym w przemy\u015ble farmaceutycznym, weyer group mo\u017ce pokry\u0107 ca\u0142y zakres in\u017cynierii w \u015brodowisku GMP od planowania i realizacji do uruchomienia i kwalifikacji&#8230;<\/p>    <a href=\"https:\/\/test.weyer-gruppe.com\/wp-content\/uploads\/2019\/07\/weyer-spezial-pharma-0916.pdf\" target=\"_self\" class=\"grve-read-more \">Pobierz weyer spezial tutaj<\/a>  <\/div><div class=\"grve-image\"><img decoding=\"async\" width=\"250\" height=\"354\" src=\"https:\/\/test.weyer-gruppe.com\/wp-content\/uploads\/2019\/07\/weyer-spezial-pharma-0916.jpg\" class=\"attachment-full size-full\" alt=\"weyer spezial zum Thema Pharma\" srcset=\"https:\/\/test.weyer-gruppe.com\/wp-content\/uploads\/2019\/07\/weyer-spezial-pharma-0916.jpg 250w, https:\/\/test.weyer-gruppe.com\/wp-content\/uploads\/2019\/07\/weyer-spezial-pharma-0916-212x300.jpg 212w\" sizes=\"(max-width: 250px) 100vw, 250px\" \/><\/div><\/div><div class=\"grve-element grve-hr grve-space-divider\" style=\"\"><\/div>[\/vc_column][\/vc_row][vc_row][vc_column]<div class=\"grve-element grve-hr grve-space-divider\" style=\"\"><\/div><h3 class=\"grve-element grve-align-left grve-title-no-line grve-h3\" style=\"\"><span>Nasz zesp\u00f3\u0142<\/span><\/h3>[\/vc_column][\/vc_row][vc_row][vc_column width=&#8221;1\/4&#8243; tablet_sm_width=&#8221;1-2&#8243;]\r\n\t\t<div class=\"grve-team grve-element\" style=\"\">\r\n\t\t\t<figure class=\"grve-image-hover grve-style-1 grve-zoom-in\">\r\n\t\t\t\t<div class=\"grve-team-person grve-media grve-dark-overlay grve-opacity-60\">\r\n\t\t\t\t\t<img decoding=\"async\" width=\"300\" height=\"300\" src=\"https:\/\/test.weyer-gruppe.com\/wp-content\/uploads\/2019\/07\/wch-f.sutter.png\" class=\"attachment-grve-image-small-square size-grve-image-small-square\" alt=\"Zdj\u0119cie pracownika Frank Sutter z Weyer und Partner (Schweiz) AG\" srcset=\"https:\/\/test.weyer-gruppe.com\/wp-content\/uploads\/2019\/07\/wch-f.sutter.png 300w, https:\/\/test.weyer-gruppe.com\/wp-content\/uploads\/2019\/07\/wch-f.sutter-150x150.png 150w, https:\/\/test.weyer-gruppe.com\/wp-content\/uploads\/2019\/07\/wch-f.sutter-80x80.png 80w\" sizes=\"(max-width: 300px) 100vw, 300px\" \/>\t\t\t\t<\/div>\r\n\t\t\t\t<figcaption>\r\n\t\t\t\t\t<div class=\"grve-team-description\">\r\n\t\t\t\t\t\t\t\t\t\t\t\t<h4 class=\"grve-team-name grve-dark grve-h4\">Frank Sutter<\/h4>\r\n\t\t\t\t\t\t\t\t\t\t\t\t<small class=\"grve-team-identity grve-dark\">Weyer und Partner (Schweiz)<\/small>\r\n\t\t\t\t\t<\/div>\r\n\t\t\t\t\t\t\t\t\t\t<div class=\"grve-team-social grve-team-social-text grve-dark\">\r\n\t\t\t\t\t\t<ul>\r\n\t\t\t\t\t\t\t<li><a href=\"mailto:&#102;.&#115;u&#116;t&#101;&#114;&#64;&#119;e&#121;er-&#103;&#114;&#117;pp&#101;.com\">E-mail<\/a><\/li>\t\t\t\t\t\t<\/ul>\r\n\t\t\t\t\t<\/div>\r\n\t\t\t\t\t\t\t\t\t<\/figcaption>\r\n\t\t\t<\/figure>\r\n\t\t<\/div>\r\n\r\n\t\t[\/vc_column][vc_column width=&#8221;1\/4&#8243; tablet_sm_width=&#8221;1-2&#8243;][\/vc_column][vc_column width=&#8221;1\/4&#8243; tablet_sm_width=&#8221;1-2&#8243;]\r\n\t\t<div class=\"grve-team grve-element\" style=\"\">\r\n\t\t\t<figure class=\"grve-image-hover grve-style-1 grve-zoom-in\">\r\n\t\t\t\t<div class=\"grve-team-person grve-media grve-dark-overlay grve-opacity-60\">\r\n\t\t\t\t\t\t\t\t\t<\/div>\r\n\t\t\t\t<figcaption>\r\n\t\t\t\t\t<div class=\"grve-team-description\">\r\n\t\t\t\t\t\t\t\t\t\t\t\t<h4 class=\"grve-team-name grve-dark grve-h4\">Dr. Daniel Egli-Tedesco<\/h4>\r\n\t\t\t\t\t\t\t\t\t\t\t\t<small class=\"grve-team-identity grve-dark\">Weyer und Partner (Schweiz)<\/small>\r\n\t\t\t\t\t<\/div>\r\n\t\t\t\t\t\t\t\t\t\t<div class=\"grve-team-social grve-team-social-text grve-dark\">\r\n\t\t\t\t\t\t<ul>\r\n\t\t\t\t\t\t\t<li><a href=\"mailto:&#100;.&#101;g&#108;&#105;&#64;&#119;&#101;&#121;er-gru&#112;&#112;e&#46;&#99;&#111;m\">E-mail<\/a><\/li>\t\t\t\t\t\t<\/ul>\r\n\t\t\t\t\t<\/div>\r\n\t\t\t\t\t\t\t\t\t<\/figcaption>\r\n\t\t\t<\/figure>\r\n\t\t<\/div>\r\n\r\n\t\t[\/vc_column][vc_column width=&#8221;1\/4&#8243; tablet_sm_width=&#8221;1-2&#8243;][\/vc_column][\/vc_row][vc_row][vc_column]<div class=\"grve-element grve-hr grve-space-divider\" style=\"\"><\/div>[\/vc_column][\/vc_row]\n","protected":false},"excerpt":{"rendered":"<p>[vc_row][vc_column][vc_column_text]Dla producent\u00f3w wyrob\u00f3w farmaceutycznych kwalifikacja instalacji oraz walidacja proces\u00f3w czyszczenia i produkcji s\u0105 podstawowymi elementami systemu zarz\u0105dzania jako\u015bci\u0105 oraz warunkiem uzyskania i utrzymania pozwolenia na produkcj\u0119. Ze wzgl\u0119du na ugruntowan\u0105 [&hellip;]<\/p>\n","protected":false},"author":3,"featured_media":0,"parent":23877,"menu_order":0,"comment_status":"closed","ping_status":"closed","template":"","meta":{"footnotes":""},"class_list":["post-23440","page","type-page","status-publish","hentry"],"yoast_head":"<!-- This site is optimized with the Yoast SEO Premium plugin v21.6 (Yoast SEO v26.8) - https:\/\/yoast.com\/product\/yoast-seo-premium-wordpress\/ -->\n<title>Kwalifikacja instalacji farmaceutycznych - weyer gruppe [test]<\/title>\n<meta name=\"description\" content=\"Kwalifikacja instalacji do uzyskania pozwolenia producenta na produkty farmaceutyczne \u2013 grupa weyer doradza w zakresie kwalifikacji i walidacji.\" \/>\n<meta name=\"robots\" content=\"noindex, follow, max-snippet:-1, max-image-preview:large, max-video-preview:-1\" \/>\n<meta property=\"og:locale\" content=\"pl_PL\" \/>\n<meta property=\"og:type\" content=\"article\" \/>\n<meta property=\"og:title\" content=\"Kwalifikacja instalacji farmaceutycznych\" \/>\n<meta property=\"og:description\" content=\"Kwalifikacja instalacji do uzyskania pozwolenia producenta na produkty farmaceutyczne \u2013 grupa weyer doradza w zakresie kwalifikacji i walidacji.\" \/>\n<meta property=\"og:url\" content=\"https:\/\/test.weyer-gruppe.com\/pl\/projektanci-i-producenci-instalacji\/kwalifikacja-instalacji-farmaceutycznych-2\/\" \/>\n<meta property=\"og:site_name\" content=\"weyer gruppe [test]\" \/>\n<meta property=\"article:publisher\" content=\"https:\/\/www.facebook.com\/weyergruppe\" \/>\n<meta property=\"article:modified_time\" content=\"2023-03-01T10:27:29+00:00\" \/>\n<meta name=\"twitter:card\" content=\"summary_large_image\" \/>\n<meta name=\"twitter:label1\" content=\"Szacowany czas czytania\" \/>\n\t<meta name=\"twitter:data1\" content=\"2 minuty\" \/>\n<script type=\"application\/ld+json\" class=\"yoast-schema-graph\">{\"@context\":\"https:\/\/schema.org\",\"@graph\":[{\"@type\":\"WebPage\",\"@id\":\"https:\/\/test.weyer-gruppe.com\/pl\/projektanci-i-producenci-instalacji\/kwalifikacja-instalacji-farmaceutycznych-2\/\",\"url\":\"https:\/\/test.weyer-gruppe.com\/pl\/projektanci-i-producenci-instalacji\/kwalifikacja-instalacji-farmaceutycznych-2\/\",\"name\":\"Kwalifikacja instalacji farmaceutycznych - weyer gruppe [test]\",\"isPartOf\":{\"@id\":\"https:\/\/test.weyer-gruppe.com\/pl\/#website\"},\"datePublished\":\"2019-12-17T08:51:08+00:00\",\"dateModified\":\"2023-03-01T10:27:29+00:00\",\"description\":\"Kwalifikacja instalacji do uzyskania pozwolenia producenta na produkty farmaceutyczne \u2013 grupa weyer doradza w zakresie kwalifikacji i walidacji.\",\"breadcrumb\":{\"@id\":\"https:\/\/test.weyer-gruppe.com\/pl\/projektanci-i-producenci-instalacji\/kwalifikacja-instalacji-farmaceutycznych-2\/#breadcrumb\"},\"inLanguage\":\"pl-PL\",\"potentialAction\":[{\"@type\":\"ReadAction\",\"target\":[\"https:\/\/test.weyer-gruppe.com\/pl\/projektanci-i-producenci-instalacji\/kwalifikacja-instalacji-farmaceutycznych-2\/\"]}]},{\"@type\":\"BreadcrumbList\",\"@id\":\"https:\/\/test.weyer-gruppe.com\/pl\/projektanci-i-producenci-instalacji\/kwalifikacja-instalacji-farmaceutycznych-2\/#breadcrumb\",\"itemListElement\":[{\"@type\":\"ListItem\",\"position\":1,\"name\":\"HOME\",\"item\":\"https:\/\/test.weyer-gruppe.com\/pl\/\"},{\"@type\":\"ListItem\",\"position\":2,\"name\":\"Projektanci i producenci instalacji\",\"item\":\"https:\/\/test.weyer-gruppe.com\/pl\/projektanci-i-producenci-instalacji\/\"},{\"@type\":\"ListItem\",\"position\":3,\"name\":\"Kwalifikacja instalacji farmaceutycznych\"}]},{\"@type\":\"WebSite\",\"@id\":\"https:\/\/test.weyer-gruppe.com\/pl\/#website\",\"url\":\"https:\/\/test.weyer-gruppe.com\/pl\/\",\"name\":\"weyer gruppe [test]\",\"description\":\"komplett. durchdacht.\",\"publisher\":{\"@id\":\"https:\/\/test.weyer-gruppe.com\/pl\/#organization\"},\"potentialAction\":[{\"@type\":\"SearchAction\",\"target\":{\"@type\":\"EntryPoint\",\"urlTemplate\":\"https:\/\/test.weyer-gruppe.com\/pl\/?s={search_term_string}\"},\"query-input\":{\"@type\":\"PropertyValueSpecification\",\"valueRequired\":true,\"valueName\":\"search_term_string\"}}],\"inLanguage\":\"pl-PL\"},{\"@type\":\"Organization\",\"@id\":\"https:\/\/test.weyer-gruppe.com\/pl\/#organization\",\"name\":\"weyer gruppe\",\"url\":\"https:\/\/test.weyer-gruppe.com\/pl\/\",\"logo\":{\"@type\":\"ImageObject\",\"inLanguage\":\"pl-PL\",\"@id\":\"https:\/\/test.weyer-gruppe.com\/pl\/#\/schema\/logo\/image\/\",\"url\":\"https:\/\/test.weyer-gruppe.com\/wp-content\/uploads\/2019\/07\/logo-weyer-gruppe-de.png\",\"contentUrl\":\"https:\/\/test.weyer-gruppe.com\/wp-content\/uploads\/2019\/07\/logo-weyer-gruppe-de.png\",\"width\":532,\"height\":513,\"caption\":\"weyer gruppe\"},\"image\":{\"@id\":\"https:\/\/test.weyer-gruppe.com\/pl\/#\/schema\/logo\/image\/\"},\"sameAs\":[\"https:\/\/www.facebook.com\/weyergruppe\",\"https:\/\/de.linkedin.com\/company\/weyer-gruppe\",\"https:\/\/www.youtube.com\/channel\/UCmZItECuW56Ih_p501_Bq8A\"]}]}<\/script>\n<!-- \/ Yoast SEO Premium plugin. -->","yoast_head_json":{"title":"Kwalifikacja instalacji farmaceutycznych - weyer gruppe [test]","description":"Kwalifikacja instalacji do uzyskania pozwolenia producenta na produkty farmaceutyczne \u2013 grupa weyer doradza w zakresie kwalifikacji i walidacji.","robots":{"index":"noindex","follow":"follow","max-snippet":"max-snippet:-1","max-image-preview":"max-image-preview:large","max-video-preview":"max-video-preview:-1"},"og_locale":"pl_PL","og_type":"article","og_title":"Kwalifikacja instalacji farmaceutycznych","og_description":"Kwalifikacja instalacji do uzyskania pozwolenia producenta na produkty farmaceutyczne \u2013 grupa weyer doradza w zakresie kwalifikacji i walidacji.","og_url":"https:\/\/test.weyer-gruppe.com\/pl\/projektanci-i-producenci-instalacji\/kwalifikacja-instalacji-farmaceutycznych-2\/","og_site_name":"weyer gruppe [test]","article_publisher":"https:\/\/www.facebook.com\/weyergruppe","article_modified_time":"2023-03-01T10:27:29+00:00","twitter_card":"summary_large_image","twitter_misc":{"Szacowany czas czytania":"2 minuty"},"schema":{"@context":"https:\/\/schema.org","@graph":[{"@type":"WebPage","@id":"https:\/\/test.weyer-gruppe.com\/pl\/projektanci-i-producenci-instalacji\/kwalifikacja-instalacji-farmaceutycznych-2\/","url":"https:\/\/test.weyer-gruppe.com\/pl\/projektanci-i-producenci-instalacji\/kwalifikacja-instalacji-farmaceutycznych-2\/","name":"Kwalifikacja instalacji farmaceutycznych - weyer gruppe [test]","isPartOf":{"@id":"https:\/\/test.weyer-gruppe.com\/pl\/#website"},"datePublished":"2019-12-17T08:51:08+00:00","dateModified":"2023-03-01T10:27:29+00:00","description":"Kwalifikacja instalacji do uzyskania pozwolenia producenta na produkty farmaceutyczne \u2013 grupa weyer doradza w zakresie kwalifikacji i walidacji.","breadcrumb":{"@id":"https:\/\/test.weyer-gruppe.com\/pl\/projektanci-i-producenci-instalacji\/kwalifikacja-instalacji-farmaceutycznych-2\/#breadcrumb"},"inLanguage":"pl-PL","potentialAction":[{"@type":"ReadAction","target":["https:\/\/test.weyer-gruppe.com\/pl\/projektanci-i-producenci-instalacji\/kwalifikacja-instalacji-farmaceutycznych-2\/"]}]},{"@type":"BreadcrumbList","@id":"https:\/\/test.weyer-gruppe.com\/pl\/projektanci-i-producenci-instalacji\/kwalifikacja-instalacji-farmaceutycznych-2\/#breadcrumb","itemListElement":[{"@type":"ListItem","position":1,"name":"HOME","item":"https:\/\/test.weyer-gruppe.com\/pl\/"},{"@type":"ListItem","position":2,"name":"Projektanci i producenci instalacji","item":"https:\/\/test.weyer-gruppe.com\/pl\/projektanci-i-producenci-instalacji\/"},{"@type":"ListItem","position":3,"name":"Kwalifikacja instalacji farmaceutycznych"}]},{"@type":"WebSite","@id":"https:\/\/test.weyer-gruppe.com\/pl\/#website","url":"https:\/\/test.weyer-gruppe.com\/pl\/","name":"weyer gruppe [test]","description":"komplett. durchdacht.","publisher":{"@id":"https:\/\/test.weyer-gruppe.com\/pl\/#organization"},"potentialAction":[{"@type":"SearchAction","target":{"@type":"EntryPoint","urlTemplate":"https:\/\/test.weyer-gruppe.com\/pl\/?s={search_term_string}"},"query-input":{"@type":"PropertyValueSpecification","valueRequired":true,"valueName":"search_term_string"}}],"inLanguage":"pl-PL"},{"@type":"Organization","@id":"https:\/\/test.weyer-gruppe.com\/pl\/#organization","name":"weyer gruppe","url":"https:\/\/test.weyer-gruppe.com\/pl\/","logo":{"@type":"ImageObject","inLanguage":"pl-PL","@id":"https:\/\/test.weyer-gruppe.com\/pl\/#\/schema\/logo\/image\/","url":"https:\/\/test.weyer-gruppe.com\/wp-content\/uploads\/2019\/07\/logo-weyer-gruppe-de.png","contentUrl":"https:\/\/test.weyer-gruppe.com\/wp-content\/uploads\/2019\/07\/logo-weyer-gruppe-de.png","width":532,"height":513,"caption":"weyer gruppe"},"image":{"@id":"https:\/\/test.weyer-gruppe.com\/pl\/#\/schema\/logo\/image\/"},"sameAs":["https:\/\/www.facebook.com\/weyergruppe","https:\/\/de.linkedin.com\/company\/weyer-gruppe","https:\/\/www.youtube.com\/channel\/UCmZItECuW56Ih_p501_Bq8A"]}]}},"_links":{"self":[{"href":"https:\/\/test.weyer-gruppe.com\/pl\/wp-json\/wp\/v2\/pages\/23440","targetHints":{"allow":["GET"]}}],"collection":[{"href":"https:\/\/test.weyer-gruppe.com\/pl\/wp-json\/wp\/v2\/pages"}],"about":[{"href":"https:\/\/test.weyer-gruppe.com\/pl\/wp-json\/wp\/v2\/types\/page"}],"author":[{"embeddable":true,"href":"https:\/\/test.weyer-gruppe.com\/pl\/wp-json\/wp\/v2\/users\/3"}],"replies":[{"embeddable":true,"href":"https:\/\/test.weyer-gruppe.com\/pl\/wp-json\/wp\/v2\/comments?post=23440"}],"version-history":[{"count":3,"href":"https:\/\/test.weyer-gruppe.com\/pl\/wp-json\/wp\/v2\/pages\/23440\/revisions"}],"predecessor-version":[{"id":45121,"href":"https:\/\/test.weyer-gruppe.com\/pl\/wp-json\/wp\/v2\/pages\/23440\/revisions\/45121"}],"up":[{"embeddable":true,"href":"https:\/\/test.weyer-gruppe.com\/pl\/wp-json\/wp\/v2\/pages\/23877"}],"wp:attachment":[{"href":"https:\/\/test.weyer-gruppe.com\/pl\/wp-json\/wp\/v2\/media?parent=23440"}],"curies":[{"name":"wp","href":"https:\/\/api.w.org\/{rel}","templated":true}]}}