{"id":23434,"date":"2019-12-17T09:51:07","date_gmt":"2019-12-17T08:51:07","guid":{"rendered":"https:\/\/test.weyer-gruppe.com\/planowanie-instalacji-farmaceutycznych-2\/"},"modified":"2023-03-01T11:27:52","modified_gmt":"2023-03-01T10:27:52","slug":"planowanie-instalacji-farmaceutycznych-2","status":"publish","type":"page","link":"https:\/\/test.weyer-gruppe.com\/pl\/projektanci-i-producenci-instalacji\/planowanie-instalacji-farmaceutycznych-2\/","title":{"rendered":"Planowanie instalacji farmaceutycznych"},"content":{"rendered":"[vc_row][vc_column][vc_column_text]Wraz z naszymi ekspertami z dziedziny in\u017cynierii procesowej, technologii chemicznej i budowy maszyn oferujemy Pa\u0144stwu kompetentne us\u0142ugi w zakresie planowania budowy, rozbudowy lub modyfikacji Pa\u0144stwa instalacji produkcyjnych w \u015brodowisku farmaceutycznym. Wspieramy Pa\u0144stwa w przygotowaniu <span class=\"ILfuVd NA6bn\"><span class=\"e24Kjd\">Specyfikacji Wymaga\u0144 U\u017cytkownika<\/span><\/span> (URS), specyfikacji istotnych warunk\u00f3w zam\u00f3wienia, jak r\u00f3wnie\u017c w profesjonalnym opracowaniu specyfikacji dla niezb\u0119dnej aparatury i maszyn w ramach planowania instalacji farmaceutycznych.<\/p>\n<p>Schematy przebiegu proces\u00f3w, jak r\u00f3wnie\u017c schematy przebiegu ruroci\u0105g\u00f3w i oprzyrz\u0105dowania tworzymy za pomoc\u0105 program\u00f3w 2D, natomiast rozmieszczenie oraz kompleksowe planowanie ruroci\u0105g\u00f3w projektujemy przy u\u017cyciu nowoczesnych narz\u0119dzi CAD 3D. Dzi\u0119ki do\u015bwiadczeniu naszych pracownik\u00f3w w zakresie kwalifikacji i walidacji oraz rutynowej pracy przy budowie i planowaniu instalacji farmaceutycznych oferujemy Pa\u0144stwu jako producentowi produkt\u00f3w farmaceutycznych optymalne wsparcie przy realizacji Pa\u0144stwa projektu.<\/p>\n<p>Nasi specjali\u015bci i eksperci z dziedziny techniki bezpiecze\u0144stwa, ochrony przeciwwybuchowej, analizy ryzyka i ochrony przeciwpo\u017carowej s\u0105 zwie\u0144czeniem pomy\u015blnego planowania i realizacji Pa\u0144stwa projektu. Dlatego te\u017c oferujemy Pa\u0144stwu zar\u00f3wno us\u0142ugi in\u017cynieryjne, jak i doradztwo w zakresie projektowania instalacji farmaceutycznych \u2013 wszystko z jednej firmy.<\/p>\n<h2>Us\u0142ugi<\/h2>\n<ul class=\"arrow-gray\">\n<li>Przeprowadzanie studi\u00f3w wykonalno\u015bci i koncepcyjnych<\/li>\n<li>Wdra\u017canie Basic Engineeringu<\/li>\n<li>Wdra\u017canie Detail Engineeringu<\/li>\n<li>Wdra\u017canie pe\u0142nego zarz\u0105dzania ryzykiem<\/li>\n<li>Wsparcie lub pe\u0142na realizacja zam\u00f3wie\u0144<\/li>\n<li>Mo\u017cliwo\u015b\u0107 \u015bledzenia dokument\u00f3w dostawcy dotycz\u0105cych zgodno\u015bci ze <span class=\"ILfuVd NA6bn\"><span class=\"e24Kjd\">specyfikacj\u0105 wymaga\u0144 u\u017cytkownika<\/span><\/span>(URS)<\/li>\n<li>Planowanie i wykonanie testu odbioru fabrycznego (FAT)<\/li>\n<li>Planowanie i wykonanie testu odbioru ko\u0144cowego (SAT)<\/li>\n<li>Planowanie, nadz\u00f3r i koordynacja monta\u017cu<\/li>\n<li>Planowanie, nadz\u00f3r i koordynacja rozruchu<\/li>\n<li>Optymalizacja procesu i wsparcie w fazie rozruchu produkcji<\/li>\n<\/ul>\n[\/vc_column_text][\/vc_column][\/vc_row][vc_row bg_type=&#8221;color&#8221; bg_color=&#8221;#0b3c80&#8243; font_color=&#8221;#ffffff&#8221;][vc_column css=&#8221;.vc_custom_1563974199119{padding-top: 25px !important;padding-bottom: 25px !important;padding-left: 25px !important;}&#8221;]<div class=\"grve-element grve-hr grve-space-divider\" style=\"\"><\/div><div class=\"grve-element grve-image-text\" style=\"\">  <div class=\"grve-content grve-align-right\">    <h6>weyer specjalny: Pharma<\/h6>  <p>Weyer grouppe od wielu lat z powodzeniem \u015bwiadczy us\u0142ugi in\u017cynieryjne, kwalifikacyjne i doradcze dla klient\u00f3w z bran\u017cy farmaceutycznej w Szwajcarii, Niemczech i na \u015bwiecie. Dzi\u0119ki wysoko wykwalifikowanym in\u017cynierom i technikom z r\u00f3\u017cnych dyscyplin (in\u017cynieria procesowa, chemia lub in\u017cynieria mechaniczna) z wieloletnim do\u015bwiadczeniem projektowym w przemy\u015ble farmaceutycznym, weyer group mo\u017ce pokry\u0107 ca\u0142y zakres in\u017cynierii w \u015brodowisku GMP od planowania i realizacji do uruchomienia i kwalifikacji&#8230;<\/p>    <a href=\"https:\/\/test.weyer-gruppe.com\/wp-content\/uploads\/2019\/07\/weyer-spezial-pharma-0916.pdf\" target=\"_blank\" class=\"grve-read-more \">Pobierz weyer spezial tutaj<\/a>  <\/div><div class=\"grve-image\"><img decoding=\"async\" width=\"250\" height=\"354\" src=\"https:\/\/test.weyer-gruppe.com\/wp-content\/uploads\/2019\/07\/weyer-spezial-pharma-0916.jpg\" class=\"attachment-full size-full\" alt=\"weyer spezial zum Thema Pharma\" srcset=\"https:\/\/test.weyer-gruppe.com\/wp-content\/uploads\/2019\/07\/weyer-spezial-pharma-0916.jpg 250w, https:\/\/test.weyer-gruppe.com\/wp-content\/uploads\/2019\/07\/weyer-spezial-pharma-0916-212x300.jpg 212w\" sizes=\"(max-width: 250px) 100vw, 250px\" \/><\/div><\/div><div class=\"grve-element grve-hr grve-space-divider\" style=\"\"><\/div>[\/vc_column][\/vc_row][vc_row][vc_column]<div class=\"grve-element grve-hr grve-space-divider\" style=\"\"><\/div><h3 class=\"grve-element grve-align-left grve-title-no-line grve-h3\" style=\"\"><span>Nasz zesp\u00f3\u0142<\/span><\/h3>[\/vc_column][\/vc_row][vc_row][vc_column width=&#8221;1\/4&#8243; tablet_sm_width=&#8221;1-2&#8243;]\r\n\t\t<div class=\"grve-team grve-element\" style=\"\">\r\n\t\t\t<figure class=\"grve-image-hover grve-style-1 grve-zoom-in\">\r\n\t\t\t\t<div class=\"grve-team-person grve-media grve-dark-overlay grve-opacity-60\">\r\n\t\t\t\t\t<img decoding=\"async\" width=\"300\" height=\"300\" src=\"https:\/\/test.weyer-gruppe.com\/wp-content\/uploads\/2019\/07\/wch-f.sutter.png\" class=\"attachment-grve-image-small-square size-grve-image-small-square\" alt=\"Zdj\u0119cie pracownika Frank Sutter z Weyer und Partner (Schweiz) AG\" srcset=\"https:\/\/test.weyer-gruppe.com\/wp-content\/uploads\/2019\/07\/wch-f.sutter.png 300w, https:\/\/test.weyer-gruppe.com\/wp-content\/uploads\/2019\/07\/wch-f.sutter-150x150.png 150w, https:\/\/test.weyer-gruppe.com\/wp-content\/uploads\/2019\/07\/wch-f.sutter-80x80.png 80w\" sizes=\"(max-width: 300px) 100vw, 300px\" \/>\t\t\t\t<\/div>\r\n\t\t\t\t<figcaption>\r\n\t\t\t\t\t<div class=\"grve-team-description\">\r\n\t\t\t\t\t\t\t\t\t\t\t\t<h4 class=\"grve-team-name grve-dark grve-h4\">Frank Sutter<\/h4>\r\n\t\t\t\t\t\t\t\t\t\t\t\t<small class=\"grve-team-identity grve-dark\">Weyer und Partner (Schweiz)<\/small>\r\n\t\t\t\t\t<\/div>\r\n\t\t\t\t\t\t\t\t\t\t<div class=\"grve-team-social grve-team-social-text grve-dark\">\r\n\t\t\t\t\t\t<ul>\r\n\t\t\t\t\t\t\t<li><a href=\"mailto:f.s&#117;&#116;&#116;&#101;r&#64;weye&#114;&#45;g&#114;&#117;&#112;p&#101;&#46;c&#111;m\">E-mail<\/a><\/li>\t\t\t\t\t\t<\/ul>\r\n\t\t\t\t\t<\/div>\r\n\t\t\t\t\t\t\t\t\t<\/figcaption>\r\n\t\t\t<\/figure>\r\n\t\t<\/div>\r\n\r\n\t\t[\/vc_column][vc_column width=&#8221;1\/4&#8243; tablet_sm_width=&#8221;1-2&#8243;][\/vc_column][vc_column width=&#8221;1\/4&#8243; tablet_sm_width=&#8221;1-2&#8243;]\r\n\t\t<div class=\"grve-team grve-element\" style=\"\">\r\n\t\t\t<figure class=\"grve-image-hover grve-style-1 grve-zoom-in\">\r\n\t\t\t\t<div class=\"grve-team-person grve-media grve-dark-overlay grve-opacity-60\">\r\n\t\t\t\t\t\t\t\t\t<\/div>\r\n\t\t\t\t<figcaption>\r\n\t\t\t\t\t<div class=\"grve-team-description\">\r\n\t\t\t\t\t\t\t\t\t\t\t\t<h4 class=\"grve-team-name grve-dark grve-h4\">Dr. Daniel Egli-Tedesco<\/h4>\r\n\t\t\t\t\t\t\t\t\t\t\t\t<small class=\"grve-team-identity grve-dark\">Weyer und Partner (Schweiz)<\/small>\r\n\t\t\t\t\t<\/div>\r\n\t\t\t\t\t\t\t\t\t\t<div class=\"grve-team-social grve-team-social-text grve-dark\">\r\n\t\t\t\t\t\t<ul>\r\n\t\t\t\t\t\t\t<li><a href=\"mailto:&#100;&#46;&#101;gli&#64;&#119;eye&#114;&#45;&#103;&#114;up&#112;e&#46;&#99;o&#109;\">E-mail<\/a><\/li>\t\t\t\t\t\t<\/ul>\r\n\t\t\t\t\t<\/div>\r\n\t\t\t\t\t\t\t\t\t<\/figcaption>\r\n\t\t\t<\/figure>\r\n\t\t<\/div>\r\n\r\n\t\t[\/vc_column][vc_column width=&#8221;1\/4&#8243; tablet_sm_width=&#8221;1-2&#8243;][\/vc_column][\/vc_row][vc_row][vc_column]<div class=\"grve-element grve-hr grve-space-divider\" style=\"\"><\/div>[\/vc_column][\/vc_row]\n","protected":false},"excerpt":{"rendered":"<p>[vc_row][vc_column][vc_column_text]Wraz z naszymi ekspertami z dziedziny in\u017cynierii procesowej, technologii chemicznej i budowy maszyn oferujemy Pa\u0144stwu kompetentne us\u0142ugi w zakresie planowania budowy, rozbudowy lub modyfikacji Pa\u0144stwa instalacji produkcyjnych w \u015brodowisku farmaceutycznym. [&hellip;]<\/p>\n","protected":false},"author":3,"featured_media":0,"parent":23877,"menu_order":0,"comment_status":"closed","ping_status":"closed","template":"","meta":{"footnotes":""},"class_list":["post-23434","page","type-page","status-publish","hentry"],"yoast_head":"<!-- This site is optimized with the Yoast SEO Premium plugin v21.6 (Yoast SEO v26.8) - https:\/\/yoast.com\/product\/yoast-seo-premium-wordpress\/ -->\n<title>Planowanie instalacji farmaceutycznych - weyer gruppe [test] - Engineering &amp; Consulting<\/title>\n<meta name=\"description\" content=\"Grupa weyer doradza przy planowaniu instalacji farmaceutycznych w zakresie in\u017cynierii procesowej, mechanicznej i innych us\u0142ug zwi\u0105zanych z budow\u0105 Pa\u0144stwa instalacji.\" \/>\n<meta name=\"robots\" content=\"noindex, follow, max-snippet:-1, max-image-preview:large, max-video-preview:-1\" \/>\n<meta property=\"og:locale\" content=\"pl_PL\" \/>\n<meta property=\"og:type\" content=\"article\" \/>\n<meta property=\"og:title\" content=\"Planowanie instalacji farmaceutycznych\" \/>\n<meta property=\"og:description\" content=\"Grupa weyer doradza przy planowaniu instalacji farmaceutycznych w zakresie in\u017cynierii procesowej, mechanicznej i innych us\u0142ug zwi\u0105zanych z budow\u0105 Pa\u0144stwa instalacji.\" \/>\n<meta property=\"og:url\" content=\"https:\/\/test.weyer-gruppe.com\/pl\/projektanci-i-producenci-instalacji\/planowanie-instalacji-farmaceutycznych-2\/\" \/>\n<meta property=\"og:site_name\" content=\"weyer gruppe [test]\" \/>\n<meta property=\"article:publisher\" content=\"https:\/\/www.facebook.com\/weyergruppe\" \/>\n<meta property=\"article:modified_time\" content=\"2023-03-01T10:27:52+00:00\" \/>\n<meta name=\"twitter:card\" content=\"summary_large_image\" \/>\n<meta name=\"twitter:label1\" content=\"Szacowany czas czytania\" \/>\n\t<meta name=\"twitter:data1\" content=\"2 minuty\" \/>\n<script type=\"application\/ld+json\" class=\"yoast-schema-graph\">{\"@context\":\"https:\/\/schema.org\",\"@graph\":[{\"@type\":\"WebPage\",\"@id\":\"https:\/\/test.weyer-gruppe.com\/pl\/projektanci-i-producenci-instalacji\/planowanie-instalacji-farmaceutycznych-2\/\",\"url\":\"https:\/\/test.weyer-gruppe.com\/pl\/projektanci-i-producenci-instalacji\/planowanie-instalacji-farmaceutycznych-2\/\",\"name\":\"Planowanie instalacji farmaceutycznych - weyer gruppe [test] - Engineering & Consulting\",\"isPartOf\":{\"@id\":\"https:\/\/test.weyer-gruppe.com\/pl\/#website\"},\"datePublished\":\"2019-12-17T08:51:07+00:00\",\"dateModified\":\"2023-03-01T10:27:52+00:00\",\"description\":\"Grupa weyer doradza przy planowaniu instalacji farmaceutycznych w zakresie in\u017cynierii procesowej, mechanicznej i innych us\u0142ug zwi\u0105zanych z budow\u0105 Pa\u0144stwa instalacji.\",\"breadcrumb\":{\"@id\":\"https:\/\/test.weyer-gruppe.com\/pl\/projektanci-i-producenci-instalacji\/planowanie-instalacji-farmaceutycznych-2\/#breadcrumb\"},\"inLanguage\":\"pl-PL\",\"potentialAction\":[{\"@type\":\"ReadAction\",\"target\":[\"https:\/\/test.weyer-gruppe.com\/pl\/projektanci-i-producenci-instalacji\/planowanie-instalacji-farmaceutycznych-2\/\"]}]},{\"@type\":\"BreadcrumbList\",\"@id\":\"https:\/\/test.weyer-gruppe.com\/pl\/projektanci-i-producenci-instalacji\/planowanie-instalacji-farmaceutycznych-2\/#breadcrumb\",\"itemListElement\":[{\"@type\":\"ListItem\",\"position\":1,\"name\":\"HOME\",\"item\":\"https:\/\/test.weyer-gruppe.com\/pl\/\"},{\"@type\":\"ListItem\",\"position\":2,\"name\":\"Projektanci i producenci instalacji\",\"item\":\"https:\/\/test.weyer-gruppe.com\/pl\/projektanci-i-producenci-instalacji\/\"},{\"@type\":\"ListItem\",\"position\":3,\"name\":\"Planowanie instalacji farmaceutycznych\"}]},{\"@type\":\"WebSite\",\"@id\":\"https:\/\/test.weyer-gruppe.com\/pl\/#website\",\"url\":\"https:\/\/test.weyer-gruppe.com\/pl\/\",\"name\":\"weyer gruppe [test]\",\"description\":\"komplett. durchdacht.\",\"publisher\":{\"@id\":\"https:\/\/test.weyer-gruppe.com\/pl\/#organization\"},\"potentialAction\":[{\"@type\":\"SearchAction\",\"target\":{\"@type\":\"EntryPoint\",\"urlTemplate\":\"https:\/\/test.weyer-gruppe.com\/pl\/?s={search_term_string}\"},\"query-input\":{\"@type\":\"PropertyValueSpecification\",\"valueRequired\":true,\"valueName\":\"search_term_string\"}}],\"inLanguage\":\"pl-PL\"},{\"@type\":\"Organization\",\"@id\":\"https:\/\/test.weyer-gruppe.com\/pl\/#organization\",\"name\":\"weyer gruppe\",\"url\":\"https:\/\/test.weyer-gruppe.com\/pl\/\",\"logo\":{\"@type\":\"ImageObject\",\"inLanguage\":\"pl-PL\",\"@id\":\"https:\/\/test.weyer-gruppe.com\/pl\/#\/schema\/logo\/image\/\",\"url\":\"https:\/\/test.weyer-gruppe.com\/wp-content\/uploads\/2019\/07\/logo-weyer-gruppe-de.png\",\"contentUrl\":\"https:\/\/test.weyer-gruppe.com\/wp-content\/uploads\/2019\/07\/logo-weyer-gruppe-de.png\",\"width\":532,\"height\":513,\"caption\":\"weyer gruppe\"},\"image\":{\"@id\":\"https:\/\/test.weyer-gruppe.com\/pl\/#\/schema\/logo\/image\/\"},\"sameAs\":[\"https:\/\/www.facebook.com\/weyergruppe\",\"https:\/\/de.linkedin.com\/company\/weyer-gruppe\",\"https:\/\/www.youtube.com\/channel\/UCmZItECuW56Ih_p501_Bq8A\"]}]}<\/script>\n<!-- \/ Yoast SEO Premium plugin. -->","yoast_head_json":{"title":"Planowanie instalacji farmaceutycznych - weyer gruppe [test] - Engineering & Consulting","description":"Grupa weyer doradza przy planowaniu instalacji farmaceutycznych w zakresie in\u017cynierii procesowej, mechanicznej i innych us\u0142ug zwi\u0105zanych z budow\u0105 Pa\u0144stwa instalacji.","robots":{"index":"noindex","follow":"follow","max-snippet":"max-snippet:-1","max-image-preview":"max-image-preview:large","max-video-preview":"max-video-preview:-1"},"og_locale":"pl_PL","og_type":"article","og_title":"Planowanie instalacji farmaceutycznych","og_description":"Grupa weyer doradza przy planowaniu instalacji farmaceutycznych w zakresie in\u017cynierii procesowej, mechanicznej i innych us\u0142ug zwi\u0105zanych z budow\u0105 Pa\u0144stwa instalacji.","og_url":"https:\/\/test.weyer-gruppe.com\/pl\/projektanci-i-producenci-instalacji\/planowanie-instalacji-farmaceutycznych-2\/","og_site_name":"weyer gruppe [test]","article_publisher":"https:\/\/www.facebook.com\/weyergruppe","article_modified_time":"2023-03-01T10:27:52+00:00","twitter_card":"summary_large_image","twitter_misc":{"Szacowany czas czytania":"2 minuty"},"schema":{"@context":"https:\/\/schema.org","@graph":[{"@type":"WebPage","@id":"https:\/\/test.weyer-gruppe.com\/pl\/projektanci-i-producenci-instalacji\/planowanie-instalacji-farmaceutycznych-2\/","url":"https:\/\/test.weyer-gruppe.com\/pl\/projektanci-i-producenci-instalacji\/planowanie-instalacji-farmaceutycznych-2\/","name":"Planowanie instalacji farmaceutycznych - weyer gruppe [test] - Engineering & Consulting","isPartOf":{"@id":"https:\/\/test.weyer-gruppe.com\/pl\/#website"},"datePublished":"2019-12-17T08:51:07+00:00","dateModified":"2023-03-01T10:27:52+00:00","description":"Grupa weyer doradza przy planowaniu instalacji farmaceutycznych w zakresie in\u017cynierii procesowej, mechanicznej i innych us\u0142ug zwi\u0105zanych z budow\u0105 Pa\u0144stwa instalacji.","breadcrumb":{"@id":"https:\/\/test.weyer-gruppe.com\/pl\/projektanci-i-producenci-instalacji\/planowanie-instalacji-farmaceutycznych-2\/#breadcrumb"},"inLanguage":"pl-PL","potentialAction":[{"@type":"ReadAction","target":["https:\/\/test.weyer-gruppe.com\/pl\/projektanci-i-producenci-instalacji\/planowanie-instalacji-farmaceutycznych-2\/"]}]},{"@type":"BreadcrumbList","@id":"https:\/\/test.weyer-gruppe.com\/pl\/projektanci-i-producenci-instalacji\/planowanie-instalacji-farmaceutycznych-2\/#breadcrumb","itemListElement":[{"@type":"ListItem","position":1,"name":"HOME","item":"https:\/\/test.weyer-gruppe.com\/pl\/"},{"@type":"ListItem","position":2,"name":"Projektanci i producenci instalacji","item":"https:\/\/test.weyer-gruppe.com\/pl\/projektanci-i-producenci-instalacji\/"},{"@type":"ListItem","position":3,"name":"Planowanie instalacji farmaceutycznych"}]},{"@type":"WebSite","@id":"https:\/\/test.weyer-gruppe.com\/pl\/#website","url":"https:\/\/test.weyer-gruppe.com\/pl\/","name":"weyer gruppe [test]","description":"komplett. durchdacht.","publisher":{"@id":"https:\/\/test.weyer-gruppe.com\/pl\/#organization"},"potentialAction":[{"@type":"SearchAction","target":{"@type":"EntryPoint","urlTemplate":"https:\/\/test.weyer-gruppe.com\/pl\/?s={search_term_string}"},"query-input":{"@type":"PropertyValueSpecification","valueRequired":true,"valueName":"search_term_string"}}],"inLanguage":"pl-PL"},{"@type":"Organization","@id":"https:\/\/test.weyer-gruppe.com\/pl\/#organization","name":"weyer gruppe","url":"https:\/\/test.weyer-gruppe.com\/pl\/","logo":{"@type":"ImageObject","inLanguage":"pl-PL","@id":"https:\/\/test.weyer-gruppe.com\/pl\/#\/schema\/logo\/image\/","url":"https:\/\/test.weyer-gruppe.com\/wp-content\/uploads\/2019\/07\/logo-weyer-gruppe-de.png","contentUrl":"https:\/\/test.weyer-gruppe.com\/wp-content\/uploads\/2019\/07\/logo-weyer-gruppe-de.png","width":532,"height":513,"caption":"weyer gruppe"},"image":{"@id":"https:\/\/test.weyer-gruppe.com\/pl\/#\/schema\/logo\/image\/"},"sameAs":["https:\/\/www.facebook.com\/weyergruppe","https:\/\/de.linkedin.com\/company\/weyer-gruppe","https:\/\/www.youtube.com\/channel\/UCmZItECuW56Ih_p501_Bq8A"]}]}},"_links":{"self":[{"href":"https:\/\/test.weyer-gruppe.com\/pl\/wp-json\/wp\/v2\/pages\/23434","targetHints":{"allow":["GET"]}}],"collection":[{"href":"https:\/\/test.weyer-gruppe.com\/pl\/wp-json\/wp\/v2\/pages"}],"about":[{"href":"https:\/\/test.weyer-gruppe.com\/pl\/wp-json\/wp\/v2\/types\/page"}],"author":[{"embeddable":true,"href":"https:\/\/test.weyer-gruppe.com\/pl\/wp-json\/wp\/v2\/users\/3"}],"replies":[{"embeddable":true,"href":"https:\/\/test.weyer-gruppe.com\/pl\/wp-json\/wp\/v2\/comments?post=23434"}],"version-history":[{"count":2,"href":"https:\/\/test.weyer-gruppe.com\/pl\/wp-json\/wp\/v2\/pages\/23434\/revisions"}],"predecessor-version":[{"id":45123,"href":"https:\/\/test.weyer-gruppe.com\/pl\/wp-json\/wp\/v2\/pages\/23434\/revisions\/45123"}],"up":[{"embeddable":true,"href":"https:\/\/test.weyer-gruppe.com\/pl\/wp-json\/wp\/v2\/pages\/23877"}],"wp:attachment":[{"href":"https:\/\/test.weyer-gruppe.com\/pl\/wp-json\/wp\/v2\/media?parent=23434"}],"curies":[{"name":"wp","href":"https:\/\/api.w.org\/{rel}","templated":true}]}}