{"id":23404,"date":"2020-01-23T16:13:23","date_gmt":"2020-01-23T15:13:23","guid":{"rendered":"https:\/\/test.weyer-gruppe.com\/symulacja-procesow-2\/"},"modified":"2023-03-01T11:03:26","modified_gmt":"2023-03-01T10:03:26","slug":"symulacja-procesow-2","status":"publish","type":"page","link":"https:\/\/test.weyer-gruppe.com\/pl\/projektanci-i-producenci-instalacji\/symulacja-procesow-2\/","title":{"rendered":"Symulacja proces\u00f3w"},"content":{"rendered":"[vc_row][vc_column][vc_column_text]Symulacja proces\u00f3w sta\u0142a si\u0119 dzi\u015b nieod\u0142\u0105czn\u0105 cz\u0119\u015bci\u0105 in\u017cynierii proces\u00f3w i technologii. Podczas prezentacji i obliczania z\u0142o\u017conych proces\u00f3w lub etap\u00f3w proces\u00f3w symulacja odzwierciedla ich pe\u0142ne mo\u017cliwo\u015bci. W procesach, w kt\u00f3rych zachodz\u0105 reakcje, ale tak\u017ce podczas termicznego rozdzielania mieszanin substancji, takiego jak destylacja, by wymieni\u0107 tylko kilka przyk\u0142ad\u00f3w, trudno jest obliczy\u0107 i zaprojektowa\u0107 je wydajnie i w miar\u0119 dok\u0142adnie bez pomocy narz\u0119dzia do symulacji proces\u00f3w. Po zaplanowaniu procesu z jego poszczeg\u00f3lnymi etapami kolejnym krokiem jest zdefiniowanie komponent\u00f3w, kt\u00f3re zostan\u0105 do niego wprowadzone. W tym celu dost\u0119pna jest bardzo obszerna baza danych komponent\u00f3w, zawieraj\u0105ca du\u017c\u0105 liczb\u0119 substancji wraz z ich odpowiednimi danymi. W p\u00f3\u017aniejszym czasie mog\u0105 by\u0107 jednak dodawane tak\u017ce substancje, kt\u00f3re nie s\u0105 zawarte w tej bazie.<\/p>\n<p>Poszczeg\u00f3lne substancje s\u0105 nast\u0119pnie przypisywane np. do kolumny destylacyjnej, gdzie ma nast\u0105pi\u0107 ich rozdzielenie. W pierwszym etapie dokonuje si\u0119 wst\u0119pnej konfiguracji kolumny, uwzgl\u0119dniaj\u0105c jej wymiary, wyposa\u017cenie wewn\u0119trzne i parametry robocze. Najwa\u017cniejsz\u0105 rol\u0119 odgrywa tu do\u015bwiadczenie u\u017cytkownika, kt\u00f3ry na pocz\u0105tek wybiera odpowiedni\u0105 procedur\u0119 post\u0119powania. W tym celu mo\u017ce on r\u00f3wnie\u017c skorzysta\u0107 z prezentacji graficznej, pokazuj\u0105cej krzywe ci\u015bnienia pary i wykresy wrzenia mieszanek dwusk\u0142adnikowych, aby uzyska\u0107 pierwsze wra\u017cenie na temat zachowania si\u0119 substancji.<\/p>\n<p>Je\u015bli pierwsze wyniki symulacji b\u0119d\u0105 akceptowalne, mo\u017cna rozpocz\u0105\u0107 dalsz\u0105 optymalizacj\u0119. W tym celu dost\u0119pnych jest kilka mo\u017cliwo\u015bci, w tym tzw. analiza wra\u017cliwo\u015bci, kt\u00f3ra pokazuje, jak stopniowa zmiana jednego lub nawet dw\u00f3ch parametr\u00f3w wp\u0142ywa na etap procesu lub wynik.<\/p>\n<p>W symulacji procesu mo\u017cna nast\u0119pnie po\u0142\u0105czy\u0107 dowoln\u0105 liczb\u0119 etap\u00f3w procesu i przedstawi\u0107 ich wsp\u00f3\u0142zale\u017cno\u015bci. Po zoptymalizowaniu procesu mo\u017cna r\u00f3wnie\u017c zaprojektowa\u0107 wiele komponent\u00f3w, szczeg\u00f3lnie w zakresie proces\u00f3w termicznych. Mo\u017ce to by\u0107 kolumna rektyfikacyjna lub zwi\u0105zane z ni\u0105 wymienniki ciep\u0142a, takie jak skraplacz i reboiler.<\/p>\n<p>Przedstawione powy\u017cej przyk\u0142ady pokazuj\u0105 jedynie bardzo ma\u0142\u0105 cz\u0119\u015b\u0107 zakresu narz\u0119dzia do symulacji proces\u00f3w. Og\u00f3lnie mo\u017cna powiedzie\u0107, \u017ce symulacja procesu mo\u017ce by\u0107 z powodzeniem stosowana wsz\u0119dzie tam, gdzie w procesach wyst\u0119puj\u0105 zar\u00f3wno ciecze, jak r\u00f3wnie\u017c gazy i opary, i nie mo\u017ce by\u0107 zast\u0105piona \u017cadn\u0105 inn\u0105 alternatyw\u0105.<\/p>\n<h2>Us\u0142ugi<\/h2>\n<ul class=\"arrow-gray\">\n<li class=\"first-child\">Ilustrowanie etap\u00f3w procesu i ca\u0142ych proces\u00f3w w modelu symulacyjnym<\/li>\n<li>Okre\u015blenie wszystkich istotnych danych dotycz\u0105cych materia\u0142u<\/li>\n<li>Obliczanie wszystkich przep\u0142yw\u00f3w materia\u0142owych i parametr\u00f3w procesu<\/li>\n<li>Przewidywanie wynik\u00f3w dzia\u0142a\u0144 restrukturyzacyjnych i optymalizacyjnych<\/li>\n<li>Projektowanie\/obliczanie wyposa\u017cenia procesu w zakresie destylacji (rektyfikacji) i przenoszenia ciep\u0142a (wymiennik ciep\u0142a)<\/li>\n<li>Przygotowywanie bilans\u00f3w energetycznych i masowych<\/li>\n<li>Symulacja z\u0142o\u017conych sieci ruroci\u0105g\u00f3w<\/li>\n<li class=\"last-child\">Analiza zachowania aparatury procesowej w przypadku planowanych zmian procedury lub produktu<\/li>\n<\/ul>\n[\/vc_column_text][\/vc_column][\/vc_row][vc_row bg_type=&#8221;color&#8221; font_color=&#8221;#ffffff&#8221; bg_color=&#8221;#0b3c80&#8243;][vc_column]<div class=\"grve-element grve-hr grve-space-divider\" style=\"\"><\/div><div class=\"grve-element grve-image-text\" style=\"\">  <div class=\"grve-content grve-align-right\">    <h6>weyer specjalny: Symulacja proces\u00f3w<\/h6>  <p>Od ponad 30 lat weyer group \u015bwiadczy indywidualne us\u0142ugi in\u017cynierskie w zakresie projektowania instalacji procesowych, jak r\u00f3wnie\u017c prowadzi dzia\u0142alno\u015b\u0107 eksperck\u0105 w zakresie in\u017cynierii bezpiecze\u0144stwa W ramach tych dzia\u0142a\u0144 stosowane s\u0105 r\u00f3wnie\u017c r\u00f3\u017cne programy obliczeniowe i symulacyjne&#8230;<\/p>    <a href=\"https:\/\/test.weyer-gruppe.com\/wp-content\/uploads\/2019\/07\/weyer-spezial-prozesssimulation-0512.pdf\" target=\"_blank\" class=\"grve-read-more \">Pobierz weyer spezial tutaj<\/a>  <\/div><div class=\"grve-image\"><img decoding=\"async\" width=\"250\" height=\"354\" src=\"https:\/\/test.weyer-gruppe.com\/wp-content\/uploads\/2019\/07\/weyer-spezial-weyer-gruppe-prozesssimulation.jpg\" class=\"attachment-full size-full\" alt=\"Specjalna symulacja procesu weyer w arkuszu ok\u0142adkowym\" srcset=\"\" \/><\/div><\/div><div class=\"grve-element grve-hr grve-space-divider\" style=\"\"><\/div>[\/vc_column][\/vc_row][vc_row][vc_column]<div class=\"grve-element grve-hr grve-space-divider\" style=\"\"><\/div><h3 class=\"grve-element grve-align-left grve-title-no-line grve-h3\" style=\"\"><span>Nasz zesp\u00f3\u0142<\/span><\/h3>[\/vc_column][\/vc_row][vc_row][vc_column width=&#8221;1\/4&#8243; tablet_sm_width=&#8221;1-2&#8243;]\r\n\t\t<div class=\"grve-team grve-element\" style=\"\">\r\n\t\t\t<figure class=\"grve-image-hover grve-style-1 grve-zoom-in\">\r\n\t\t\t\t<div class=\"grve-team-person grve-media grve-dark-overlay grve-opacity-60\">\r\n\t\t\t\t\t<img decoding=\"async\" width=\"300\" height=\"300\" src=\"https:\/\/test.weyer-gruppe.com\/wp-content\/uploads\/2019\/07\/florian-merkel-horst-weyer-und-partner.jpg\" class=\"attachment-grve-image-small-square size-grve-image-small-square\" alt=\"Foto von Manfred Wientjes der Horst Weyer und Partner gmbh\" \/>\t\t\t\t<\/div>\r\n\t\t\t\t<figcaption>\r\n\t\t\t\t\t<div class=\"grve-team-description\">\r\n\t\t\t\t\t\t\t\t\t\t\t\t<h4 class=\"grve-team-name grve-dark grve-h4\">Dr. Florian Merkel<\/h4>\r\n\t\t\t\t\t\t\t\t\t\t\t\t<small class=\"grve-team-identity grve-dark\">horst weyer und partner<\/small>\r\n\t\t\t\t\t<\/div>\r\n\t\t\t\t\t\t\t\t\t\t<div class=\"grve-team-social grve-team-social-text grve-dark\">\r\n\t\t\t\t\t\t<ul>\r\n\t\t\t\t\t\t\t<li><a href=\"mailto:f.&#109;&#101;&#114;kel&#64;we&#121;&#101;r&#45;grup&#112;e.co&#109;\">E-mail<\/a><\/li>\t\t\t\t\t\t<\/ul>\r\n\t\t\t\t\t<\/div>\r\n\t\t\t\t\t\t\t\t\t<\/figcaption>\r\n\t\t\t<\/figure>\r\n\t\t<\/div>\r\n\r\n\t\t[\/vc_column][vc_column width=&#8221;1\/4&#8243; tablet_sm_width=&#8221;1-2&#8243;]\r\n\t\t<div class=\"grve-team grve-element\" style=\"\">\r\n\t\t\t<figure class=\"grve-image-hover grve-style-1 grve-zoom-in\">\r\n\t\t\t\t<div class=\"grve-team-person grve-media grve-dark-overlay grve-opacity-60\">\r\n\t\t\t\t\t<img decoding=\"async\" width=\"300\" height=\"300\" src=\"https:\/\/test.weyer-gruppe.com\/wp-content\/uploads\/2019\/07\/weyer-polska-andrzej-kedziora-1.jpg\" class=\"attachment-grve-image-small-square size-grve-image-small-square\" alt=\"Zdj\u0119cie pracownika Andrzej Kedziora z Weyer Polska Sp. z.o.o.\" srcset=\"https:\/\/test.weyer-gruppe.com\/wp-content\/uploads\/2019\/07\/weyer-polska-andrzej-kedziora-1.jpg 300w, https:\/\/test.weyer-gruppe.com\/wp-content\/uploads\/2019\/07\/weyer-polska-andrzej-kedziora-1-150x150.jpg 150w, https:\/\/test.weyer-gruppe.com\/wp-content\/uploads\/2019\/07\/weyer-polska-andrzej-kedziora-1-80x80.jpg 80w\" sizes=\"(max-width: 300px) 100vw, 300px\" \/>\t\t\t\t<\/div>\r\n\t\t\t\t<figcaption>\r\n\t\t\t\t\t<div class=\"grve-team-description\">\r\n\t\t\t\t\t\t\t\t\t\t\t\t<h4 class=\"grve-team-name grve-dark grve-h4\">Andrzej Kedziora<\/h4>\r\n\t\t\t\t\t\t\t\t\t\t\t\t<small class=\"grve-team-identity grve-dark\">Weyer Polska Sp. z o. o.<\/small>\r\n\t\t\t\t\t<\/div>\r\n\t\t\t\t\t\t\t\t\t\t<div class=\"grve-team-social grve-team-social-text grve-dark\">\r\n\t\t\t\t\t\t<ul>\r\n\t\t\t\t\t\t\t<li><a href=\"mailto:a&#46;&#107;&#101;dzior&#97;&#64;&#119;e&#121;&#101;&#114;-&#103;ro&#117;&#112;&#46;co&#109;\">E-mail<\/a><\/li>\t\t\t\t\t\t<\/ul>\r\n\t\t\t\t\t<\/div>\r\n\t\t\t\t\t\t\t\t\t<\/figcaption>\r\n\t\t\t<\/figure>\r\n\t\t<\/div>\r\n\r\n\t\t[\/vc_column][vc_column width=&#8221;1\/4&#8243; tablet_sm_width=&#8221;1-2&#8243;]\r\n\t\t<div class=\"grve-team grve-element\" style=\"\">\r\n\t\t\t<figure class=\"grve-image-hover grve-style-1 grve-zoom-in\">\r\n\t\t\t\t<div class=\"grve-team-person grve-media grve-dark-overlay grve-opacity-60\">\r\n\t\t\t\t\t<img decoding=\"async\" width=\"300\" height=\"300\" src=\"https:\/\/test.weyer-gruppe.com\/wp-content\/uploads\/2020\/02\/weyer-gruppe-platzhalter-mitarbeiterfotos.jpg\" class=\"attachment-grve-image-small-square size-grve-image-small-square\" alt=\"Platzhalte Mitarbeiterfotos\" srcset=\"https:\/\/test.weyer-gruppe.com\/wp-content\/uploads\/2020\/02\/weyer-gruppe-platzhalter-mitarbeiterfotos.jpg 300w, https:\/\/test.weyer-gruppe.com\/wp-content\/uploads\/2020\/02\/weyer-gruppe-platzhalter-mitarbeiterfotos-150x150.jpg 150w, https:\/\/test.weyer-gruppe.com\/wp-content\/uploads\/2020\/02\/weyer-gruppe-platzhalter-mitarbeiterfotos-80x80.jpg 80w\" sizes=\"(max-width: 300px) 100vw, 300px\" \/>\t\t\t\t<\/div>\r\n\t\t\t\t<figcaption>\r\n\t\t\t\t\t<div class=\"grve-team-description\">\r\n\t\t\t\t\t\t\t\t\t\t\t\t<h4 class=\"grve-team-name grve-dark grve-h4\">Markus Hartwig<\/h4>\r\n\t\t\t\t\t\t\t\t\t\t\t\t<small class=\"grve-team-identity grve-dark\">weyer IngenieurPartner<\/small>\r\n\t\t\t\t\t<\/div>\r\n\t\t\t\t\t\t\t\t\t\t<div class=\"grve-team-social grve-team-social-text grve-dark\">\r\n\t\t\t\t\t\t<ul>\r\n\t\t\t\t\t\t\t<li><a href=\"mailto:m.h&#97;rt&#119;i&#103;&#64;w&#101;y&#101;r-gr&#117;&#112;p&#101;&#46;com\">E-mail<\/a><\/li>\t\t\t\t\t\t<\/ul>\r\n\t\t\t\t\t<\/div>\r\n\t\t\t\t\t\t\t\t\t<\/figcaption>\r\n\t\t\t<\/figure>\r\n\t\t<\/div>\r\n\r\n\t\t[\/vc_column][vc_column width=&#8221;1\/4&#8243; tablet_sm_width=&#8221;1-2&#8243;][\/vc_column][\/vc_row]\n","protected":false},"excerpt":{"rendered":"<p>[vc_row][vc_column][vc_column_text]Symulacja proces\u00f3w sta\u0142a si\u0119 dzi\u015b nieod\u0142\u0105czn\u0105 cz\u0119\u015bci\u0105 in\u017cynierii proces\u00f3w i technologii. Podczas prezentacji i obliczania z\u0142o\u017conych proces\u00f3w lub etap\u00f3w proces\u00f3w symulacja odzwierciedla ich pe\u0142ne mo\u017cliwo\u015bci. W procesach, w kt\u00f3rych zachodz\u0105 [&hellip;]<\/p>\n","protected":false},"author":2,"featured_media":0,"parent":23877,"menu_order":0,"comment_status":"closed","ping_status":"closed","template":"","meta":{"footnotes":""},"class_list":["post-23404","page","type-page","status-publish","hentry"],"yoast_head":"<!-- This site is optimized with the Yoast SEO Premium plugin v21.6 (Yoast SEO v26.8) - https:\/\/yoast.com\/product\/yoast-seo-premium-wordpress\/ -->\n<title>Symulacja proces\u00f3w - weyer gruppe [test]<\/title>\n<meta name=\"robots\" content=\"noindex, follow, max-snippet:-1, max-image-preview:large, max-video-preview:-1\" \/>\n<meta property=\"og:locale\" content=\"pl_PL\" \/>\n<meta property=\"og:type\" content=\"article\" \/>\n<meta property=\"og:title\" content=\"Symulacja proces\u00f3w\" \/>\n<meta property=\"og:description\" content=\"[vc_row][vc_column][vc_column_text]Symulacja proces\u00f3w sta\u0142a si\u0119 dzi\u015b nieod\u0142\u0105czn\u0105 cz\u0119\u015bci\u0105 in\u017cynierii proces\u00f3w i technologii. Podczas prezentacji i obliczania z\u0142o\u017conych proces\u00f3w lub etap\u00f3w proces\u00f3w symulacja odzwierciedla ich pe\u0142ne mo\u017cliwo\u015bci. W procesach, w kt\u00f3rych zachodz\u0105 [&hellip;]\" \/>\n<meta property=\"og:url\" content=\"https:\/\/test.weyer-gruppe.com\/pl\/projektanci-i-producenci-instalacji\/symulacja-procesow-2\/\" \/>\n<meta property=\"og:site_name\" content=\"weyer gruppe [test]\" \/>\n<meta property=\"article:publisher\" content=\"https:\/\/www.facebook.com\/weyergruppe\" \/>\n<meta property=\"article:modified_time\" content=\"2023-03-01T10:03:26+00:00\" \/>\n<meta name=\"twitter:card\" content=\"summary_large_image\" \/>\n<meta name=\"twitter:label1\" content=\"Szacowany czas czytania\" \/>\n\t<meta name=\"twitter:data1\" content=\"3 minuty\" \/>\n<script type=\"application\/ld+json\" class=\"yoast-schema-graph\">{\"@context\":\"https:\/\/schema.org\",\"@graph\":[{\"@type\":\"WebPage\",\"@id\":\"https:\/\/test.weyer-gruppe.com\/pl\/projektanci-i-producenci-instalacji\/symulacja-procesow-2\/\",\"url\":\"https:\/\/test.weyer-gruppe.com\/pl\/projektanci-i-producenci-instalacji\/symulacja-procesow-2\/\",\"name\":\"Symulacja proces\u00f3w - weyer gruppe [test]\",\"isPartOf\":{\"@id\":\"https:\/\/test.weyer-gruppe.com\/pl\/#website\"},\"datePublished\":\"2020-01-23T15:13:23+00:00\",\"dateModified\":\"2023-03-01T10:03:26+00:00\",\"breadcrumb\":{\"@id\":\"https:\/\/test.weyer-gruppe.com\/pl\/projektanci-i-producenci-instalacji\/symulacja-procesow-2\/#breadcrumb\"},\"inLanguage\":\"pl-PL\",\"potentialAction\":[{\"@type\":\"ReadAction\",\"target\":[\"https:\/\/test.weyer-gruppe.com\/pl\/projektanci-i-producenci-instalacji\/symulacja-procesow-2\/\"]}]},{\"@type\":\"BreadcrumbList\",\"@id\":\"https:\/\/test.weyer-gruppe.com\/pl\/projektanci-i-producenci-instalacji\/symulacja-procesow-2\/#breadcrumb\",\"itemListElement\":[{\"@type\":\"ListItem\",\"position\":1,\"name\":\"HOME\",\"item\":\"https:\/\/test.weyer-gruppe.com\/pl\/\"},{\"@type\":\"ListItem\",\"position\":2,\"name\":\"Projektanci i producenci instalacji\",\"item\":\"https:\/\/test.weyer-gruppe.com\/pl\/projektanci-i-producenci-instalacji\/\"},{\"@type\":\"ListItem\",\"position\":3,\"name\":\"Symulacja proces\u00f3w\"}]},{\"@type\":\"WebSite\",\"@id\":\"https:\/\/test.weyer-gruppe.com\/pl\/#website\",\"url\":\"https:\/\/test.weyer-gruppe.com\/pl\/\",\"name\":\"weyer gruppe [test]\",\"description\":\"komplett. durchdacht.\",\"publisher\":{\"@id\":\"https:\/\/test.weyer-gruppe.com\/pl\/#organization\"},\"potentialAction\":[{\"@type\":\"SearchAction\",\"target\":{\"@type\":\"EntryPoint\",\"urlTemplate\":\"https:\/\/test.weyer-gruppe.com\/pl\/?s={search_term_string}\"},\"query-input\":{\"@type\":\"PropertyValueSpecification\",\"valueRequired\":true,\"valueName\":\"search_term_string\"}}],\"inLanguage\":\"pl-PL\"},{\"@type\":\"Organization\",\"@id\":\"https:\/\/test.weyer-gruppe.com\/pl\/#organization\",\"name\":\"weyer gruppe\",\"url\":\"https:\/\/test.weyer-gruppe.com\/pl\/\",\"logo\":{\"@type\":\"ImageObject\",\"inLanguage\":\"pl-PL\",\"@id\":\"https:\/\/test.weyer-gruppe.com\/pl\/#\/schema\/logo\/image\/\",\"url\":\"https:\/\/test.weyer-gruppe.com\/wp-content\/uploads\/2019\/07\/logo-weyer-gruppe-de.png\",\"contentUrl\":\"https:\/\/test.weyer-gruppe.com\/wp-content\/uploads\/2019\/07\/logo-weyer-gruppe-de.png\",\"width\":532,\"height\":513,\"caption\":\"weyer gruppe\"},\"image\":{\"@id\":\"https:\/\/test.weyer-gruppe.com\/pl\/#\/schema\/logo\/image\/\"},\"sameAs\":[\"https:\/\/www.facebook.com\/weyergruppe\",\"https:\/\/de.linkedin.com\/company\/weyer-gruppe\",\"https:\/\/www.youtube.com\/channel\/UCmZItECuW56Ih_p501_Bq8A\"]}]}<\/script>\n<!-- \/ Yoast SEO Premium plugin. -->","yoast_head_json":{"title":"Symulacja proces\u00f3w - weyer gruppe [test]","robots":{"index":"noindex","follow":"follow","max-snippet":"max-snippet:-1","max-image-preview":"max-image-preview:large","max-video-preview":"max-video-preview:-1"},"og_locale":"pl_PL","og_type":"article","og_title":"Symulacja proces\u00f3w","og_description":"[vc_row][vc_column][vc_column_text]Symulacja proces\u00f3w sta\u0142a si\u0119 dzi\u015b nieod\u0142\u0105czn\u0105 cz\u0119\u015bci\u0105 in\u017cynierii proces\u00f3w i technologii. Podczas prezentacji i obliczania z\u0142o\u017conych proces\u00f3w lub etap\u00f3w proces\u00f3w symulacja odzwierciedla ich pe\u0142ne mo\u017cliwo\u015bci. W procesach, w kt\u00f3rych zachodz\u0105 [&hellip;]","og_url":"https:\/\/test.weyer-gruppe.com\/pl\/projektanci-i-producenci-instalacji\/symulacja-procesow-2\/","og_site_name":"weyer gruppe [test]","article_publisher":"https:\/\/www.facebook.com\/weyergruppe","article_modified_time":"2023-03-01T10:03:26+00:00","twitter_card":"summary_large_image","twitter_misc":{"Szacowany czas czytania":"3 minuty"},"schema":{"@context":"https:\/\/schema.org","@graph":[{"@type":"WebPage","@id":"https:\/\/test.weyer-gruppe.com\/pl\/projektanci-i-producenci-instalacji\/symulacja-procesow-2\/","url":"https:\/\/test.weyer-gruppe.com\/pl\/projektanci-i-producenci-instalacji\/symulacja-procesow-2\/","name":"Symulacja proces\u00f3w - weyer gruppe [test]","isPartOf":{"@id":"https:\/\/test.weyer-gruppe.com\/pl\/#website"},"datePublished":"2020-01-23T15:13:23+00:00","dateModified":"2023-03-01T10:03:26+00:00","breadcrumb":{"@id":"https:\/\/test.weyer-gruppe.com\/pl\/projektanci-i-producenci-instalacji\/symulacja-procesow-2\/#breadcrumb"},"inLanguage":"pl-PL","potentialAction":[{"@type":"ReadAction","target":["https:\/\/test.weyer-gruppe.com\/pl\/projektanci-i-producenci-instalacji\/symulacja-procesow-2\/"]}]},{"@type":"BreadcrumbList","@id":"https:\/\/test.weyer-gruppe.com\/pl\/projektanci-i-producenci-instalacji\/symulacja-procesow-2\/#breadcrumb","itemListElement":[{"@type":"ListItem","position":1,"name":"HOME","item":"https:\/\/test.weyer-gruppe.com\/pl\/"},{"@type":"ListItem","position":2,"name":"Projektanci i producenci instalacji","item":"https:\/\/test.weyer-gruppe.com\/pl\/projektanci-i-producenci-instalacji\/"},{"@type":"ListItem","position":3,"name":"Symulacja proces\u00f3w"}]},{"@type":"WebSite","@id":"https:\/\/test.weyer-gruppe.com\/pl\/#website","url":"https:\/\/test.weyer-gruppe.com\/pl\/","name":"weyer gruppe [test]","description":"komplett. durchdacht.","publisher":{"@id":"https:\/\/test.weyer-gruppe.com\/pl\/#organization"},"potentialAction":[{"@type":"SearchAction","target":{"@type":"EntryPoint","urlTemplate":"https:\/\/test.weyer-gruppe.com\/pl\/?s={search_term_string}"},"query-input":{"@type":"PropertyValueSpecification","valueRequired":true,"valueName":"search_term_string"}}],"inLanguage":"pl-PL"},{"@type":"Organization","@id":"https:\/\/test.weyer-gruppe.com\/pl\/#organization","name":"weyer gruppe","url":"https:\/\/test.weyer-gruppe.com\/pl\/","logo":{"@type":"ImageObject","inLanguage":"pl-PL","@id":"https:\/\/test.weyer-gruppe.com\/pl\/#\/schema\/logo\/image\/","url":"https:\/\/test.weyer-gruppe.com\/wp-content\/uploads\/2019\/07\/logo-weyer-gruppe-de.png","contentUrl":"https:\/\/test.weyer-gruppe.com\/wp-content\/uploads\/2019\/07\/logo-weyer-gruppe-de.png","width":532,"height":513,"caption":"weyer gruppe"},"image":{"@id":"https:\/\/test.weyer-gruppe.com\/pl\/#\/schema\/logo\/image\/"},"sameAs":["https:\/\/www.facebook.com\/weyergruppe","https:\/\/de.linkedin.com\/company\/weyer-gruppe","https:\/\/www.youtube.com\/channel\/UCmZItECuW56Ih_p501_Bq8A"]}]}},"_links":{"self":[{"href":"https:\/\/test.weyer-gruppe.com\/pl\/wp-json\/wp\/v2\/pages\/23404","targetHints":{"allow":["GET"]}}],"collection":[{"href":"https:\/\/test.weyer-gruppe.com\/pl\/wp-json\/wp\/v2\/pages"}],"about":[{"href":"https:\/\/test.weyer-gruppe.com\/pl\/wp-json\/wp\/v2\/types\/page"}],"author":[{"embeddable":true,"href":"https:\/\/test.weyer-gruppe.com\/pl\/wp-json\/wp\/v2\/users\/2"}],"replies":[{"embeddable":true,"href":"https:\/\/test.weyer-gruppe.com\/pl\/wp-json\/wp\/v2\/comments?post=23404"}],"version-history":[{"count":2,"href":"https:\/\/test.weyer-gruppe.com\/pl\/wp-json\/wp\/v2\/pages\/23404\/revisions"}],"predecessor-version":[{"id":45075,"href":"https:\/\/test.weyer-gruppe.com\/pl\/wp-json\/wp\/v2\/pages\/23404\/revisions\/45075"}],"up":[{"embeddable":true,"href":"https:\/\/test.weyer-gruppe.com\/pl\/wp-json\/wp\/v2\/pages\/23877"}],"wp:attachment":[{"href":"https:\/\/test.weyer-gruppe.com\/pl\/wp-json\/wp\/v2\/media?parent=23404"}],"curies":[{"name":"wp","href":"https:\/\/api.w.org\/{rel}","templated":true}]}}