{"id":23391,"date":"2019-07-29T15:56:28","date_gmt":"2019-07-29T13:56:28","guid":{"rendered":"https:\/\/test.weyer-gruppe.com\/system-zarzadzania-dla-instalacji-przemyslowych-vfi\/"},"modified":"2023-03-14T09:49:09","modified_gmt":"2023-03-14T08:49:09","slug":"system-zarzadzania-dla-instalacji-przemyslowych-vfi","status":"publish","type":"page","link":"https:\/\/test.weyer-gruppe.com\/pl\/operatorzy-instalacji-i-inwestorzy\/system-zarzadzania-dla-instalacji-przemyslowych-vfi\/","title":{"rendered":"System zarz\u0105dzania dla instalacji przemys\u0142owych (VFI)"},"content":{"rendered":"[vc_row][vc_column][vc_column_text]\u201eSystem zarz\u0105dzania dla instalacji przemys\u0142owych (VFI)\u201d jest aplikacj\u0105 bazy danych, kt\u00f3ra zapewnia przejrzyste rejestrowanie, zarz\u0105dzanie i dokumentowanie wszystkich pozwole\u0144, przepis\u00f3w pomocniczych i termin\u00f3w dla Pa\u0144stwa instalacji.<\/p>\n<p>Oprogramowanie internetowe mo\u017ce by\u0107 stosowane we wszystkich instalacjach wymagaj\u0105cych zatwierdzenia. VFI jest stosowany na przyk\u0142ad przez kierownik\u00f3w instalacji, mened\u017cer\u00f3w ds. BHP oraz osoby odpowiedzialne za zatwierdzanie i bezpiecze\u0144stwo instalacji. VFI jest szczeg\u00f3lnie przydatne, je\u015bli dana firma rozwija\u0142a si\u0119 historycznie lub ma kilka lokalizacji i dlatego posiada du\u017c\u0105 ilo\u015b\u0107 danych.<\/p>\n<h2>Pa\u0144stwa korzy\u015bci<\/h2>\n<ul class=\"arrow-gray\">\n<li>Szybkie rejestrowanie wszystkich istotnych danych<\/li>\n<li>Wszystkie dokumenty w jednym miejscu<\/li>\n<li>Przejrzysty przegl\u0105d sytuacji w zakresie zatwierdzania<\/li>\n<li>Wszystkie terminy kontroli w skr\u00f3cie<\/li>\n<li>Obowi\u0105zki s\u0105 spisane<\/li>\n<li>Wiedza na temat instalacji jest udokumentowana<\/li>\n<li>Wyszukiwane dane s\u0105 szybko znajdowane<\/li>\n<li>Dokumentacja i \u015bledzenie wykrytych usterek<\/li>\n<li>Wysy\u0142anie przypomnie\u0144 e-mailowych do poszczeg\u00f3lnych os\u00f3b kontaktowych<\/li>\n<li>Wsparcie w zakresie zgodno\u015bci<\/li>\n<li>Rozwi\u0105zanie internetowe, do kt\u00f3rego mo\u017cna uzyska\u0107 dost\u0119p z dowolnego miejsca za pomoc\u0105 przegl\u0105darki<\/li>\n<li>Przejrzyste koszty dzi\u0119ki sta\u0142ej miesi\u0119cznej stawce rycza\u0142towej<\/li>\n<\/ul>\n<h2>Us\u0142ugi<\/h2>\n<ul class=\"arrow-gray\">\n<li>Przygotowanie oprogramowania wraz z kopiami zapasowymi<\/li>\n<li>Wsparcie i dalszy rozw\u00f3j wraz z aktualizacjami<\/li>\n<li>Digitalizacja i przesy\u0142anie dokument\u00f3w do systemu<\/li>\n<li>Najwy\u017csze mo\u017cliwe bezpiecze\u0144stwo danych dzi\u0119ki regionalnym centrom danych z systemami redundantnymi i zgodno\u015bci\u0105 z aktualnymi<\/li>\n<li>standardami ochrony danych osobowych<\/li>\n<li>Kompleksowe wsparcie<\/li>\n<\/ul>\n[\/vc_column_text]<h2 class=\"grve-element grve-align-left grve-title-no-line grve-h2\" style=\"\"><span>Przebieg wsp\u00f3\u0142pracy<\/span><\/h2><div class=\"grve-element grve-box-icon grve-align-left\" style=\"\">  <div class=\"grve-icon grve-medium grve-simple grve-no-shape grve-color-primary-1 fa fa-gears\"><\/div>  <div class=\"grve-box-content\"><h5 class=\"grve-box-title\"><span>Utworzenie systemu<\/span><\/h5>    <p class=\"\">Klient przekazuje nam wszystkie decyzje o zezwoleniu lub po konsultacji rejestrujemy je dla niego na miejscu. Nast\u0119pnie zapisujemy wszystkie zezwolenia i przepisy pomocnicze w bazie danych. Wpisujemy r\u00f3wnie\u017c wszystkie kolejne zezwolenia i przepisy pomocnicze \u2013 neutralnie pod wzgl\u0119dem koszt\u00f3w w ramach aktualnej miesi\u0119cznej stawki rycza\u0142towej.<\/p>  <\/div><\/div><div class=\"grve-element grve-box-icon grve-align-left\" style=\"\">  <div class=\"grve-icon grve-medium grve-simple grve-no-shape grve-color-primary-1 fa fa-user-circle-o\"><\/div>  <div class=\"grve-box-content\"><h5 class=\"grve-box-title\"><span>Otrzymywanie danych dost\u0119powych i szkolenie pracownik\u00f3w<\/span><\/h5>    <p class=\"\">Nast\u0119pnie klient otrzymuje od nas swoje dane dost\u0119powe i szkolenie. Po zako\u0144czeniu szkolenia u\u017cytkownik mo\u017ce samodzielnie obs\u0142ugiwa\u0107 baz\u0119 danych. Je\u015bli p\u00f3\u017aniej pojawi\u0105 si\u0119 pytania, zawsze mo\u017ce on skontaktowa\u0107 si\u0119 z naszym zespo\u0142em wsparcia.<\/p>  <\/div><\/div><div class=\"grve-element grve-box-icon grve-align-left\" style=\"\">  <div class=\"grve-icon grve-medium grve-simple grve-no-shape grve-color-primary-1 fa fa-sliders\"><\/div>  <div class=\"grve-box-content\"><h5 class=\"grve-box-title\"><span>Ustawienia przez klienta<\/span><\/h5>    <p class=\"\">Nast\u0119pnie klient wpisuje daty przy odpowiednich zezwoleniach i przepisach pomocniczych oraz okre\u015bla, kto jest odpowiedzialny za terminow\u0105 i profesjonaln\u0105 realizacj\u0119 termin\u00f3w bada\u0144 (z podaniem nazwiska i adresu e-mail). Po tym system jest gotowy do pracy, a u\u017cytkownicy automatycznie otrzymuj\u0105 e-maile, gdy jest co\u015b do zrobienia.<\/p>  <\/div><\/div><div class=\"grve-element grve-hr grve-space-divider\" style=\"\"><\/div>[vc_column_text]\n<h2>Referencje<\/h2>\n[\/vc_column_text]<div class=\"grve-element grve-carousel-wrapper\" style=\"\"><div class=\"grve-carousel-navigation grve-light\" data-navigation-type=\"1\"><div class=\"grve-carousel-buttons\"><div class=\"grve-carousel-prev grve-icon-nav-left\"><\/div><div class=\"grve-carousel-next grve-icon-nav-right\"><\/div><\/div><\/div><div class=\"grve-carousel grve-gallery-popup grve-carousel-element \" data-items=\"3\" data-slider-autoplay=\"yes\" data-slider-speed=\"3000\" data-slider-pause=\"yes\">\r\n\r\n\t\t\t<div class=\"grve-carousel-item\">  <a href=\"https:\/\/test.weyer-gruppe.com\/wp-content\/uploads\/2020\/02\/referenzen-vdi-weyer-gruppe5-1.jpg\"><figure class=\"grve-image-hover\"><div class=\"grve-media\"><img decoding=\"async\" width=\"400\" height=\"400\" src=\"https:\/\/test.weyer-gruppe.com\/wp-content\/uploads\/2020\/02\/referenzen-vdi-weyer-gruppe5-1.jpg\" class=\"attachment-grve-image-small-square size-grve-image-small-square\" alt=\"Logo Vattenfall\" srcset=\"https:\/\/test.weyer-gruppe.com\/wp-content\/uploads\/2020\/02\/referenzen-vdi-weyer-gruppe5-1.jpg 400w, https:\/\/test.weyer-gruppe.com\/wp-content\/uploads\/2020\/02\/referenzen-vdi-weyer-gruppe5-1-150x150.jpg 150w, https:\/\/test.weyer-gruppe.com\/wp-content\/uploads\/2020\/02\/referenzen-vdi-weyer-gruppe5-1-300x300.jpg 300w, https:\/\/test.weyer-gruppe.com\/wp-content\/uploads\/2020\/02\/referenzen-vdi-weyer-gruppe5-1-80x80.jpg 80w\" sizes=\"(max-width: 400px) 100vw, 400px\" \/><\/div><\/figure>  <\/a><\/div><div class=\"grve-carousel-item\">  <a href=\"https:\/\/test.weyer-gruppe.com\/wp-content\/uploads\/2020\/02\/referenzen-vdi-weyer-gruppe-1.jpg\"><figure class=\"grve-image-hover\"><div class=\"grve-media\"><img decoding=\"async\" width=\"400\" height=\"400\" src=\"https:\/\/test.weyer-gruppe.com\/wp-content\/uploads\/2020\/02\/referenzen-vdi-weyer-gruppe-1.jpg\" class=\"attachment-grve-image-small-square size-grve-image-small-square\" alt=\"Logo DEW 21\" srcset=\"https:\/\/test.weyer-gruppe.com\/wp-content\/uploads\/2020\/02\/referenzen-vdi-weyer-gruppe-1.jpg 400w, https:\/\/test.weyer-gruppe.com\/wp-content\/uploads\/2020\/02\/referenzen-vdi-weyer-gruppe-1-150x150.jpg 150w, https:\/\/test.weyer-gruppe.com\/wp-content\/uploads\/2020\/02\/referenzen-vdi-weyer-gruppe-1-300x300.jpg 300w, https:\/\/test.weyer-gruppe.com\/wp-content\/uploads\/2020\/02\/referenzen-vdi-weyer-gruppe-1-80x80.jpg 80w\" sizes=\"(max-width: 400px) 100vw, 400px\" \/><\/div><\/figure>  <\/a><\/div><div class=\"grve-carousel-item\">  <a href=\"https:\/\/test.weyer-gruppe.com\/wp-content\/uploads\/2020\/02\/referenzen-vdi-weyer-gruppe2-1.jpg\"><figure class=\"grve-image-hover\"><div class=\"grve-media\"><img decoding=\"async\" width=\"400\" height=\"400\" src=\"https:\/\/test.weyer-gruppe.com\/wp-content\/uploads\/2020\/02\/referenzen-vdi-weyer-gruppe2-1.jpg\" class=\"attachment-grve-image-small-square size-grve-image-small-square\" alt=\"Logo Huber Martingswerk\" srcset=\"https:\/\/test.weyer-gruppe.com\/wp-content\/uploads\/2020\/02\/referenzen-vdi-weyer-gruppe2-1.jpg 400w, https:\/\/test.weyer-gruppe.com\/wp-content\/uploads\/2020\/02\/referenzen-vdi-weyer-gruppe2-1-150x150.jpg 150w, https:\/\/test.weyer-gruppe.com\/wp-content\/uploads\/2020\/02\/referenzen-vdi-weyer-gruppe2-1-300x300.jpg 300w, https:\/\/test.weyer-gruppe.com\/wp-content\/uploads\/2020\/02\/referenzen-vdi-weyer-gruppe2-1-80x80.jpg 80w\" sizes=\"(max-width: 400px) 100vw, 400px\" \/><\/div><\/figure>  <\/a><\/div><div class=\"grve-carousel-item\">  <a href=\"https:\/\/test.weyer-gruppe.com\/wp-content\/uploads\/2020\/02\/referenzen-vdi-weyer-gruppe3-1.jpg\"><figure class=\"grve-image-hover\"><div class=\"grve-media\"><img decoding=\"async\" width=\"400\" height=\"400\" src=\"https:\/\/test.weyer-gruppe.com\/wp-content\/uploads\/2020\/02\/referenzen-vdi-weyer-gruppe3-1.jpg\" class=\"attachment-grve-image-small-square size-grve-image-small-square\" alt=\"Logo Hydro\" srcset=\"https:\/\/test.weyer-gruppe.com\/wp-content\/uploads\/2020\/02\/referenzen-vdi-weyer-gruppe3-1.jpg 400w, https:\/\/test.weyer-gruppe.com\/wp-content\/uploads\/2020\/02\/referenzen-vdi-weyer-gruppe3-1-150x150.jpg 150w, https:\/\/test.weyer-gruppe.com\/wp-content\/uploads\/2020\/02\/referenzen-vdi-weyer-gruppe3-1-300x300.jpg 300w, https:\/\/test.weyer-gruppe.com\/wp-content\/uploads\/2020\/02\/referenzen-vdi-weyer-gruppe3-1-80x80.jpg 80w\" sizes=\"(max-width: 400px) 100vw, 400px\" \/><\/div><\/figure>  <\/a><\/div><div class=\"grve-carousel-item\">  <a href=\"https:\/\/test.weyer-gruppe.com\/wp-content\/uploads\/2020\/02\/referenzen-vdi-weyer-gruppe4-1.jpg\"><figure class=\"grve-image-hover\"><div class=\"grve-media\"><img decoding=\"async\" width=\"400\" height=\"400\" src=\"https:\/\/test.weyer-gruppe.com\/wp-content\/uploads\/2020\/02\/referenzen-vdi-weyer-gruppe4-1.jpg\" class=\"attachment-grve-image-small-square size-grve-image-small-square\" alt=\"LEAG Logo\" srcset=\"https:\/\/test.weyer-gruppe.com\/wp-content\/uploads\/2020\/02\/referenzen-vdi-weyer-gruppe4-1.jpg 400w, https:\/\/test.weyer-gruppe.com\/wp-content\/uploads\/2020\/02\/referenzen-vdi-weyer-gruppe4-1-150x150.jpg 150w, https:\/\/test.weyer-gruppe.com\/wp-content\/uploads\/2020\/02\/referenzen-vdi-weyer-gruppe4-1-300x300.jpg 300w, https:\/\/test.weyer-gruppe.com\/wp-content\/uploads\/2020\/02\/referenzen-vdi-weyer-gruppe4-1-80x80.jpg 80w\" sizes=\"(max-width: 400px) 100vw, 400px\" \/><\/div><\/figure>  <\/a><\/div><\/div><\/div>[\/vc_column][\/vc_row][vc_row bg_type=&#8221;color&#8221; bg_color=&#8221;#0b3c80&#8243; font_color=&#8221;#ffffff&#8221;][vc_column css=&#8221;.vc_custom_1563974199119{padding-top: 25px !important;padding-bottom: 25px !important;padding-left: 25px !important;}&#8221;]<div class=\"grve-element grve-hr grve-space-divider\" style=\"\"><\/div><div class=\"grve-element grve-image-text\" style=\"\">  <div class=\"grve-content grve-align-right\">    <h6>weyer spezial: System zarz\u0105dzania dla instalacji przemys\u0142owych (VFI)<\/h6>  <p>Operatorzy zak\u0142ad\u00f3w s\u0105 zobowi\u0105zani do wdro\u017cenia wszystkich warunk\u00f3w pozwolenia oraz do sta\u0142ego dost\u0119pu do wszystkich dokument\u00f3w pozwolenia, np. w ramach kontroli \u015brodowiskowych. Jednak\u017ce, szczeg\u00f3lnie w przypadku wi\u0119kszych i starszych zak\u0142ad\u00f3w, niezb\u0119dne dokumenty, takie jak powiadomienia o pozwoleniach i zwi\u0105zane z nimi wnioski o pozwolenia, s\u0105 cz\u0119sto przechowywane w spos\u00f3b zdecentralizowany i niesp\u00f3jny. Wiarygodny przegl\u0105d, kt\u00f3re przepisy pomocnicze zosta\u0142y wdro\u017cone i kt\u00f3re kontrole nale\u017cy przeprowadzi\u0107 w odniesieniu do kt\u00f3rej cz\u0119\u015bci zak\u0142adu, kiedy i przez kogo brakuje&#8230;<\/p>    <a href=\"https:\/\/test.weyer-gruppe.com\/wp-content\/uploads\/2019\/07\/weyer-spezial-vfi-0718.pdf\" target=\"_self\" class=\"grve-read-more \">Pobierz weyer spezial tutaj<\/a>  <\/div><div class=\"grve-image\"><img decoding=\"async\" width=\"250\" height=\"354\" src=\"https:\/\/test.weyer-gruppe.com\/wp-content\/uploads\/2019\/07\/weyer-spezial-weyer-gruppe-vfi-verwaltungssystem-industrieanlagen.jpg\" class=\"attachment-full size-full\" alt=\"weyer spezial zum Thema VFI\" srcset=\"\" \/><\/div><\/div><div class=\"grve-element grve-hr grve-space-divider\" style=\"\"><\/div>[\/vc_column][\/vc_row][vc_row][vc_column]<div class=\"grve-element grve-hr grve-space-divider\" style=\"\"><\/div><h3 class=\"grve-element grve-align-left grve-title-no-line grve-h3\" style=\"\"><span>Nasz zesp\u00f3\u0142<\/span><\/h3>[\/vc_column][\/vc_row][vc_row][vc_column width=&#8221;1\/4&#8243; tablet_sm_width=&#8221;1-2&#8243;]\r\n\t\t<div class=\"grve-team grve-element\" style=\"\">\r\n\t\t\t<figure class=\"grve-image-hover grve-style-1 grve-zoom-in\">\r\n\t\t\t\t<div class=\"grve-team-person grve-media grve-dark-overlay grve-opacity-60\">\r\n\t\t\t\t\t<img decoding=\"async\" width=\"300\" height=\"299\" src=\"https:\/\/test.weyer-gruppe.com\/wp-content\/uploads\/2023\/03\/Plenz_2021.jpg\" class=\"attachment-grve-image-small-square size-grve-image-small-square\" alt=\"Michael_Plenz\" srcset=\"https:\/\/test.weyer-gruppe.com\/wp-content\/uploads\/2023\/03\/Plenz_2021.jpg 300w, https:\/\/test.weyer-gruppe.com\/wp-content\/uploads\/2023\/03\/Plenz_2021-150x150.jpg 150w, https:\/\/test.weyer-gruppe.com\/wp-content\/uploads\/2023\/03\/Plenz_2021-80x80.jpg 80w\" sizes=\"(max-width: 300px) 100vw, 300px\" \/>\t\t\t\t<\/div>\r\n\t\t\t\t<figcaption>\r\n\t\t\t\t\t<div class=\"grve-team-description\">\r\n\t\t\t\t\t\t\t\t\t\t\t\t<h4 class=\"grve-team-name grve-dark grve-h4\">Michael Plenz<\/h4>\r\n\t\t\t\t\t\t\t\t\t\t\t\t<small class=\"grve-team-identity grve-dark\">PROBIOTEC<\/small>\r\n\t\t\t\t\t<\/div>\r\n\t\t\t\t\t\t\t\t\t\t<div class=\"grve-team-social grve-team-social-text grve-dark\">\r\n\t\t\t\t\t\t<ul>\r\n\t\t\t\t\t\t\t<li><a href=\"mailto:&#109;.pl&#101;&#110;&#122;&#64;weye&#114;-g&#114;upp&#101;.com\">E-mail<\/a><\/li>\t\t\t\t\t\t<\/ul>\r\n\t\t\t\t\t<\/div>\r\n\t\t\t\t\t\t\t\t\t<\/figcaption>\r\n\t\t\t<\/figure>\r\n\t\t<\/div>\r\n\r\n\t\t[\/vc_column][\/vc_row][vc_row][vc_column]<div class=\"grve-element grve-hr grve-space-divider\" style=\"\"><\/div>[\/vc_column][\/vc_row]\n","protected":false},"excerpt":{"rendered":"<p>[vc_row][vc_column][vc_column_text]\u201eSystem zarz\u0105dzania dla instalacji przemys\u0142owych (VFI)\u201d jest aplikacj\u0105 bazy danych, kt\u00f3ra zapewnia przejrzyste rejestrowanie, zarz\u0105dzanie i dokumentowanie wszystkich pozwole\u0144, przepis\u00f3w pomocniczych i termin\u00f3w dla Pa\u0144stwa instalacji. Oprogramowanie internetowe mo\u017ce by\u0107 [&hellip;]<\/p>\n","protected":false},"author":3,"featured_media":0,"parent":23842,"menu_order":0,"comment_status":"closed","ping_status":"closed","template":"","meta":{"footnotes":""},"class_list":["post-23391","page","type-page","status-publish","hentry"],"yoast_head":"<!-- This site is optimized with the Yoast SEO Premium plugin v21.6 (Yoast SEO v26.8) - https:\/\/yoast.com\/product\/yoast-seo-premium-wordpress\/ -->\n<title>System zarz\u0105dzania dla instalacji przemys\u0142owych (VFI) - weyer gruppe [test]<\/title>\n<meta name=\"description\" content=\"VFI to system zarz\u0105dzania dla instalacji przemys\u0142owych. Dzi\u0119ki niemu b\u0119d\u0105 Pa\u0144stwo pami\u0119ta\u0107 o terminach kontroli i wprowadza\u0107 odpowiedzialnych pracownik\u00f3w.\" \/>\n<meta name=\"robots\" content=\"noindex, follow, max-snippet:-1, max-image-preview:large, max-video-preview:-1\" \/>\n<meta property=\"og:locale\" content=\"pl_PL\" \/>\n<meta property=\"og:type\" content=\"article\" \/>\n<meta property=\"og:title\" content=\"System zarz\u0105dzania dla instalacji przemys\u0142owych (VFI)\" \/>\n<meta property=\"og:description\" content=\"VFI to system zarz\u0105dzania dla instalacji przemys\u0142owych. Dzi\u0119ki niemu b\u0119d\u0105 Pa\u0144stwo pami\u0119ta\u0107 o terminach kontroli i wprowadza\u0107 odpowiedzialnych pracownik\u00f3w.\" \/>\n<meta property=\"og:url\" content=\"https:\/\/test.weyer-gruppe.com\/pl\/operatorzy-instalacji-i-inwestorzy\/system-zarzadzania-dla-instalacji-przemyslowych-vfi\/\" \/>\n<meta property=\"og:site_name\" content=\"weyer gruppe [test]\" \/>\n<meta property=\"article:publisher\" content=\"https:\/\/www.facebook.com\/weyergruppe\" \/>\n<meta property=\"article:modified_time\" content=\"2023-03-14T08:49:09+00:00\" \/>\n<meta name=\"twitter:card\" content=\"summary_large_image\" \/>\n<meta name=\"twitter:label1\" content=\"Szacowany czas czytania\" \/>\n\t<meta name=\"twitter:data1\" content=\"3 minuty\" \/>\n<script type=\"application\/ld+json\" class=\"yoast-schema-graph\">{\"@context\":\"https:\/\/schema.org\",\"@graph\":[{\"@type\":\"WebPage\",\"@id\":\"https:\/\/test.weyer-gruppe.com\/pl\/operatorzy-instalacji-i-inwestorzy\/system-zarzadzania-dla-instalacji-przemyslowych-vfi\/\",\"url\":\"https:\/\/test.weyer-gruppe.com\/pl\/operatorzy-instalacji-i-inwestorzy\/system-zarzadzania-dla-instalacji-przemyslowych-vfi\/\",\"name\":\"System zarz\u0105dzania dla instalacji przemys\u0142owych (VFI) - weyer gruppe [test]\",\"isPartOf\":{\"@id\":\"https:\/\/test.weyer-gruppe.com\/pl\/#website\"},\"datePublished\":\"2019-07-29T13:56:28+00:00\",\"dateModified\":\"2023-03-14T08:49:09+00:00\",\"description\":\"VFI to system zarz\u0105dzania dla instalacji przemys\u0142owych. Dzi\u0119ki niemu b\u0119d\u0105 Pa\u0144stwo pami\u0119ta\u0107 o terminach kontroli i wprowadza\u0107 odpowiedzialnych pracownik\u00f3w.\",\"breadcrumb\":{\"@id\":\"https:\/\/test.weyer-gruppe.com\/pl\/operatorzy-instalacji-i-inwestorzy\/system-zarzadzania-dla-instalacji-przemyslowych-vfi\/#breadcrumb\"},\"inLanguage\":\"pl-PL\",\"potentialAction\":[{\"@type\":\"ReadAction\",\"target\":[\"https:\/\/test.weyer-gruppe.com\/pl\/operatorzy-instalacji-i-inwestorzy\/system-zarzadzania-dla-instalacji-przemyslowych-vfi\/\"]}]},{\"@type\":\"BreadcrumbList\",\"@id\":\"https:\/\/test.weyer-gruppe.com\/pl\/operatorzy-instalacji-i-inwestorzy\/system-zarzadzania-dla-instalacji-przemyslowych-vfi\/#breadcrumb\",\"itemListElement\":[{\"@type\":\"ListItem\",\"position\":1,\"name\":\"HOME\",\"item\":\"https:\/\/test.weyer-gruppe.com\/pl\/\"},{\"@type\":\"ListItem\",\"position\":2,\"name\":\"Operatorzy instalacji i inwestorzy\",\"item\":\"https:\/\/test.weyer-gruppe.com\/pl\/operatorzy-instalacji-i-inwestorzy\/\"},{\"@type\":\"ListItem\",\"position\":3,\"name\":\"System zarz\u0105dzania dla instalacji przemys\u0142owych (VFI)\"}]},{\"@type\":\"WebSite\",\"@id\":\"https:\/\/test.weyer-gruppe.com\/pl\/#website\",\"url\":\"https:\/\/test.weyer-gruppe.com\/pl\/\",\"name\":\"weyer gruppe [test]\",\"description\":\"komplett. durchdacht.\",\"publisher\":{\"@id\":\"https:\/\/test.weyer-gruppe.com\/pl\/#organization\"},\"potentialAction\":[{\"@type\":\"SearchAction\",\"target\":{\"@type\":\"EntryPoint\",\"urlTemplate\":\"https:\/\/test.weyer-gruppe.com\/pl\/?s={search_term_string}\"},\"query-input\":{\"@type\":\"PropertyValueSpecification\",\"valueRequired\":true,\"valueName\":\"search_term_string\"}}],\"inLanguage\":\"pl-PL\"},{\"@type\":\"Organization\",\"@id\":\"https:\/\/test.weyer-gruppe.com\/pl\/#organization\",\"name\":\"weyer gruppe\",\"url\":\"https:\/\/test.weyer-gruppe.com\/pl\/\",\"logo\":{\"@type\":\"ImageObject\",\"inLanguage\":\"pl-PL\",\"@id\":\"https:\/\/test.weyer-gruppe.com\/pl\/#\/schema\/logo\/image\/\",\"url\":\"https:\/\/test.weyer-gruppe.com\/wp-content\/uploads\/2019\/07\/logo-weyer-gruppe-de.png\",\"contentUrl\":\"https:\/\/test.weyer-gruppe.com\/wp-content\/uploads\/2019\/07\/logo-weyer-gruppe-de.png\",\"width\":532,\"height\":513,\"caption\":\"weyer gruppe\"},\"image\":{\"@id\":\"https:\/\/test.weyer-gruppe.com\/pl\/#\/schema\/logo\/image\/\"},\"sameAs\":[\"https:\/\/www.facebook.com\/weyergruppe\",\"https:\/\/de.linkedin.com\/company\/weyer-gruppe\",\"https:\/\/www.youtube.com\/channel\/UCmZItECuW56Ih_p501_Bq8A\"]}]}<\/script>\n<!-- \/ Yoast SEO Premium plugin. -->","yoast_head_json":{"title":"System zarz\u0105dzania dla instalacji przemys\u0142owych (VFI) - weyer gruppe [test]","description":"VFI to system zarz\u0105dzania dla instalacji przemys\u0142owych. Dzi\u0119ki niemu b\u0119d\u0105 Pa\u0144stwo pami\u0119ta\u0107 o terminach kontroli i wprowadza\u0107 odpowiedzialnych pracownik\u00f3w.","robots":{"index":"noindex","follow":"follow","max-snippet":"max-snippet:-1","max-image-preview":"max-image-preview:large","max-video-preview":"max-video-preview:-1"},"og_locale":"pl_PL","og_type":"article","og_title":"System zarz\u0105dzania dla instalacji przemys\u0142owych (VFI)","og_description":"VFI to system zarz\u0105dzania dla instalacji przemys\u0142owych. Dzi\u0119ki niemu b\u0119d\u0105 Pa\u0144stwo pami\u0119ta\u0107 o terminach kontroli i wprowadza\u0107 odpowiedzialnych pracownik\u00f3w.","og_url":"https:\/\/test.weyer-gruppe.com\/pl\/operatorzy-instalacji-i-inwestorzy\/system-zarzadzania-dla-instalacji-przemyslowych-vfi\/","og_site_name":"weyer gruppe [test]","article_publisher":"https:\/\/www.facebook.com\/weyergruppe","article_modified_time":"2023-03-14T08:49:09+00:00","twitter_card":"summary_large_image","twitter_misc":{"Szacowany czas czytania":"3 minuty"},"schema":{"@context":"https:\/\/schema.org","@graph":[{"@type":"WebPage","@id":"https:\/\/test.weyer-gruppe.com\/pl\/operatorzy-instalacji-i-inwestorzy\/system-zarzadzania-dla-instalacji-przemyslowych-vfi\/","url":"https:\/\/test.weyer-gruppe.com\/pl\/operatorzy-instalacji-i-inwestorzy\/system-zarzadzania-dla-instalacji-przemyslowych-vfi\/","name":"System zarz\u0105dzania dla instalacji przemys\u0142owych (VFI) - weyer gruppe [test]","isPartOf":{"@id":"https:\/\/test.weyer-gruppe.com\/pl\/#website"},"datePublished":"2019-07-29T13:56:28+00:00","dateModified":"2023-03-14T08:49:09+00:00","description":"VFI to system zarz\u0105dzania dla instalacji przemys\u0142owych. Dzi\u0119ki niemu b\u0119d\u0105 Pa\u0144stwo pami\u0119ta\u0107 o terminach kontroli i wprowadza\u0107 odpowiedzialnych pracownik\u00f3w.","breadcrumb":{"@id":"https:\/\/test.weyer-gruppe.com\/pl\/operatorzy-instalacji-i-inwestorzy\/system-zarzadzania-dla-instalacji-przemyslowych-vfi\/#breadcrumb"},"inLanguage":"pl-PL","potentialAction":[{"@type":"ReadAction","target":["https:\/\/test.weyer-gruppe.com\/pl\/operatorzy-instalacji-i-inwestorzy\/system-zarzadzania-dla-instalacji-przemyslowych-vfi\/"]}]},{"@type":"BreadcrumbList","@id":"https:\/\/test.weyer-gruppe.com\/pl\/operatorzy-instalacji-i-inwestorzy\/system-zarzadzania-dla-instalacji-przemyslowych-vfi\/#breadcrumb","itemListElement":[{"@type":"ListItem","position":1,"name":"HOME","item":"https:\/\/test.weyer-gruppe.com\/pl\/"},{"@type":"ListItem","position":2,"name":"Operatorzy instalacji i inwestorzy","item":"https:\/\/test.weyer-gruppe.com\/pl\/operatorzy-instalacji-i-inwestorzy\/"},{"@type":"ListItem","position":3,"name":"System zarz\u0105dzania dla instalacji przemys\u0142owych (VFI)"}]},{"@type":"WebSite","@id":"https:\/\/test.weyer-gruppe.com\/pl\/#website","url":"https:\/\/test.weyer-gruppe.com\/pl\/","name":"weyer gruppe [test]","description":"komplett. durchdacht.","publisher":{"@id":"https:\/\/test.weyer-gruppe.com\/pl\/#organization"},"potentialAction":[{"@type":"SearchAction","target":{"@type":"EntryPoint","urlTemplate":"https:\/\/test.weyer-gruppe.com\/pl\/?s={search_term_string}"},"query-input":{"@type":"PropertyValueSpecification","valueRequired":true,"valueName":"search_term_string"}}],"inLanguage":"pl-PL"},{"@type":"Organization","@id":"https:\/\/test.weyer-gruppe.com\/pl\/#organization","name":"weyer gruppe","url":"https:\/\/test.weyer-gruppe.com\/pl\/","logo":{"@type":"ImageObject","inLanguage":"pl-PL","@id":"https:\/\/test.weyer-gruppe.com\/pl\/#\/schema\/logo\/image\/","url":"https:\/\/test.weyer-gruppe.com\/wp-content\/uploads\/2019\/07\/logo-weyer-gruppe-de.png","contentUrl":"https:\/\/test.weyer-gruppe.com\/wp-content\/uploads\/2019\/07\/logo-weyer-gruppe-de.png","width":532,"height":513,"caption":"weyer gruppe"},"image":{"@id":"https:\/\/test.weyer-gruppe.com\/pl\/#\/schema\/logo\/image\/"},"sameAs":["https:\/\/www.facebook.com\/weyergruppe","https:\/\/de.linkedin.com\/company\/weyer-gruppe","https:\/\/www.youtube.com\/channel\/UCmZItECuW56Ih_p501_Bq8A"]}]}},"_links":{"self":[{"href":"https:\/\/test.weyer-gruppe.com\/pl\/wp-json\/wp\/v2\/pages\/23391","targetHints":{"allow":["GET"]}}],"collection":[{"href":"https:\/\/test.weyer-gruppe.com\/pl\/wp-json\/wp\/v2\/pages"}],"about":[{"href":"https:\/\/test.weyer-gruppe.com\/pl\/wp-json\/wp\/v2\/types\/page"}],"author":[{"embeddable":true,"href":"https:\/\/test.weyer-gruppe.com\/pl\/wp-json\/wp\/v2\/users\/3"}],"replies":[{"embeddable":true,"href":"https:\/\/test.weyer-gruppe.com\/pl\/wp-json\/wp\/v2\/comments?post=23391"}],"version-history":[{"count":2,"href":"https:\/\/test.weyer-gruppe.com\/pl\/wp-json\/wp\/v2\/pages\/23391\/revisions"}],"predecessor-version":[{"id":45370,"href":"https:\/\/test.weyer-gruppe.com\/pl\/wp-json\/wp\/v2\/pages\/23391\/revisions\/45370"}],"up":[{"embeddable":true,"href":"https:\/\/test.weyer-gruppe.com\/pl\/wp-json\/wp\/v2\/pages\/23842"}],"wp:attachment":[{"href":"https:\/\/test.weyer-gruppe.com\/pl\/wp-json\/wp\/v2\/media?parent=23391"}],"curies":[{"name":"wp","href":"https:\/\/api.w.org\/{rel}","templated":true}]}}