{"id":23250,"date":"2019-09-05T09:32:55","date_gmt":"2019-09-05T07:32:55","guid":{"rendered":"https:\/\/test.weyer-gruppe.com\/cyberbezpieczenstwo-w-bezpieczenstwie-instalacji-2\/"},"modified":"2020-04-09T17:16:03","modified_gmt":"2020-04-09T15:16:03","slug":"cyberbezpieczenstwo-w-bezpieczenstwie-instalacji-2","status":"publish","type":"page","link":"https:\/\/test.weyer-gruppe.com\/pl\/projektanci-i-producenci-instalacji\/cyberbezpieczenstwo-w-bezpieczenstwie-instalacji-2\/","title":{"rendered":"Cyberbezpiecze\u0144stwo w bezpiecze\u0144stwie instalacji"},"content":{"rendered":"[vc_row][vc_column]<h2 class=\"grve-element grve-align-left grve-title-no-line grve-h2\" style=\"\"><span>Nowe zagro\u017cenia w uzupe\u0142nieniu do wymog\u00f3w bezpiecze\u0144stwa funkcjonalnego<\/span><\/h2>[vc_column_text]Informatyka i \u0142\u0105czenie ze sob\u0105 najbardziej zr\u00f3\u017cnicowanych system\u00f3w \u2013 Internetu rzeczy \u2013 jest jednym z centralnych temat\u00f3w naszych czas\u00f3w \u2013 nie tylko z punktu widzenia programisty, ale tak\u017ce pod wzgl\u0119dem bezpiecze\u0144stwa informatycznego i ochrony danych w dziedzinie bezpiecze\u0144stwa instalacji. Jednak\u017ce opr\u00f3cz wielu pozytywnych skutk\u00f3w nowych osi\u0105gni\u0119\u0107 w zakresie cyfryzacji, coraz wyra\u017aniej wida\u0107 r\u00f3wnie\u017c negatywne zmiany. Ataki haker\u00f3w na systemy sieciowe zdarzaj\u0105 si\u0119 wielokrotnie, dlatego ustawodawca w\u0142\u0105czy\u0142 bezpiecze\u0144stwo cybernetyczne do niekt\u00f3rych ustaw dotycz\u0105cych operator\u00f3w i producent\u00f3w.<\/p>\n<p>Na podstawie wieloletniego do\u015bwiadczenia grupy weyer w zakresie in\u017cynierii procesowej i bezpiecze\u0144stwa funkcjonalnego, jak r\u00f3wnie\u017c dzi\u0119ki wszechstronnej wiedzy bran\u017cowej mgr. in\u017c. Thomasa K\u00e4fera (zaprzysi\u0119\u017conego eksperta ds. system\u00f3w i aplikacji przetwarzania informacji) oferujemy Pa\u0144stwu interdyscyplinarny zesp\u00f3\u0142 stanowi\u0105cy wsparcie w zakresie bezpiecze\u0144stwa IT system\u00f3w.<\/p>\n<h2>Us\u0142ugi zwi\u0105zane z cyberbezpiecze\u0144stwem<\/h2>\n<ul class=\"arrow-gray\">\n<li>Inspekcja instalacji<\/li>\n<li>Kontrola dokument\u00f3w i rejestr\u00f3w<\/li>\n<li>Tworzenie mapy systemowej<\/li>\n<li>Przygotowanie analizy ryzyka<\/li>\n<li>Opracowanie zalece\u0144 dotycz\u0105cych dzia\u0142a\u0144<\/li>\n<li>Doradztwo i wsparcie podczas wdra\u017cania \u015brodk\u00f3w<\/li>\n<li>Szkolenia dla pracownik\u00f3w<\/li>\n<\/ul>\n<h3>Podstaw\u0105 prawn\u0105 analizy jest:<\/h3>\n<ul class=\"arrow-gray\">\n<li><a href=\"http:\/\/www.gesetze-im-internet.de\/bsig_2009\/\" target=\"_blank\" rel=\"noopener noreferrer\">ustawa o bezpiecze\u0144stwie informatycznym<\/a><\/li>\n<li><a href=\"https:\/\/www.kas-bmu.de\/nachricht\/kas-51.html\" target=\"_blank\" rel=\"noopener noreferrer\">KAS-51<\/a>: Wytyczne Komisji ds. Bezpiecze\u0144stwa Ro\u015blin dotycz\u0105ce ochrony przed atakami cyberfizycznymi<\/li>\n<li>dwunaste rozporz\u0105dzenie w sprawie wykonania federalnej ustawy o kontroli imisji <a href=\"https:\/\/www.gesetze-im-internet.de\/bimschv_12_2000\/\" target=\"_blank\" rel=\"noopener noreferrer\">(St\u00f6rfall-Verordnung \u2013 12. BImSchV)<\/a><\/li>\n<\/ul>\n<p>Dalsze us\u0142ugi grupy weyer dotycz\u0105ce rozporz\u0105dzenia w sprawie ochrony przed awariami znajduj\u0105 si\u0119 <a href=\"https:\/\/test.weyer-gruppe.com\/pl\/projektanci-i-producenci-instalacji\/rozporzadzenie-w-sprawie-ochrony-przed-awariami-dyrektywa-seveso-iii-2\/\" target=\"_blank\" rel=\"noopener noreferrer\">tutaj<\/a>.[\/vc_column_text][\/vc_column][\/vc_row][vc_row][vc_column]<div class=\"grve-element grve-hr grve-space-divider\" style=\"\"><\/div><h3 class=\"grve-element grve-align-left grve-title-no-line grve-h3\" style=\"\"><span>Nasz zesp\u00f3\u0142<\/span><\/h3>[\/vc_column][\/vc_row][vc_row][vc_column width=&#8221;1\/4&#8243; tablet_width=&#8221;1-4&#8243; tablet_sm_width=&#8221;1-2&#8243;]\r\n\t\t<div class=\"grve-team grve-element\" style=\"\">\r\n\t\t\t<figure class=\"grve-image-hover grve-style-1 grve-zoom-in\">\r\n\t\t\t\t<div class=\"grve-team-person grve-media grve-dark-overlay grve-opacity-60\">\r\n\t\t\t\t\t<img decoding=\"async\" width=\"300\" height=\"300\" src=\"https:\/\/test.weyer-gruppe.com\/wp-content\/uploads\/2019\/07\/manfred-schulte-horst-weyer-und-partner.jpg\" class=\"attachment-grve-image-small-square size-grve-image-small-square\" alt=\"Foto von Manfred Schulte der horst weyer und partner gmbh\" srcset=\"https:\/\/test.weyer-gruppe.com\/wp-content\/uploads\/2019\/07\/manfred-schulte-horst-weyer-und-partner.jpg 300w, https:\/\/test.weyer-gruppe.com\/wp-content\/uploads\/2019\/07\/manfred-schulte-horst-weyer-und-partner-150x150.jpg 150w, https:\/\/test.weyer-gruppe.com\/wp-content\/uploads\/2019\/07\/manfred-schulte-horst-weyer-und-partner-80x80.jpg 80w\" sizes=\"(max-width: 300px) 100vw, 300px\" \/>\t\t\t\t<\/div>\r\n\t\t\t\t<figcaption>\r\n\t\t\t\t\t<div class=\"grve-team-description\">\r\n\t\t\t\t\t\t\t\t\t\t\t\t<h4 class=\"grve-team-name grve-dark grve-h4\">Manfred Schulte<\/h4>\r\n\t\t\t\t\t\t\t\t\t\t\t\t<small class=\"grve-team-identity grve-dark\">horst weyer und partner<\/small>\r\n\t\t\t\t\t<\/div>\r\n\t\t\t\t\t\t\t\t\t\t<div class=\"grve-team-social grve-team-social-text grve-dark\">\r\n\t\t\t\t\t\t<ul>\r\n\t\t\t\t\t\t\t<li><a href=\"mailto:&#109;&#46;sch&#117;&#108;&#116;&#101;&#64;&#119;e&#121;er-&#103;r&#117;pp&#101;.&#99;om\">E-mail<\/a><\/li>\t\t\t\t\t\t<\/ul>\r\n\t\t\t\t\t<\/div>\r\n\t\t\t\t\t\t\t\t\t<\/figcaption>\r\n\t\t\t<\/figure>\r\n\t\t<\/div>\r\n\r\n\t\t[\/vc_column][vc_column width=&#8221;1\/4&#8243; tablet_width=&#8221;1-4&#8243; tablet_sm_width=&#8221;1-2&#8243;]\r\n\t\t<div class=\"grve-team grve-element\" style=\"\">\r\n\t\t\t<figure class=\"grve-image-hover grve-style-1 grve-zoom-in\">\r\n\t\t\t\t<div class=\"grve-team-person grve-media grve-dark-overlay grve-opacity-60\">\r\n\t\t\t\t\t<img decoding=\"async\" width=\"300\" height=\"300\" src=\"https:\/\/test.weyer-gruppe.com\/wp-content\/uploads\/2019\/08\/kaefer-live-thomas-kaefer.jpg\" class=\"attachment-grve-image-small-square size-grve-image-small-square\" alt=\"Foto von Dipl.-Ing. Thomas K\u00e4fer, M. Sc.\" srcset=\"https:\/\/test.weyer-gruppe.com\/wp-content\/uploads\/2019\/08\/kaefer-live-thomas-kaefer.jpg 300w, https:\/\/test.weyer-gruppe.com\/wp-content\/uploads\/2019\/08\/kaefer-live-thomas-kaefer-150x150.jpg 150w, https:\/\/test.weyer-gruppe.com\/wp-content\/uploads\/2019\/08\/kaefer-live-thomas-kaefer-80x80.jpg 80w\" sizes=\"(max-width: 300px) 100vw, 300px\" \/>\t\t\t\t<\/div>\r\n\t\t\t\t<figcaption>\r\n\t\t\t\t\t<div class=\"grve-team-description\">\r\n\t\t\t\t\t\t\t\t\t\t\t\t<h4 class=\"grve-team-name grve-dark grve-h4\">Thomas K\u00e4fer<\/h4>\r\n\t\t\t\t\t\t\t\t\t\t\t\t<small class=\"grve-team-identity grve-dark\">K\u00e4fer IT Systeme e.K.<\/small>\r\n\t\t\t\t\t<\/div>\r\n\t\t\t\t\t\t\t\t\t\t<div class=\"grve-team-social grve-team-social-text grve-dark\">\r\n\t\t\t\t\t\t<ul>\r\n\t\t\t\t\t\t\t<li><a href=\"mailto:&#107;&#97;efer&#64;k&#97;&#101;f&#101;r&#108;iv&#101;&#46;d&#101;\">E-mail<\/a><\/li>\t\t\t\t\t\t<\/ul>\r\n\t\t\t\t\t<\/div>\r\n\t\t\t\t\t\t\t\t\t<\/figcaption>\r\n\t\t\t<\/figure>\r\n\t\t<\/div>\r\n\r\n\t\t[\/vc_column][vc_column width=&#8221;1\/4&#8243; tablet_width=&#8221;1-4&#8243; tablet_sm_width=&#8221;1-2&#8243;][\/vc_column][vc_column width=&#8221;1\/4&#8243;][\/vc_column][\/vc_row][vc_row][vc_column]<div class=\"grve-element grve-hr grve-space-divider\" style=\"\"><\/div>[\/vc_column][\/vc_row]\n","protected":false},"excerpt":{"rendered":"<p>[vc_row][vc_column][vc_column_text]Informatyka i \u0142\u0105czenie ze sob\u0105 najbardziej zr\u00f3\u017cnicowanych system\u00f3w \u2013 Internetu rzeczy \u2013 jest jednym z centralnych temat\u00f3w naszych czas\u00f3w \u2013 nie tylko z punktu widzenia programisty, ale tak\u017ce pod wzgl\u0119dem [&hellip;]<\/p>\n","protected":false},"author":3,"featured_media":0,"parent":23877,"menu_order":0,"comment_status":"closed","ping_status":"closed","template":"","meta":{"footnotes":""},"class_list":["post-23250","page","type-page","status-publish","hentry"],"yoast_head":"<!-- This site is optimized with the Yoast SEO Premium plugin v21.6 (Yoast SEO v26.8) - https:\/\/yoast.com\/product\/yoast-seo-premium-wordpress\/ -->\n<title>Cyberbezpiecze\u0144stwo w bezpiecze\u0144stwie instalacji - weyer gruppe [test]<\/title>\n<meta name=\"description\" content=\"Cyberbezpiecze\u0144stwo jest jednym z najnowszych temat\u00f3w w dziedzinie bezpiecze\u0144stwa instalacji. Wspieramy Pa\u0144stwa w zakresie wdra\u017cania przepis\u00f3w prawnych poprzez doradztwo i seminaria.\" \/>\n<meta name=\"robots\" content=\"noindex, nofollow\" \/>\n<meta property=\"og:locale\" content=\"pl_PL\" \/>\n<meta property=\"og:type\" content=\"article\" \/>\n<meta property=\"og:title\" content=\"Cyberbezpiecze\u0144stwo w bezpiecze\u0144stwie instalacji\" \/>\n<meta property=\"og:description\" content=\"Cyberbezpiecze\u0144stwo jest jednym z najnowszych temat\u00f3w w dziedzinie bezpiecze\u0144stwa instalacji. Wspieramy Pa\u0144stwa w zakresie wdra\u017cania przepis\u00f3w prawnych poprzez doradztwo i seminaria.\" \/>\n<meta property=\"og:url\" content=\"https:\/\/test.weyer-gruppe.com\/pl\/projektanci-i-producenci-instalacji\/cyberbezpieczenstwo-w-bezpieczenstwie-instalacji-2\/\" \/>\n<meta property=\"og:site_name\" content=\"weyer gruppe [test]\" \/>\n<meta property=\"article:publisher\" content=\"https:\/\/www.facebook.com\/weyergruppe\" \/>\n<meta property=\"article:modified_time\" content=\"2020-04-09T15:16:03+00:00\" \/>\n<meta name=\"twitter:card\" content=\"summary_large_image\" \/>\n<meta name=\"twitter:label1\" content=\"Szacowany czas czytania\" \/>\n\t<meta name=\"twitter:data1\" content=\"2 minuty\" \/>\n<script type=\"application\/ld+json\" class=\"yoast-schema-graph\">{\"@context\":\"https:\/\/schema.org\",\"@graph\":[{\"@type\":\"WebPage\",\"@id\":\"https:\/\/test.weyer-gruppe.com\/pl\/projektanci-i-producenci-instalacji\/cyberbezpieczenstwo-w-bezpieczenstwie-instalacji-2\/\",\"url\":\"https:\/\/test.weyer-gruppe.com\/pl\/projektanci-i-producenci-instalacji\/cyberbezpieczenstwo-w-bezpieczenstwie-instalacji-2\/\",\"name\":\"Cyberbezpiecze\u0144stwo w bezpiecze\u0144stwie instalacji - weyer gruppe [test]\",\"isPartOf\":{\"@id\":\"https:\/\/test.weyer-gruppe.com\/pl\/#website\"},\"datePublished\":\"2019-09-05T07:32:55+00:00\",\"dateModified\":\"2020-04-09T15:16:03+00:00\",\"description\":\"Cyberbezpiecze\u0144stwo jest jednym z najnowszych temat\u00f3w w dziedzinie bezpiecze\u0144stwa instalacji. Wspieramy Pa\u0144stwa w zakresie wdra\u017cania przepis\u00f3w prawnych poprzez doradztwo i seminaria.\",\"breadcrumb\":{\"@id\":\"https:\/\/test.weyer-gruppe.com\/pl\/projektanci-i-producenci-instalacji\/cyberbezpieczenstwo-w-bezpieczenstwie-instalacji-2\/#breadcrumb\"},\"inLanguage\":\"pl-PL\",\"potentialAction\":[{\"@type\":\"ReadAction\",\"target\":[\"https:\/\/test.weyer-gruppe.com\/pl\/projektanci-i-producenci-instalacji\/cyberbezpieczenstwo-w-bezpieczenstwie-instalacji-2\/\"]}]},{\"@type\":\"BreadcrumbList\",\"@id\":\"https:\/\/test.weyer-gruppe.com\/pl\/projektanci-i-producenci-instalacji\/cyberbezpieczenstwo-w-bezpieczenstwie-instalacji-2\/#breadcrumb\",\"itemListElement\":[{\"@type\":\"ListItem\",\"position\":1,\"name\":\"HOME\",\"item\":\"https:\/\/test.weyer-gruppe.com\/pl\/\"},{\"@type\":\"ListItem\",\"position\":2,\"name\":\"Projektanci i producenci instalacji\",\"item\":\"https:\/\/test.weyer-gruppe.com\/pl\/projektanci-i-producenci-instalacji\/\"},{\"@type\":\"ListItem\",\"position\":3,\"name\":\"Cyberbezpiecze\u0144stwo w bezpiecze\u0144stwie instalacji\"}]},{\"@type\":\"WebSite\",\"@id\":\"https:\/\/test.weyer-gruppe.com\/pl\/#website\",\"url\":\"https:\/\/test.weyer-gruppe.com\/pl\/\",\"name\":\"weyer gruppe [test]\",\"description\":\"komplett. durchdacht.\",\"publisher\":{\"@id\":\"https:\/\/test.weyer-gruppe.com\/pl\/#organization\"},\"potentialAction\":[{\"@type\":\"SearchAction\",\"target\":{\"@type\":\"EntryPoint\",\"urlTemplate\":\"https:\/\/test.weyer-gruppe.com\/pl\/?s={search_term_string}\"},\"query-input\":{\"@type\":\"PropertyValueSpecification\",\"valueRequired\":true,\"valueName\":\"search_term_string\"}}],\"inLanguage\":\"pl-PL\"},{\"@type\":\"Organization\",\"@id\":\"https:\/\/test.weyer-gruppe.com\/pl\/#organization\",\"name\":\"weyer gruppe\",\"url\":\"https:\/\/test.weyer-gruppe.com\/pl\/\",\"logo\":{\"@type\":\"ImageObject\",\"inLanguage\":\"pl-PL\",\"@id\":\"https:\/\/test.weyer-gruppe.com\/pl\/#\/schema\/logo\/image\/\",\"url\":\"https:\/\/test.weyer-gruppe.com\/wp-content\/uploads\/2019\/07\/logo-weyer-gruppe-de.png\",\"contentUrl\":\"https:\/\/test.weyer-gruppe.com\/wp-content\/uploads\/2019\/07\/logo-weyer-gruppe-de.png\",\"width\":532,\"height\":513,\"caption\":\"weyer gruppe\"},\"image\":{\"@id\":\"https:\/\/test.weyer-gruppe.com\/pl\/#\/schema\/logo\/image\/\"},\"sameAs\":[\"https:\/\/www.facebook.com\/weyergruppe\",\"https:\/\/de.linkedin.com\/company\/weyer-gruppe\",\"https:\/\/www.youtube.com\/channel\/UCmZItECuW56Ih_p501_Bq8A\"]}]}<\/script>\n<!-- \/ Yoast SEO Premium plugin. -->","yoast_head_json":{"title":"Cyberbezpiecze\u0144stwo w bezpiecze\u0144stwie instalacji - weyer gruppe [test]","description":"Cyberbezpiecze\u0144stwo jest jednym z najnowszych temat\u00f3w w dziedzinie bezpiecze\u0144stwa instalacji. Wspieramy Pa\u0144stwa w zakresie wdra\u017cania przepis\u00f3w prawnych poprzez doradztwo i seminaria.","robots":{"index":"noindex","follow":"nofollow"},"og_locale":"pl_PL","og_type":"article","og_title":"Cyberbezpiecze\u0144stwo w bezpiecze\u0144stwie instalacji","og_description":"Cyberbezpiecze\u0144stwo jest jednym z najnowszych temat\u00f3w w dziedzinie bezpiecze\u0144stwa instalacji. Wspieramy Pa\u0144stwa w zakresie wdra\u017cania przepis\u00f3w prawnych poprzez doradztwo i seminaria.","og_url":"https:\/\/test.weyer-gruppe.com\/pl\/projektanci-i-producenci-instalacji\/cyberbezpieczenstwo-w-bezpieczenstwie-instalacji-2\/","og_site_name":"weyer gruppe [test]","article_publisher":"https:\/\/www.facebook.com\/weyergruppe","article_modified_time":"2020-04-09T15:16:03+00:00","twitter_card":"summary_large_image","twitter_misc":{"Szacowany czas czytania":"2 minuty"},"schema":{"@context":"https:\/\/schema.org","@graph":[{"@type":"WebPage","@id":"https:\/\/test.weyer-gruppe.com\/pl\/projektanci-i-producenci-instalacji\/cyberbezpieczenstwo-w-bezpieczenstwie-instalacji-2\/","url":"https:\/\/test.weyer-gruppe.com\/pl\/projektanci-i-producenci-instalacji\/cyberbezpieczenstwo-w-bezpieczenstwie-instalacji-2\/","name":"Cyberbezpiecze\u0144stwo w bezpiecze\u0144stwie instalacji - weyer gruppe [test]","isPartOf":{"@id":"https:\/\/test.weyer-gruppe.com\/pl\/#website"},"datePublished":"2019-09-05T07:32:55+00:00","dateModified":"2020-04-09T15:16:03+00:00","description":"Cyberbezpiecze\u0144stwo jest jednym z najnowszych temat\u00f3w w dziedzinie bezpiecze\u0144stwa instalacji. Wspieramy Pa\u0144stwa w zakresie wdra\u017cania przepis\u00f3w prawnych poprzez doradztwo i seminaria.","breadcrumb":{"@id":"https:\/\/test.weyer-gruppe.com\/pl\/projektanci-i-producenci-instalacji\/cyberbezpieczenstwo-w-bezpieczenstwie-instalacji-2\/#breadcrumb"},"inLanguage":"pl-PL","potentialAction":[{"@type":"ReadAction","target":["https:\/\/test.weyer-gruppe.com\/pl\/projektanci-i-producenci-instalacji\/cyberbezpieczenstwo-w-bezpieczenstwie-instalacji-2\/"]}]},{"@type":"BreadcrumbList","@id":"https:\/\/test.weyer-gruppe.com\/pl\/projektanci-i-producenci-instalacji\/cyberbezpieczenstwo-w-bezpieczenstwie-instalacji-2\/#breadcrumb","itemListElement":[{"@type":"ListItem","position":1,"name":"HOME","item":"https:\/\/test.weyer-gruppe.com\/pl\/"},{"@type":"ListItem","position":2,"name":"Projektanci i producenci instalacji","item":"https:\/\/test.weyer-gruppe.com\/pl\/projektanci-i-producenci-instalacji\/"},{"@type":"ListItem","position":3,"name":"Cyberbezpiecze\u0144stwo w bezpiecze\u0144stwie instalacji"}]},{"@type":"WebSite","@id":"https:\/\/test.weyer-gruppe.com\/pl\/#website","url":"https:\/\/test.weyer-gruppe.com\/pl\/","name":"weyer gruppe [test]","description":"komplett. durchdacht.","publisher":{"@id":"https:\/\/test.weyer-gruppe.com\/pl\/#organization"},"potentialAction":[{"@type":"SearchAction","target":{"@type":"EntryPoint","urlTemplate":"https:\/\/test.weyer-gruppe.com\/pl\/?s={search_term_string}"},"query-input":{"@type":"PropertyValueSpecification","valueRequired":true,"valueName":"search_term_string"}}],"inLanguage":"pl-PL"},{"@type":"Organization","@id":"https:\/\/test.weyer-gruppe.com\/pl\/#organization","name":"weyer gruppe","url":"https:\/\/test.weyer-gruppe.com\/pl\/","logo":{"@type":"ImageObject","inLanguage":"pl-PL","@id":"https:\/\/test.weyer-gruppe.com\/pl\/#\/schema\/logo\/image\/","url":"https:\/\/test.weyer-gruppe.com\/wp-content\/uploads\/2019\/07\/logo-weyer-gruppe-de.png","contentUrl":"https:\/\/test.weyer-gruppe.com\/wp-content\/uploads\/2019\/07\/logo-weyer-gruppe-de.png","width":532,"height":513,"caption":"weyer gruppe"},"image":{"@id":"https:\/\/test.weyer-gruppe.com\/pl\/#\/schema\/logo\/image\/"},"sameAs":["https:\/\/www.facebook.com\/weyergruppe","https:\/\/de.linkedin.com\/company\/weyer-gruppe","https:\/\/www.youtube.com\/channel\/UCmZItECuW56Ih_p501_Bq8A"]}]}},"_links":{"self":[{"href":"https:\/\/test.weyer-gruppe.com\/pl\/wp-json\/wp\/v2\/pages\/23250","targetHints":{"allow":["GET"]}}],"collection":[{"href":"https:\/\/test.weyer-gruppe.com\/pl\/wp-json\/wp\/v2\/pages"}],"about":[{"href":"https:\/\/test.weyer-gruppe.com\/pl\/wp-json\/wp\/v2\/types\/page"}],"author":[{"embeddable":true,"href":"https:\/\/test.weyer-gruppe.com\/pl\/wp-json\/wp\/v2\/users\/3"}],"replies":[{"embeddable":true,"href":"https:\/\/test.weyer-gruppe.com\/pl\/wp-json\/wp\/v2\/comments?post=23250"}],"version-history":[{"count":0,"href":"https:\/\/test.weyer-gruppe.com\/pl\/wp-json\/wp\/v2\/pages\/23250\/revisions"}],"up":[{"embeddable":true,"href":"https:\/\/test.weyer-gruppe.com\/pl\/wp-json\/wp\/v2\/pages\/23877"}],"wp:attachment":[{"href":"https:\/\/test.weyer-gruppe.com\/pl\/wp-json\/wp\/v2\/media?parent=23250"}],"curies":[{"name":"wp","href":"https:\/\/api.w.org\/{rel}","templated":true}]}}